{"id":295,"date":"2025-10-21T03:45:55","date_gmt":"2025-10-21T03:45:55","guid":{"rendered":"https:\/\/nasotic.com\/?page_id=295"},"modified":"2025-10-21T11:40:53","modified_gmt":"2025-10-21T11:40:53","slug":"__trashed","status":"publish","type":"page","link":"https:\/\/nasotic.com\/pt\/__trashed\/","title":{"rendered":"Reciclagem de tintas"},"content":{"rendered":"<section  class='av_textblock_section av-mh00utbf-b4fe3e0ef4080ba5ed6920f498446de5'   itemscope=\"itemscope\" itemtype=\"https:\/\/schema.org\/CreativeWork\" ><div class='avia_textblock'  itemprop=\"text\" ><h3 data-start=\"355\" data-end=\"410\">Inova\u00e7\u00e3o em tintas respons\u00e1veis - al\u00e9m do desempenho<\/h3>\n<p data-start=\"411\" data-end=\"685\">A NASOTIC est\u00e1 comprometida com o avan\u00e7o n\u00e3o apenas dos aditivos especiais de alto desempenho, mas tamb\u00e9m com o futuro da <strong data-start=\"516\" data-end=\"561\">fabrica\u00e7\u00e3o respons\u00e1vel e circular de tintas<\/strong>. Apoiamos ativamente as iniciativas que mant\u00eam as sobras de tinta fora dos aterros sanit\u00e1rios e devolvem valor \u00e0 sociedade e ao meio ambiente.<\/p>\n<\/div><\/section>\n\n<style type=\"text\/css\" data-created_by=\"avia_inline_auto\" id=\"style-css-av-mh00w7os-0c1ed589dd3a2147dd4def7f560e306e\">\n.avia-image-container.av-mh00w7os-0c1ed589dd3a2147dd4def7f560e306e img.avia_image{\nbox-shadow:none;\n}\n.avia-image-container.av-mh00w7os-0c1ed589dd3a2147dd4def7f560e306e .av-image-caption-overlay-center{\ncolor:#ffffff;\n}\n<\/style>\n<div  class='avia-image-container av-mh00w7os-0c1ed589dd3a2147dd4def7f560e306e av-styling- avia-align-center  avia-builder-el-1  el_after_av_textblock  el_before_av_textblock'   itemprop=\"image\" itemscope=\"itemscope\" itemtype=\"https:\/\/schema.org\/ImageObject\" ><div class=\"avia-image-container-inner\"><div class=\"avia-image-overlay-wrap\"><img decoding=\"async\" fetchpriority=\"high\" class='wp-image-296 avia-img-lazy-loading-not-296 avia_image' src=\"https:\/\/nasotic.com\/wp-content\/uploads\/2025\/10\/Overview-1030x686.png\" alt='' title='Vis\u00e3o geral'  height=\"686\" width=\"1030\"  itemprop=\"thumbnailUrl\" srcset=\"https:\/\/nasotic.com\/wp-content\/uploads\/2025\/10\/Overview-1030x686.png 1030w, https:\/\/nasotic.com\/wp-content\/uploads\/2025\/10\/Overview-300x200.png 300w, https:\/\/nasotic.com\/wp-content\/uploads\/2025\/10\/Overview-768x511.png 768w, https:\/\/nasotic.com\/wp-content\/uploads\/2025\/10\/Overview-1536x1022.png 1536w, https:\/\/nasotic.com\/wp-content\/uploads\/2025\/10\/Overview-18x12.png 18w, https:\/\/nasotic.com\/wp-content\/uploads\/2025\/10\/Overview-1500x998.png 1500w, https:\/\/nasotic.com\/wp-content\/uploads\/2025\/10\/Overview-705x469.png 705w, https:\/\/nasotic.com\/wp-content\/uploads\/2025\/10\/Overview.png 1594w\" sizes=\"(max-width: 1030px) 100vw, 1030px\" \/><\/div><\/div><\/div>\n<section  class='av_textblock_section av-mh00xmai-eef13851acdd0eb906e6a0ad04ac99c7'   itemscope=\"itemscope\" itemtype=\"https:\/\/schema.org\/CreativeWork\" ><div class='avia_textblock'  itemprop=\"text\" ><h3 data-start=\"692\" data-end=\"741\">Apoiador orgulhoso da Circular Paint Solutions<\/h3>\n<p data-start=\"742\" data-end=\"1079\">Reconhecemos o trabalho de organiza\u00e7\u00f5es como <strong data-start=\"786\" data-end=\"818\">The Paint Foundation (501c3)<\/strong> que transformam restos de tinta em recursos valiosos, criando <strong data-start=\"885\" data-end=\"963\">materiais de revestimento reciclados, impacto beneficente e redu\u00e7\u00e3o mensur\u00e1vel de CO\u2082<\/strong> em vez de res\u00edduos.<br data-start=\"981\" data-end=\"984\" \/>O NASOTIC est\u00e1 alinhado com esses esfor\u00e7os e busca um impacto colaborativo com parceiros que pensam da mesma forma.<\/p>\n<hr data-start=\"1081\" data-end=\"1084\" \/>\n<h3 data-start=\"1086\" data-end=\"1143\">O descarte se transforma em doa\u00e7\u00e3o. A reciclagem se transforma em valor.<\/h3>\n<p data-start=\"1144\" data-end=\"1359\">O futuro da pintura \u00e9 <strong data-start=\"1167\" data-end=\"1204\">n\u00e3o \u00e9 apenas mais limpo, \u00e9 circular<\/strong>.<br data-start=\"1205\" data-end=\"1208\" \/>A NASOTIC acredita em tecnologias e parcerias que transformam res\u00edduos em novas oportunidades econ\u00f4micas, protegendo os recursos e fortalecendo as comunidades.<\/p>\n<hr data-start=\"1361\" data-end=\"1364\" \/>\n<h3 data-start=\"1366\" data-end=\"1396\">Quer ser nosso parceiro?<\/h3>\n<p data-start=\"1397\" data-end=\"1599\">Se voc\u00ea \u00e9 um <strong data-start=\"1415\" data-end=\"1499\">fabricante, reciclador, funda\u00e7\u00e3o, munic\u00edpio ou marca voltada para a sustentabilidade<\/strong>, NASOTIC d\u00e1 as boas-vindas \u00e0 colabora\u00e7\u00e3o para acelerar a pr\u00f3xima gera\u00e7\u00e3o <strong data-start=\"1562\" data-end=\"1598\">tecnologias de pintura ecoeficientes<\/strong><\/p>\n<\/div><\/section>","protected":false},"excerpt":{"rendered":"","protected":false},"author":1,"featured_media":0,"parent":0,"menu_order":0,"comment_status":"closed","ping_status":"closed","template":"","meta":{"footnotes":""},"class_list":["post-295","page","type-page","status-publish","hentry"],"_links":{"self":[{"href":"https:\/\/nasotic.com\/pt\/wp-json\/wp\/v2\/pages\/295","targetHints":{"allow":["GET"]}}],"collection":[{"href":"https:\/\/nasotic.com\/pt\/wp-json\/wp\/v2\/pages"}],"about":[{"href":"https:\/\/nasotic.com\/pt\/wp-json\/wp\/v2\/types\/page"}],"author":[{"embeddable":true,"href":"https:\/\/nasotic.com\/pt\/wp-json\/wp\/v2\/users\/1"}],"replies":[{"embeddable":true,"href":"https:\/\/nasotic.com\/pt\/wp-json\/wp\/v2\/comments?post=295"}],"version-history":[{"count":6,"href":"https:\/\/nasotic.com\/pt\/wp-json\/wp\/v2\/pages\/295\/revisions"}],"predecessor-version":[{"id":304,"href":"https:\/\/nasotic.com\/pt\/wp-json\/wp\/v2\/pages\/295\/revisions\/304"}],"wp:attachment":[{"href":"https:\/\/nasotic.com\/pt\/wp-json\/wp\/v2\/media?parent=295"}],"curies":[{"name":"wp","href":"https:\/\/api.w.org\/{rel}","templated":true}]}}