{"id":148,"date":"2025-03-06T19:05:57","date_gmt":"2025-03-06T19:05:57","guid":{"rendered":"https:\/\/nasotic.com\/?page_id=148"},"modified":"2025-03-06T19:05:58","modified_gmt":"2025-03-06T19:05:58","slug":"imprint","status":"publish","type":"page","link":"https:\/\/nasotic.com\/pt\/imprint\/","title":{"rendered":"Impress\u00e3o"},"content":{"rendered":"<style type=\"text\/css\" data-created_by=\"avia_inline_auto\" id=\"style-css-av-m7xpuz3x-8926139b5954f0f725346910c8a26731\">\n.avia-image-container.av-m7xpuz3x-8926139b5954f0f725346910c8a26731 img.avia_image{\nbox-shadow:none;\n}\n.avia-image-container.av-m7xpuz3x-8926139b5954f0f725346910c8a26731 .av-image-caption-overlay-center{\ncolor:#ffffff;\n}\n<\/style>\n<div  class='avia-image-container av-m7xpuz3x-8926139b5954f0f725346910c8a26731 av-styling- avia-align-center  avia-builder-el-0  el_before_av_textblock  avia-builder-el-first'   itemprop=\"image\" itemscope=\"itemscope\" itemtype=\"https:\/\/schema.org\/ImageObject\" ><div class=\"avia-image-container-inner\"><div class=\"avia-image-overlay-wrap\"><img decoding=\"async\" fetchpriority=\"high\" class='wp-image-23 avia-img-lazy-loading-not-23 avia_image' src=\"https:\/\/nasotic.com\/wp-content\/uploads\/2025\/02\/cropped-Favicon-NASOTIC-300x300.png\" alt='' title='cropped-Favicon-NASOTIC.png'  height=\"300\" width=\"300\"  itemprop=\"thumbnailUrl\" srcset=\"https:\/\/nasotic.com\/wp-content\/uploads\/2025\/02\/cropped-Favicon-NASOTIC-300x300.png 300w, https:\/\/nasotic.com\/wp-content\/uploads\/2025\/02\/cropped-Favicon-NASOTIC-80x80.png 80w, https:\/\/nasotic.com\/wp-content\/uploads\/2025\/02\/cropped-Favicon-NASOTIC-36x36.png 36w, https:\/\/nasotic.com\/wp-content\/uploads\/2025\/02\/cropped-Favicon-NASOTIC-180x180.png 180w, https:\/\/nasotic.com\/wp-content\/uploads\/2025\/02\/cropped-Favicon-NASOTIC-270x270.png 270w, https:\/\/nasotic.com\/wp-content\/uploads\/2025\/02\/cropped-Favicon-NASOTIC-192x192.png 192w, https:\/\/nasotic.com\/wp-content\/uploads\/2025\/02\/cropped-Favicon-NASOTIC-32x32.png 32w, https:\/\/nasotic.com\/wp-content\/uploads\/2025\/02\/cropped-Favicon-NASOTIC.png 512w\" sizes=\"(max-width: 300px) 100vw, 300px\" \/><\/div><\/div><\/div>\n<section  class='av_textblock_section av-m7xpui6w-a7c5b58fe9278f4e75e6c0869baea041'   itemscope=\"itemscope\" itemtype=\"https:\/\/schema.org\/CreativeWork\" ><div class='avia_textblock'  itemprop=\"text\" ><hr \/>\n<h3><strong>Impress\u00e3o<\/strong><\/h3>\n<p><strong>NASOTIC Inc.<\/strong><br \/>\n800 Celriver Rd.<br \/>\nRock Hill, SC 29730<br \/>\nEUA<\/p>\n<p><strong>Presidente:<\/strong><br \/>\nRalph Jan Woerheide<\/p>\n<p><strong>Informa\u00e7\u00f5es de contato:<\/strong><br \/>\nTelefone: <strong>(803) 448-3423<\/strong><br \/>\nSite: <a href=\"https:\/\/nasotic.com\/pt\/\">www.nasotic.com<\/a><\/p>\n<p><strong>Informa\u00e7\u00f5es sobre a empresa:<\/strong><br \/>\nForma jur\u00eddica: Sociedade an\u00f4nima<br \/>\nRegistrado em: Wyoming, EUA<br \/>\nN\u00famero de registro da empresa: <strong>2025-001596222<\/strong><\/p>\n<p><strong>Respons\u00e1vel pelo conte\u00fado:<\/strong><br \/>\nRalph Jan Woerheide<br \/>\n800 Celriver Rd.<br \/>\nRock Hill, SC 29730<br \/>\nEUA<\/p>\n<h3><strong>Avisos legais<\/strong><\/h3>\n<h4><strong>Responsabilidade pelo conte\u00fado<\/strong><\/h4>\n<p>O conte\u00fado deste site \u00e9 fornecido apenas para fins de informa\u00e7\u00e3o geral. Embora fa\u00e7amos todos os esfor\u00e7os para garantir a precis\u00e3o, a NASOTIC Inc. n\u00e3o assume nenhuma responsabilidade pela integridade, precis\u00e3o ou atualidade das informa\u00e7\u00f5es fornecidas. Reservamo-nos o direito de modificar, atualizar ou excluir conte\u00fado sem aviso pr\u00e9vio.<\/p>\n<h4><strong>Responsabilidade por links<\/strong><\/h4>\n<p>Nosso site pode conter links para sites externos. N\u00e3o temos nenhuma influ\u00eancia sobre o conte\u00fado desses sites e n\u00e3o assumimos nenhuma responsabilidade por seu conte\u00fado. O respectivo provedor ou operador \u00e9 o \u00fanico respons\u00e1vel pelo conte\u00fado das p\u00e1ginas vinculadas.<\/p>\n<h4><strong>Isen\u00e7\u00e3o de responsabilidade sobre o produto<\/strong><\/h4>\n<p>A NASOTIC Inc. fornece produtos qu\u00edmicos destinados ao uso industrial e profissional. As informa\u00e7\u00f5es contidas neste site n\u00e3o substituem a consulta profissional. Os clientes devem garantir a adequa\u00e7\u00e3o dos produtos \u00e0s aplica\u00e7\u00f5es pretendidas e cumprir todos os regulamentos e diretrizes de seguran\u00e7a aplic\u00e1veis. A NASOTIC Inc. n\u00e3o assume nenhuma responsabilidade pelo uso ou manuseio inadequado dos produtos.<\/p>\n<h4><strong>Aviso de direitos autorais<\/strong><\/h4>\n<p>Todo o conte\u00fado, incluindo texto, imagens e gr\u00e1ficos, \u00e9 de propriedade da NASOTIC Inc., a menos que indicado de outra forma. Reprodu\u00e7\u00e3o n\u00e3o autorizada,<\/p>\n<\/div><\/section>","protected":false},"excerpt":{"rendered":"","protected":false},"author":1,"featured_media":0,"parent":0,"menu_order":0,"comment_status":"closed","ping_status":"closed","template":"","meta":{"footnotes":""},"class_list":["post-148","page","type-page","status-publish","hentry"],"_links":{"self":[{"href":"https:\/\/nasotic.com\/pt\/wp-json\/wp\/v2\/pages\/148","targetHints":{"allow":["GET"]}}],"collection":[{"href":"https:\/\/nasotic.com\/pt\/wp-json\/wp\/v2\/pages"}],"about":[{"href":"https:\/\/nasotic.com\/pt\/wp-json\/wp\/v2\/types\/page"}],"author":[{"embeddable":true,"href":"https:\/\/nasotic.com\/pt\/wp-json\/wp\/v2\/users\/1"}],"replies":[{"embeddable":true,"href":"https:\/\/nasotic.com\/pt\/wp-json\/wp\/v2\/comments?post=148"}],"version-history":[{"count":0,"href":"https:\/\/nasotic.com\/pt\/wp-json\/wp\/v2\/pages\/148\/revisions"}],"wp:attachment":[{"href":"https:\/\/nasotic.com\/pt\/wp-json\/wp\/v2\/media?parent=148"}],"curies":[{"name":"wp","href":"https:\/\/api.w.org\/{rel}","templated":true}]}}