{"id":126,"date":"2025-03-05T21:54:41","date_gmt":"2025-03-05T21:54:41","guid":{"rendered":"https:\/\/nasotic.com\/?page_id=126"},"modified":"2025-04-02T19:20:15","modified_gmt":"2025-04-02T19:20:15","slug":"ps-photonox","status":"publish","type":"page","link":"https:\/\/nasotic.com\/pt\/ps-photonox\/","title":{"rendered":"Pigmentos fotocatal\u00edticos PS-PHOTONOX"},"content":{"rendered":"<div  class='flex_column av-hamg6-ddb9be3b176de63deaec0cded66538da av_one_half  avia-builder-el-0  el_before_av_one_half  avia-builder-el-first  first flex_column_div'     ><p>\n<style type=\"text\/css\" data-created_by=\"avia_inline_auto\" id=\"style-css-av-m7wg46ba-0c4fe4355e2fdb45ca7a7b309c253625\">\n.avia-image-container.av-m7wg46ba-0c4fe4355e2fdb45ca7a7b309c253625 img.avia_image{\nbox-shadow:none;\n}\n.avia-image-container.av-m7wg46ba-0c4fe4355e2fdb45ca7a7b309c253625 .av-image-caption-overlay-center{\ncolor:#ffffff;\n}\n<\/style>\n<div  class='avia-image-container av-m7wg46ba-0c4fe4355e2fdb45ca7a7b309c253625 av-styling- avia-align-center  avia-builder-el-1  el_before_av_textblock  avia-builder-el-first'   itemprop=\"image\" itemscope=\"itemscope\" itemtype=\"https:\/\/schema.org\/ImageObject\" ><div class=\"avia-image-container-inner\"><div class=\"avia-image-overlay-wrap\"><img decoding=\"async\" fetchpriority=\"high\" class='wp-image-127 avia-img-lazy-loading-not-127 avia_image' src=\"https:\/\/nasotic.com\/wp-content\/uploads\/2025\/03\/PS-Photonox-300x281.png\" alt='' title='PS-Photonox'  height=\"281\" width=\"300\"  itemprop=\"thumbnailUrl\" srcset=\"https:\/\/nasotic.com\/wp-content\/uploads\/2025\/03\/PS-Photonox-300x281.png 300w, https:\/\/nasotic.com\/wp-content\/uploads\/2025\/03\/PS-Photonox.png 359w\" sizes=\"(max-width: 300px) 100vw, 300px\" \/><\/div><\/div><\/div><br \/>\n<section  class='av_textblock_section av-m7wg4f78-9c840a2d0d2815caccc3ad2baf75daa6'   itemscope=\"itemscope\" itemtype=\"https:\/\/schema.org\/CreativeWork\" ><div class='avia_textblock'  itemprop=\"text\" ><p>PS Photonox para superf\u00edcies limpas e muito mais - com a ajuda de efeitos fotocatal\u00edticos.<\/p>\n<\/div><\/section><\/p><\/div>\n<div  class='flex_column av-ahq3a-3915371c2b21a3f5fa9a3eea6fcf2da6 av_one_half  avia-builder-el-3  el_after_av_one_half  el_before_av_one_full  flex_column_div'     ><section  class='av_textblock_section av-m7wg4wad-47aeb55943c5fa5efc8a25de02267bd3'   itemscope=\"itemscope\" itemtype=\"https:\/\/schema.org\/CreativeWork\" ><div class='avia_textblock'  itemprop=\"text\" ><h3 class=\"\" data-start=\"112\" data-end=\"178\">\u2600\ufe0f <strong data-start=\"119\" data-end=\"178\">PS-Photonox - Pigmento fotocatal\u00edtico para superf\u00edcies limpas<\/strong><\/h3>\n<p class=\"\" data-start=\"180\" data-end=\"498\"><strong data-start=\"180\" data-end=\"195\">PS-Photonox<\/strong> \u00e9 um <strong data-start=\"201\" data-end=\"254\">Di\u00f3xido de tit\u00e2nio fotocataliticamente ativo (TiO\u2082)<\/strong> projetado por <strong data-start=\"269\" data-end=\"293\">Pigmentsolution GmbH<\/strong> para entregar <strong data-start=\"305\" data-end=\"340\">autolimpante e purificador de ar<\/strong> em uma ampla gama de aplica\u00e7\u00f5es de superf\u00edcie. Diferentemente dos pigmentos TiO\u2082 comuns, o PS-Photonox foi projetado especificamente para <strong data-start=\"465\" data-end=\"497\">m\u00e1xima efici\u00eancia catal\u00edtica<\/strong>.<\/p>\n<p>Os campos de aplica\u00e7\u00e3o s\u00e3o variados - entre em contato conosco para saber mais sobre esse produto!<\/p>\n<\/div><\/section><br \/>\n<div  class='avia-button-wrap av-1o57y-6ba6e4ff2b5f63f3ac535cd5639a9bc4-wrap avia-button-center  avia-builder-el-5  el_after_av_textblock  avia-builder-el-last'><a href='https:\/\/nasotic.com\/pt\/contact\/'  class='avia-button av-1o57y-6ba6e4ff2b5f63f3ac535cd5639a9bc4 av-link-btn avia-icon_select-no avia-size-small avia-position-center avia-color-theme-color'   aria-label=\"Entre em contato conosco\"><span class='avia_iconbox_title' >Entre em contato conosco<\/span><\/a><\/div><\/p><\/div><div  class='flex_column av-8elm6-de493d17545a65d83d42809a1e128871 av_one_full  avia-builder-el-6  el_after_av_one_half  el_before_av_button  first flex_column_div  column-top-margin'     ><section  class='av_textblock_section av-m908f873-99d6c7cb4b5ea616a29172225a7b33d7'   itemscope=\"itemscope\" itemtype=\"https:\/\/schema.org\/CreativeWork\" ><div class='avia_textblock'  itemprop=\"text\" ><h3 class=\"\" data-start=\"505\" data-end=\"547\">\u2697\ufe0f <strong data-start=\"512\" data-end=\"547\">O que torna o PS-Photonox especial?<\/strong><\/h3>\n<ul data-start=\"549\" data-end=\"1221\">\n<li class=\"\" data-start=\"549\" data-end=\"721\">\n<p class=\"\" data-start=\"551\" data-end=\"721\">\u2705 <strong data-start=\"553\" data-end=\"582\">Morfologia ultrafina do TiO\u2082<\/strong><br data-start=\"582\" data-end=\"585\" \/>Tamanho e estrutura de part\u00edcula otimizados para <strong data-start=\"629\" data-end=\"665\">atividade fotocatal\u00edtica aprimorada<\/strong> sob luz UV (e luz vis\u00edvel, dependendo da formula\u00e7\u00e3o).<\/p>\n<\/li>\n<li class=\"\" data-start=\"723\" data-end=\"897\">\n<p class=\"\" data-start=\"725\" data-end=\"897\">\ud83e\uddea <strong data-start=\"728\" data-end=\"757\">Testado em laborat\u00f3rios credenciados<\/strong><br data-start=\"757\" data-end=\"760\" \/>Cada formula\u00e7\u00e3o \u00e9 <strong data-start=\"782\" data-end=\"806\">espec\u00edfico do aplicativo<\/strong>desenvolvido e validado com <strong data-start=\"837\" data-end=\"875\">testes personalizados para degrada\u00e7\u00e3o de NOx<\/strong> e outros poluentes.<\/p>\n<\/li>\n<li class=\"\" data-start=\"899\" data-end=\"1077\">\n<p class=\"\" data-start=\"901\" data-end=\"1077\">\ud83d\udca8 <strong data-start=\"904\" data-end=\"932\">Capacidade de purifica\u00e7\u00e3o do ar<\/strong><br data-start=\"932\" data-end=\"935\" \/>Degrada ativamente <strong data-start=\"955\" data-end=\"980\">\u00f3xidos de nitrog\u00eanio (NOx)<\/strong>VOCs e outras subst\u00e2ncias nocivas transportadas pelo ar - ideal para <strong data-start=\"1036\" data-end=\"1076\">ambientes urbanos, estradas, edif\u00edcios<\/strong>.<\/p>\n<\/li>\n<li class=\"\" data-start=\"1079\" data-end=\"1221\">\n<p class=\"\" data-start=\"1081\" data-end=\"1221\">\ud83e\uddfc <strong data-start=\"1084\" data-end=\"1110\">Superf\u00edcies autolimpantes<\/strong><br data-start=\"1110\" data-end=\"1113\" \/>Mant\u00e9m as superf\u00edcies <strong data-start=\"1130\" data-end=\"1152\">mais limpo por mais tempo<\/strong>reduzindo as necessidades de manuten\u00e7\u00e3o de fachadas, vidros ou revestimentos externos.<\/p>\n<\/li>\n<\/ul>\n<hr class=\"\" data-start=\"1223\" data-end=\"1226\" \/>\n<h3 class=\"\" data-start=\"1228\" data-end=\"1251\">\ud83d\udd0d <strong data-start=\"1235\" data-end=\"1251\">Como funciona<\/strong><\/h3>\n<p class=\"\" data-start=\"1253\" data-end=\"1352\">O PS-Photonox, quando exposto \u00e0 luz, atua como um <strong data-start=\"1299\" data-end=\"1311\">catalisador<\/strong> para acionar <strong data-start=\"1323\" data-end=\"1346\">rea\u00e7\u00f5es de oxida\u00e7\u00e3o<\/strong> Isso:<\/p>\n<ul data-start=\"1353\" data-end=\"1538\">\n<li class=\"\" data-start=\"1353\" data-end=\"1403\">\n<p class=\"\" data-start=\"1355\" data-end=\"1403\">Desmembramento <strong data-start=\"1366\" data-end=\"1384\">mat\u00e9ria org\u00e2nica<\/strong> e <strong data-start=\"1389\" data-end=\"1403\">poluentes<\/strong><\/p>\n<\/li>\n<li class=\"\" data-start=\"1404\" data-end=\"1477\">\n<p class=\"\" data-start=\"1406\" data-end=\"1477\">Evitar a <strong data-start=\"1418\" data-end=\"1477\">ac\u00famulo de sujeira, part\u00edculas de polui\u00e7\u00e3o e crescimento biol\u00f3gico<\/strong><\/p>\n<\/li>\n<li class=\"\" data-start=\"1478\" data-end=\"1538\">\n<p class=\"\" data-start=\"1480\" data-end=\"1538\">Melhorar a qualidade do ar por meio de <strong data-start=\"1508\" data-end=\"1527\">N\u00c3O \u2192 N\u00c3O\u2082 \u2192 HNO\u2083<\/strong> convers\u00e3o<\/p>\n<\/li>\n<\/ul>\n<hr class=\"\" data-start=\"1540\" data-end=\"1543\" \/>\n<h3 class=\"\" data-start=\"1545\" data-end=\"1573\">\ud83e\uddf0 <strong data-start=\"1552\" data-end=\"1573\">\u00c1reas de aplica\u00e7\u00e3o<\/strong><\/h3>\n<ul data-start=\"1575\" data-end=\"1720\">\n<li class=\"\" data-start=\"1575\" data-end=\"1622\">\n<p class=\"\" data-start=\"1577\" data-end=\"1622\"><strong data-start=\"1577\" data-end=\"1598\">Tintas e revestimentos<\/strong> (interior e exterior)<\/p>\n<\/li>\n<li class=\"\" data-start=\"1623\" data-end=\"1638\">\n<p class=\"\" data-start=\"1625\" data-end=\"1638\"><strong data-start=\"1625\" data-end=\"1638\">Vernizes<\/strong><\/p>\n<\/li>\n<li class=\"\" data-start=\"1639\" data-end=\"1667\">\n<p class=\"\" data-start=\"1641\" data-end=\"1667\"><strong data-start=\"1641\" data-end=\"1667\">Materiais \u00e0 base de cimento<\/strong><\/p>\n<\/li>\n<li class=\"\" data-start=\"1668\" data-end=\"1720\">\n<p class=\"\" data-start=\"1670\" data-end=\"1720\"><strong data-start=\"1670\" data-end=\"1686\">M\u00eddia de filtro<\/strong> (por exemplo, para unidades de purifica\u00e7\u00e3o de ar)<\/p>\n<\/li>\n<\/ul>\n<hr class=\"\" data-start=\"1722\" data-end=\"1725\" \/>\n<h3 class=\"\" data-start=\"1727\" data-end=\"1752\">\ud83e\uddea <strong data-start=\"1734\" data-end=\"1752\">Principais vantagens<\/strong><\/h3>\n<div class=\"overflow-x-auto contain-inline-size\">\n<table data-start=\"1754\" data-end=\"2093\">\n<thead data-start=\"1754\" data-end=\"1779\">\n<tr data-start=\"1754\" data-end=\"1779\">\n<th data-start=\"1754\" data-end=\"1764\">Recurso<\/th>\n<th data-start=\"1764\" data-end=\"1779\">PS-Photonox<\/th>\n<\/tr>\n<\/thead>\n<tbody data-start=\"1806\" data-end=\"2093\">\n<tr data-start=\"1806\" data-end=\"1845\">\n<td><strong data-start=\"1808\" data-end=\"1837\">Design otimizado de part\u00edculas<\/strong><\/td>\n<td>Sim<\/td>\n<\/tr>\n<tr data-start=\"1846\" data-end=\"1889\">\n<td><strong data-start=\"1848\" data-end=\"1881\">Formula\u00e7\u00f5es personalizadas dispon\u00edveis<\/strong><\/td>\n<td>Sim<\/td>\n<\/tr>\n<tr data-start=\"1890\" data-end=\"1932\">\n<td><strong data-start=\"1892\" data-end=\"1918\">Degrada\u00e7\u00e3o comprovada de NOx<\/strong><\/td>\n<td>Validado<\/td>\n<\/tr>\n<tr data-start=\"1933\" data-end=\"1972\">\n<td><strong data-start=\"1935\" data-end=\"1964\">Autolimpante e antipolui\u00e7\u00e3o<\/strong><\/td>\n<td>Sim<\/td>\n<\/tr>\n<tr data-start=\"1973\" data-end=\"2028\">\n<td><strong data-start=\"1975\" data-end=\"2003\">Fun\u00e7\u00e3o ativada por luz<\/strong><\/td>\n<td>Dependente de UV\/Vis\u00edvel<\/td>\n<\/tr>\n<tr data-start=\"2029\" data-end=\"2093\">\n<td><strong data-start=\"2031\" data-end=\"2065\">Compatibilidade vers\u00e1til com matrizes<\/strong><\/td>\n<td>Tinta, cimento, revestimentos<\/td>\n<\/tr>\n<\/tbody>\n<\/table>\n<\/div>\n<hr class=\"\" data-start=\"2095\" data-end=\"2098\" \/>\n<h3 class=\"\" data-start=\"2100\" data-end=\"2124\">\ud83d\udd27 <strong data-start=\"2107\" data-end=\"2124\">Como \u00e9 usado<\/strong><\/h3>\n<ul data-start=\"2126\" data-end=\"2349\">\n<li class=\"\" data-start=\"2126\" data-end=\"2184\">\n<p class=\"\" data-start=\"2128\" data-end=\"2184\">Incorporado a revestimentos ou cimento durante a formula\u00e7\u00e3o.<\/p>\n<\/li>\n<li class=\"\" data-start=\"2185\" data-end=\"2270\">\n<p class=\"\" data-start=\"2187\" data-end=\"2270\">A dosagem e o processamento s\u00e3o <strong data-start=\"2213\" data-end=\"2237\">espec\u00edfico do aplicativo<\/strong>-discutido diretamente com os clientes.<\/p>\n<\/li>\n<li class=\"\" data-start=\"2271\" data-end=\"2349\">\n<p class=\"\" data-start=\"2273\" data-end=\"2349\">A formula\u00e7\u00e3o final \u00e9 <strong data-start=\"2294\" data-end=\"2317\">testado e ajustado<\/strong> para uma resposta catal\u00edtica ideal.<\/p>\n<\/li>\n<\/ul>\n<hr class=\"\" data-start=\"2351\" data-end=\"2354\" \/>\n<h3 class=\"\" data-start=\"2356\" data-end=\"2389\">\u2705 <strong data-start=\"2362\" data-end=\"2389\">Por que escolher o PS-Photonox?<\/strong><\/h3>\n<ul data-start=\"2391\" data-end=\"2710\">\n<li class=\"\" data-start=\"2391\" data-end=\"2497\">\n<p class=\"\" data-start=\"2393\" data-end=\"2497\"><strong data-start=\"2393\" data-end=\"2430\">Tecnologia ambientalmente ativa<\/strong>-contribui para <strong data-start=\"2446\" data-end=\"2461\">ar mais limpo<\/strong> e <strong data-start=\"2466\" data-end=\"2496\">infraestrutura sustent\u00e1vel<\/strong>.<\/p>\n<\/li>\n<li class=\"\" data-start=\"2498\" data-end=\"2559\">\n<p class=\"\" data-start=\"2500\" data-end=\"2559\">Ideal para <strong data-start=\"2510\" data-end=\"2543\">certifica\u00e7\u00f5es de constru\u00e7\u00e3o verde<\/strong> (LEED, BREEAM).<\/p>\n<\/li>\n<li class=\"\" data-start=\"2560\" data-end=\"2623\">\n<p class=\"\" data-start=\"2562\" data-end=\"2623\">Com o apoio de <strong data-start=\"2572\" data-end=\"2587\">testes de laborat\u00f3rio<\/strong> e <strong data-start=\"2592\" data-end=\"2622\">suporte t\u00e9cnico personalizado<\/strong>.<\/p>\n<\/li>\n<li class=\"\" data-start=\"2624\" data-end=\"2710\">\n<p class=\"\" data-start=\"2626\" data-end=\"2710\">Confi\u00e1vel por <strong data-start=\"2637\" data-end=\"2658\">parceiros do setor<\/strong> para sistemas de superf\u00edcie fotocatal\u00edtica de \u00faltima gera\u00e7\u00e3o.<\/p>\n<\/li>\n<\/ul>\n<\/div><\/section><\/div><\/p>\n<div  class='avia-button-wrap av-ta3y-11313bec43caf8595a1861e0de5c7d95-wrap avia-button-center  avia-builder-el-8  el_after_av_one_full  avia-builder-el-last'><a href='https:\/\/nasotic.com\/pt\/contact\/'  class='avia-button av-ta3y-11313bec43caf8595a1861e0de5c7d95 av-link-btn avia-icon_select-no avia-size-small avia-position-center avia-color-theme-color'   aria-label=\"Entre em contato conosco\"><span class='avia_iconbox_title' >Entre em contato conosco<\/span><\/a><\/div>","protected":false},"excerpt":{"rendered":"","protected":false},"author":1,"featured_media":0,"parent":0,"menu_order":0,"comment_status":"closed","ping_status":"closed","template":"","meta":{"footnotes":""},"class_list":["post-126","page","type-page","status-publish","hentry"],"_links":{"self":[{"href":"https:\/\/nasotic.com\/pt\/wp-json\/wp\/v2\/pages\/126","targetHints":{"allow":["GET"]}}],"collection":[{"href":"https:\/\/nasotic.com\/pt\/wp-json\/wp\/v2\/pages"}],"about":[{"href":"https:\/\/nasotic.com\/pt\/wp-json\/wp\/v2\/types\/page"}],"author":[{"embeddable":true,"href":"https:\/\/nasotic.com\/pt\/wp-json\/wp\/v2\/users\/1"}],"replies":[{"embeddable":true,"href":"https:\/\/nasotic.com\/pt\/wp-json\/wp\/v2\/comments?post=126"}],"version-history":[{"count":5,"href":"https:\/\/nasotic.com\/pt\/wp-json\/wp\/v2\/pages\/126\/revisions"}],"predecessor-version":[{"id":213,"href":"https:\/\/nasotic.com\/pt\/wp-json\/wp\/v2\/pages\/126\/revisions\/213"}],"wp:attachment":[{"href":"https:\/\/nasotic.com\/pt\/wp-json\/wp\/v2\/media?parent=126"}],"curies":[{"name":"wp","href":"https:\/\/api.w.org\/{rel}","templated":true}]}}