{"id":120,"date":"2025-03-05T21:54:25","date_gmt":"2025-03-05T21:54:25","guid":{"rendered":"https:\/\/nasotic.com\/?page_id=120"},"modified":"2025-04-02T19:18:32","modified_gmt":"2025-04-02T19:18:32","slug":"graphyshield-g","status":"publish","type":"page","link":"https:\/\/nasotic.com\/pt\/graphyshield-g\/","title":{"rendered":"Aditivo anticorrosivo Graphyshield G+"},"content":{"rendered":"<div  class='flex_column av-fw968-de1172d1a8110fb8f7a6ea6cad75d094 av_one_half  avia-builder-el-0  el_before_av_one_half  avia-builder-el-first  first flex_column_div'     ><p>\n<style type=\"text\/css\" data-created_by=\"avia_inline_auto\" id=\"style-css-av-m7wfz1cn-ea2f2f37e45605c3006cf595df5183a5\">\n.avia-image-container.av-m7wfz1cn-ea2f2f37e45605c3006cf595df5183a5 img.avia_image{\nbox-shadow:none;\n}\n.avia-image-container.av-m7wfz1cn-ea2f2f37e45605c3006cf595df5183a5 .av-image-caption-overlay-center{\ncolor:#ffffff;\n}\n<\/style>\n<div  class='avia-image-container av-m7wfz1cn-ea2f2f37e45605c3006cf595df5183a5 av-styling- avia-align-center  avia-builder-el-1  el_before_av_textblock  avia-builder-el-first'   itemprop=\"image\" itemscope=\"itemscope\" itemtype=\"https:\/\/schema.org\/ImageObject\" ><div class=\"avia-image-container-inner\"><div class=\"avia-image-overlay-wrap\"><img decoding=\"async\" fetchpriority=\"high\" class='wp-image-121 avia-img-lazy-loading-not-121 avia_image' src=\"https:\/\/nasotic.com\/wp-content\/uploads\/2025\/03\/Graphyshield-G-300x285.png\" alt='' title='Escudo de grafite-G'  height=\"285\" width=\"300\"  itemprop=\"thumbnailUrl\" srcset=\"https:\/\/nasotic.com\/wp-content\/uploads\/2025\/03\/Graphyshield-G-300x285.png 300w, https:\/\/nasotic.com\/wp-content\/uploads\/2025\/03\/Graphyshield-G-600x571.png 600w, https:\/\/nasotic.com\/wp-content\/uploads\/2025\/03\/Graphyshield-G-705x671.png 705w, https:\/\/nasotic.com\/wp-content\/uploads\/2025\/03\/Graphyshield-G.png 736w\" sizes=\"(max-width: 300px) 100vw, 300px\" \/><\/div><\/div><\/div><br \/>\n<section  class='av_textblock_section av-m7wfza7g-502aa035240aea785092c376c5e5aac3'   itemscope=\"itemscope\" itemtype=\"https:\/\/schema.org\/CreativeWork\" ><div class='avia_textblock'  itemprop=\"text\" ><p>Graphyshield G+ para aumentar o desempenho anticorrosivo de seu sistema de revestimento \u00e0 base de \u00e1gua.<\/p>\n<\/div><\/section><\/p><\/div>\n<div  class='flex_column av-brzzc-7a2311237128968c60e6e029e75c6471 av_one_half  avia-builder-el-3  el_after_av_one_half  el_before_av_one_full  flex_column_div'     ><section  class='av_textblock_section av-m7wfzqna-5bee73bc27f8fa0019f4fe4d9c37e919'   itemscope=\"itemscope\" itemtype=\"https:\/\/schema.org\/CreativeWork\" ><div class='avia_textblock'  itemprop=\"text\" ><h3 class=\"\" data-start=\"142\" data-end=\"221\">\u26a1 <strong data-start=\"148\" data-end=\"221\">Graphyshield G+ - Aditivo anticorrosivo e retardador de chamas de \u00faltima gera\u00e7\u00e3o<\/strong><\/h3>\n<p class=\"\" data-start=\"223\" data-end=\"571\"><strong data-start=\"223\" data-end=\"243\">Escudo do Graphyshield G+<\/strong>\u00a0\u00e9 um <strong data-start=\"249\" data-end=\"294\">aditivo semiacabado aprimorado com grafeno<\/strong> desenvolvido por <strong data-start=\"308\" data-end=\"332\">Pigmentsolution GmbH<\/strong>, em colabora\u00e7\u00e3o com <strong data-start=\"356\" data-end=\"372\">Directa Plus<\/strong>um dos principais produtores mundiais de grafeno. Ele foi projetado para <strong data-start=\"427\" data-end=\"460\">aumentar o desempenho em revestimentos<\/strong>especialmente <strong data-start=\"473\" data-end=\"523\">aplica\u00e7\u00f5es anticorrosivas e retardantes de fogo<\/strong>-com simplicidade e sustentabilidade em sua ess\u00eancia.<\/p>\n<p>Deseja uma apresenta\u00e7\u00e3o ou uma amostra do produto? Entre em contato conosco agora!<\/p>\n<\/div><\/section><br \/>\n<div  class='avia-button-wrap av-h0vd4-b12ba4726cc05639485d34fa396a7a0c-wrap avia-button-center  avia-builder-el-5  el_after_av_textblock  avia-builder-el-last'><a href='https:\/\/nasotic.com\/pt\/contact\/'  class='avia-button av-h0vd4-b12ba4726cc05639485d34fa396a7a0c av-link-btn avia-icon_select-no avia-size-small avia-position-center avia-color-theme-color'   aria-label=\"Entre em contato conosco\"><span class='avia_iconbox_title' >Entre em contato conosco<\/span><\/a><\/div><\/p><\/div><div  class='flex_column av-aqg4o-1fb1f8360bdbd4dfb656f6d4235cd158 av_one_full  avia-builder-el-6  el_after_av_one_half  el_before_av_button  first flex_column_div  column-top-margin'     ><section  class='av_textblock_section av-m908coxt-ef0a57060b14aad8c654f6f49bcf8d26'   itemscope=\"itemscope\" itemtype=\"https:\/\/schema.org\/CreativeWork\" ><div class='avia_textblock'  itemprop=\"text\" ><h3 data-start=\"142\" data-end=\"221\"><\/h3>\n<p class=\"\" data-start=\"223\" data-end=\"571\">\n<h3 class=\"\" data-start=\"578\" data-end=\"611\">\ud83e\uddec <strong data-start=\"585\" data-end=\"611\">O que o torna especial?<\/strong><\/h3>\n<ul data-start=\"613\" data-end=\"1101\">\n<li class=\"\" data-start=\"613\" data-end=\"780\">\n<p class=\"\" data-start=\"615\" data-end=\"780\"><strong data-start=\"615\" data-end=\"669\">Baseado em nanoplaquetas de grafeno (GNPs) pristinas<\/strong><br data-start=\"669\" data-end=\"672\" \/>Produzido por meio de um <strong data-start=\"693\" data-end=\"749\">Processo de esfolia\u00e7\u00e3o f\u00edsica patenteado, sem solventes<\/strong>-sem \u00e1cidos, sem subprodutos t\u00f3xicos.<\/p>\n<\/li>\n<li class=\"\" data-start=\"782\" data-end=\"952\">\n<p class=\"\" data-start=\"784\" data-end=\"952\"><strong data-start=\"784\" data-end=\"815\">\ud83d\udee1\ufe0f Efeito de barreira incorporado<\/strong><br data-start=\"815\" data-end=\"818\" \/>Os PNBs formam um <strong data-start=\"832\" data-end=\"861\">escudo herm\u00e9tico e imperme\u00e1vel<\/strong> que impede a penetra\u00e7\u00e3o de \u00e1gua, oxig\u00eanio, sais e agentes corrosivos na camada de revestimento.<\/p>\n<\/li>\n<li class=\"\" data-start=\"954\" data-end=\"1101\">\n<p class=\"\" data-start=\"956\" data-end=\"1101\"><strong data-start=\"956\" data-end=\"979\">Retardamento de chamas<\/strong><br data-start=\"979\" data-end=\"982\" \/>Aumenta naturalmente a resist\u00eancia a chamas e ao calor - ideal para <strong data-start=\"1043\" data-end=\"1100\">edif\u00edcios p\u00fablicos, transporte e equipamentos industriais<\/strong>.<\/p>\n<\/li>\n<\/ul>\n<hr class=\"\" data-start=\"1103\" data-end=\"1106\" \/>\n<h3 class=\"\" data-start=\"1108\" data-end=\"1136\">\ud83e\uddea <strong data-start=\"1115\" data-end=\"1136\">Vantagens exclusivas<\/strong><\/h3>\n<div class=\"overflow-x-auto contain-inline-size\">\n<table data-start=\"1138\" data-end=\"1579\">\n<thead data-start=\"1138\" data-end=\"1168\">\n<tr data-start=\"1138\" data-end=\"1168\">\n<th data-start=\"1138\" data-end=\"1148\">Recurso<\/th>\n<th data-start=\"1148\" data-end=\"1168\">Escudo do Graphyshield G+<\/th>\n<\/tr>\n<\/thead>\n<tbody data-start=\"1199\" data-end=\"1579\">\n<tr data-start=\"1199\" data-end=\"1262\">\n<td><strong data-start=\"1201\" data-end=\"1223\">N\u00e3o \u00e9 necess\u00e1rio esmerilhar<\/strong><\/td>\n<td>Sim - sem moagem, f\u00e1cil manuseio<\/td>\n<\/tr>\n<tr data-start=\"1263\" data-end=\"1321\">\n<td><strong data-start=\"1265\" data-end=\"1295\">Compat\u00edvel com \u00e1gua e solvente<\/strong><\/td>\n<td>Uso universal em ambos<\/td>\n<\/tr>\n<tr data-start=\"1322\" data-end=\"1383\">\n<td><strong data-start=\"1324\" data-end=\"1343\">Alta dispers\u00e3o<\/strong><\/td>\n<td>Alcan\u00e7ado apenas com mistura de baixo cisalhamento<\/td>\n<\/tr>\n<tr data-start=\"1384\" data-end=\"1437\">\n<td><strong data-start=\"1386\" data-end=\"1399\">N\u00e3o t\u00f3xico<\/strong><\/td>\n<td>Verificado em mais de 40 testes de seguran\u00e7a<\/td>\n<\/tr>\n<tr data-start=\"1438\" data-end=\"1502\">\n<td><strong data-start=\"1440\" data-end=\"1456\">Ecologicamente correto<\/strong><\/td>\n<td>Zero res\u00edduos, sem PAH, processo sustent\u00e1vel<\/td>\n<\/tr>\n<tr data-start=\"1503\" data-end=\"1579\">\n<td><strong data-start=\"1505\" data-end=\"1534\">N\u00e3o apresenta risco de nanopart\u00edculas<\/strong><\/td>\n<td>O tamanho lateral \u00e9 de m\u00edcrons, n\u00e3o de nanoesferas<\/td>\n<\/tr>\n<\/tbody>\n<\/table>\n<\/div>\n<hr class=\"\" data-start=\"1581\" data-end=\"1584\" \/>\n<h3 class=\"\" data-start=\"1586\" data-end=\"1614\">\ud83e\uddf0 <strong data-start=\"1593\" data-end=\"1614\">\u00c1reas de aplica\u00e7\u00e3o<\/strong><\/h3>\n<ul data-start=\"1616\" data-end=\"1843\">\n<li class=\"\" data-start=\"1616\" data-end=\"1679\">\n<p class=\"\" data-start=\"1618\" data-end=\"1679\"><strong data-start=\"1618\" data-end=\"1645\">Revestimentos anticorrosivos<\/strong> (constru\u00e7\u00e3o, petroqu\u00edmica, mar\u00edtima)<\/p>\n<\/li>\n<li class=\"\" data-start=\"1680\" data-end=\"1742\">\n<p class=\"\" data-start=\"1682\" data-end=\"1742\"><strong data-start=\"1682\" data-end=\"1707\">Tintas retardantes de fogo<\/strong> (infraestrutura p\u00fablica, aeroespacial)<\/p>\n<\/li>\n<li class=\"\" data-start=\"1743\" data-end=\"1779\">\n<p class=\"\" data-start=\"1745\" data-end=\"1779\"><strong data-start=\"1745\" data-end=\"1779\">Revestimentos direto ao metal (DTM)<\/strong><\/p>\n<\/li>\n<li class=\"\" data-start=\"1780\" data-end=\"1843\">\n<p class=\"\" data-start=\"1782\" data-end=\"1843\"><strong data-start=\"1782\" data-end=\"1820\">Revestimentos protetores e funcionais<\/strong> para ambientes adversos<\/p>\n<\/li>\n<\/ul>\n<hr class=\"\" data-start=\"1845\" data-end=\"1848\" \/>\n<h3 class=\"\" data-start=\"1850\" data-end=\"1875\">\ud83d\udcca <strong data-start=\"1857\" data-end=\"1875\">Resultados comprovados<\/strong><\/h3>\n<ul data-start=\"1877\" data-end=\"2157\">\n<li class=\"\" data-start=\"1877\" data-end=\"1948\">\n<p class=\"\" data-start=\"1879\" data-end=\"1948\"><strong data-start=\"1879\" data-end=\"1909\">Melhoria da dureza do p\u00eandulo<\/strong>resist\u00eancia \u00e0 \u00e1gua e ao clima QUV.<\/p>\n<\/li>\n<li class=\"\" data-start=\"1949\" data-end=\"2075\">\n<p class=\"\" data-start=\"1951\" data-end=\"2075\">Com <strong data-start=\"1956\" data-end=\"1973\">Dosagem de ~0,25%<\/strong>ele aumenta drasticamente a resist\u00eancia \u00e0 corros\u00e3o - comprovado em <strong data-start=\"2033\" data-end=\"2047\">spray de sal<\/strong> e <strong data-start=\"2052\" data-end=\"2068\">condensa\u00e7\u00e3o<\/strong> testes.<\/p>\n<\/li>\n<li class=\"\" data-start=\"2076\" data-end=\"2157\">\n<p class=\"\" data-start=\"2078\" data-end=\"2157\">Est\u00e1vel em v\u00e1rios <strong data-start=\"2100\" data-end=\"2117\">sistemas de resina<\/strong> (Synthalat, Liocryl, Alberdingk, etc.).<\/p>\n<\/li>\n<\/ul>\n<hr class=\"\" data-start=\"2159\" data-end=\"2162\" \/>\n<h3 class=\"\" data-start=\"2164\" data-end=\"2188\">\u2699\ufe0f <strong data-start=\"2171\" data-end=\"2188\">Como us\u00e1-lo<\/strong><\/h3>\n<ul data-start=\"2190\" data-end=\"2425\">\n<li class=\"\" data-start=\"2190\" data-end=\"2287\">\n<p class=\"\" data-start=\"2192\" data-end=\"2287\">Entregue como um <strong data-start=\"2207\" data-end=\"2240\">prepara\u00e7\u00e3o de pigmentos sem poeira<\/strong>-Basta misturar em sua base (sem etapa de dispers\u00e3o).<\/p>\n<\/li>\n<li class=\"\" data-start=\"2288\" data-end=\"2358\">\n<p class=\"\" data-start=\"2290\" data-end=\"2358\">Adicione o <strong data-start=\"2301\" data-end=\"2332\">base do moinho ou est\u00e1gio de rebaixamento<\/strong>dependendo do sistema.<\/p>\n<\/li>\n<li class=\"\" data-start=\"2359\" data-end=\"2425\">\n<p class=\"\" data-start=\"2361\" data-end=\"2425\">Dosagem t\u00edpica: <strong data-start=\"2377\" data-end=\"2390\">0,25-3,0%<\/strong> dependendo do desempenho necess\u00e1rio.<\/p>\n<\/li>\n<\/ul>\n<hr class=\"\" data-start=\"2427\" data-end=\"2430\" \/>\n<h3 class=\"\" data-start=\"2432\" data-end=\"2470\">\u2705 <strong data-start=\"2438\" data-end=\"2470\">Por que escolher o Graphyshield G+?<\/strong><\/h3>\n<ul data-start=\"2472\" data-end=\"2684\">\n<li class=\"\" data-start=\"2472\" data-end=\"2545\">\n<p class=\"\" data-start=\"2474\" data-end=\"2545\"><strong data-start=\"2474\" data-end=\"2493\">Upgrade de Drop-in<\/strong> para fabricantes de tintas - sem necessidade de altera\u00e7\u00f5es no equipamento.<\/p>\n<\/li>\n<li class=\"\" data-start=\"2546\" data-end=\"2622\">\n<p class=\"\" data-start=\"2548\" data-end=\"2622\"><strong data-start=\"2548\" data-end=\"2576\">Ambientalmente superior<\/strong> para \u00f3xido de grafeno ou CNTs (nanotubos de carbono).<\/p>\n<\/li>\n<li class=\"\" data-start=\"2623\" data-end=\"2684\">\n<p class=\"\" data-start=\"2625\" data-end=\"2684\"><strong data-start=\"2625\" data-end=\"2651\">Desempenho consistente<\/strong> com ajustes m\u00ednimos na formula\u00e7\u00e3o.<\/p>\n<\/li>\n<\/ul>\n<\/div><\/section><\/div><div  class='avia-button-wrap av-77740-df06c8e15f58e6ccea110599078a23b5-wrap avia-button-center  avia-builder-el-8  el_after_av_one_full  avia-builder-el-last'><a href='https:\/\/nasotic.com\/pt\/contact\/'  class='avia-button av-77740-df06c8e15f58e6ccea110599078a23b5 av-link-btn avia-icon_select-no avia-size-small avia-position-center avia-color-theme-color'   aria-label=\"Entre em contato conosco\"><span class='avia_iconbox_title' >Entre em contato conosco<\/span><\/a><\/div><\/p>","protected":false},"excerpt":{"rendered":"","protected":false},"author":1,"featured_media":0,"parent":0,"menu_order":0,"comment_status":"closed","ping_status":"closed","template":"","meta":{"footnotes":""},"class_list":["post-120","page","type-page","status-publish","hentry"],"_links":{"self":[{"href":"https:\/\/nasotic.com\/pt\/wp-json\/wp\/v2\/pages\/120","targetHints":{"allow":["GET"]}}],"collection":[{"href":"https:\/\/nasotic.com\/pt\/wp-json\/wp\/v2\/pages"}],"about":[{"href":"https:\/\/nasotic.com\/pt\/wp-json\/wp\/v2\/types\/page"}],"author":[{"embeddable":true,"href":"https:\/\/nasotic.com\/pt\/wp-json\/wp\/v2\/users\/1"}],"replies":[{"embeddable":true,"href":"https:\/\/nasotic.com\/pt\/wp-json\/wp\/v2\/comments?post=120"}],"version-history":[{"count":7,"href":"https:\/\/nasotic.com\/pt\/wp-json\/wp\/v2\/pages\/120\/revisions"}],"predecessor-version":[{"id":212,"href":"https:\/\/nasotic.com\/pt\/wp-json\/wp\/v2\/pages\/120\/revisions\/212"}],"wp:attachment":[{"href":"https:\/\/nasotic.com\/pt\/wp-json\/wp\/v2\/media?parent=120"}],"curies":[{"name":"wp","href":"https:\/\/api.w.org\/{rel}","templated":true}]}}