{"id":116,"date":"2025-03-05T21:54:12","date_gmt":"2025-03-05T21:54:12","guid":{"rendered":"https:\/\/nasotic.com\/?page_id=116"},"modified":"2026-04-23T16:28:53","modified_gmt":"2026-04-23T16:28:53","slug":"ps-gps","status":"publish","type":"page","link":"https:\/\/nasotic.com\/pt\/ps-gps\/","title":{"rendered":"Sistema de preven\u00e7\u00e3o de danos por GPS"},"content":{"rendered":"<div  class='flex_column av-eqv78-24f5c328a82ff89bc403e2ceede8efb9 av_one_half  avia-builder-el-0  el_before_av_one_half  avia-builder-el-first  first flex_column_div'     ><p>\n<style type=\"text\/css\" data-created_by=\"avia_inline_auto\" id=\"style-css-av-m7wfriyu-71c5576ab38a1410c639730af738834f\">\n.avia-image-container.av-m7wfriyu-71c5576ab38a1410c639730af738834f img.avia_image{\nbox-shadow:none;\n}\n.avia-image-container.av-m7wfriyu-71c5576ab38a1410c639730af738834f .av-image-caption-overlay-center{\ncolor:#ffffff;\n}\n<\/style>\n<div  class='avia-image-container av-m7wfriyu-71c5576ab38a1410c639730af738834f av-styling- avia-align-center  avia-builder-el-1  el_before_av_textblock  avia-builder-el-first'   itemprop=\"image\" itemscope=\"itemscope\" itemtype=\"https:\/\/schema.org\/ImageObject\" ><div class=\"avia-image-container-inner\"><div class=\"avia-image-overlay-wrap\"><img decoding=\"async\" fetchpriority=\"high\" class='wp-image-118 avia-img-lazy-loading-not-118 avia_image' src=\"https:\/\/nasotic.com\/wp-content\/uploads\/2025\/03\/GPS-Buffersystem-289x300.png\" alt='' title='Sistema de buffer de GPS'  height=\"300\" width=\"289\"  itemprop=\"thumbnailUrl\" srcset=\"https:\/\/nasotic.com\/wp-content\/uploads\/2025\/03\/GPS-Buffersystem-289x300.png 289w, https:\/\/nasotic.com\/wp-content\/uploads\/2025\/03\/GPS-Buffersystem-36x36.png 36w, https:\/\/nasotic.com\/wp-content\/uploads\/2025\/03\/GPS-Buffersystem.png 564w\" sizes=\"(max-width: 289px) 100vw, 289px\" \/><\/div><\/div><\/div><br \/>\n<section  class='av_textblock_section av-m7wftu9w-5a48fb6960acc43eed07c38db337bdd6'   itemscope=\"itemscope\" itemtype=\"https:\/\/schema.org\/CreativeWork\" ><div class='avia_textblock'  itemprop=\"text\" ><p>Sim, \u00e9 um sistema tamp\u00e3o - muito eficaz. Mas ele tamb\u00e9m impede a base nutricional para atividades biol\u00f3gicas!<\/p>\n<\/div><\/section><\/p><\/div>\n<div  class='flex_column av-7jclw-e5bd955e56fb985f84d2bbfa31e578c0 av_one_half  avia-builder-el-3  el_after_av_one_half  el_before_av_one_full  flex_column_div'     ><section  class='av_textblock_section av-m7wfvhlq-5b4678378a61a756f4be2591ab91cc95'   itemscope=\"itemscope\" itemtype=\"https:\/\/schema.org\/CreativeWork\" ><div class='avia_textblock'  itemprop=\"text\" ><h3 class=\"\" data-start=\"206\" data-end=\"232\">\ud83d\udd2c <strong data-start=\"213\" data-end=\"232\">O que \u00e9 GPS?<\/strong><\/h3>\n<p class=\"\" data-start=\"233\" data-end=\"482\">O GPS \u00e9 um <strong data-start=\"245\" data-end=\"262\">sistema de buffer<\/strong> projetado para <strong data-start=\"275\" data-end=\"294\">manter o pH<\/strong> de sistemas aquosos em uma ampla faixa (pH 6-10). N\u00e3o se trata apenas de um tamp\u00e3o - ele \u00e9 aprimorado com<strong data-start=\"389\" data-end=\"420\">\u00a0complexo<\/strong> estruturas que adicionam <strong data-start=\"431\" data-end=\"455\">prote\u00e7\u00e3o microbiana<\/strong> em um <strong data-start=\"461\" data-end=\"477\">n\u00e3o biocida<\/strong> maneira.<\/p>\n<p>Deseja saber mais sobre esse fabuloso produto? Entre em contato conosco agora!<\/p>\n<\/div><\/section><br \/>\n<div  class='avia-button-wrap av-frbp8-1058a4359624b3d4574e8504cb513171-wrap avia-button-center  avia-builder-el-5  el_after_av_textblock  el_before_av_button'><a href='https:\/\/nasotic.com\/pt\/contact\/'  class='avia-button av-frbp8-1058a4359624b3d4574e8504cb513171 av-link-btn avia-icon_select-no avia-size-small avia-position-center avia-color-theme-color'   aria-label=\"Entre em contato conosco\"><span class='avia_iconbox_title' >Entre em contato conosco<\/span><\/a><\/div><br \/>\n<div  class='avia-button-wrap av-mer55dfr-8903359afde43c2845c5a9af76506fd7-wrap avia-button-center  avia-builder-el-6  el_after_av_button  avia-builder-el-last'><a href='https:\/\/nasotic.com\/pt\/send-me-a-sample\/'  class='avia-button av-mer55dfr-8903359afde43c2845c5a9af76506fd7 av-link-btn avia-icon_select-no avia-size-small avia-position-center avia-color-theme-color'   aria-label=\"Obtenha uma amostra!\"><span class='avia_iconbox_title' >Obtenha uma amostra!<\/span><\/a><\/div><\/p><\/div>\n<div  class='flex_column av-6miic-70bfbeab40aeb22f56ef3ba7c655c6aa av_one_full  avia-builder-el-7  el_after_av_one_half  el_before_av_button  first flex_column_div  column-top-margin'     ><section  class='av_textblock_section av-m9084yl4-ba74ebc03427777af48d6bc67bd50a10'   itemscope=\"itemscope\" itemtype=\"https:\/\/schema.org\/CreativeWork\" ><div class='avia_textblock'  itemprop=\"text\" ><p class=\"\" data-start=\"233\" data-end=\"482\">\n<h3 class=\"\" data-start=\"489\" data-end=\"511\">\u2697\ufe0f <strong data-start=\"496\" data-end=\"511\">Composi\u00e7\u00e3o<\/strong><\/h3>\n<ul data-start=\"512\" data-end=\"862\">\n<li class=\"\" data-start=\"512\" data-end=\"609\">\n<p class=\"\" data-start=\"514\" data-end=\"609\"><strong data-start=\"514\" data-end=\"536\">Tamp\u00e3o Norman-Good<\/strong> (uma classe de agentes tamponantes biocompat\u00edveis conhecidos pelo controle est\u00e1vel do pH).<\/p>\n<\/li>\n<li class=\"\" data-start=\"610\" data-end=\"862\">\n<p class=\"\" data-start=\"612\" data-end=\"651\"><strong data-start=\"612\" data-end=\"643\">Complexo supramolecular<\/strong>que:<\/p>\n<ul data-start=\"654\" data-end=\"862\">\n<li class=\"\" data-start=\"654\" data-end=\"727\">\n<p class=\"\" data-start=\"656\" data-end=\"727\">Fisicamente <strong data-start=\"667\" data-end=\"687\">absorve micr\u00f3bios<\/strong> (por exemplo, v\u00edrus, fungos, bact\u00e9rias, algas).<\/p>\n<\/li>\n<li class=\"\" data-start=\"730\" data-end=\"777\">\n<p class=\"\" data-start=\"732\" data-end=\"777\">Evita que eles <strong data-start=\"747\" data-end=\"776\">movimento e reprodu\u00e7\u00e3o<\/strong>.<\/p>\n<\/li>\n<li class=\"\" data-start=\"780\" data-end=\"862\">\n<p class=\"\" data-start=\"782\" data-end=\"862\">Tem <strong data-start=\"787\" data-end=\"803\">n\u00e3o desnaturar<\/strong> ou alter\u00e1-los quimicamente - portanto, n\u00e3o \u00e9 considerado um biocida.<\/p>\n<\/li>\n<\/ul>\n<\/li>\n<\/ul>\n<hr class=\"\" data-start=\"864\" data-end=\"867\" \/>\n<h3 class=\"\" data-start=\"869\" data-end=\"893\">\ud83d\udee1\ufe0f <strong data-start=\"877\" data-end=\"893\">Principais benef\u00edcios<\/strong><\/h3>\n<ul data-start=\"894\" data-end=\"1380\">\n<li class=\"\" data-start=\"894\" data-end=\"989\">\n<p class=\"\" data-start=\"896\" data-end=\"989\"><strong data-start=\"896\" data-end=\"928\">Supress\u00e3o do crescimento microbiano<\/strong> sem conservantes tradicionais como MIT\/CMIT ou bronopol.<\/p>\n<\/li>\n<li class=\"\" data-start=\"990\" data-end=\"1130\">\n<p class=\"\" data-start=\"992\" data-end=\"1028\"><strong data-start=\"992\" data-end=\"1023\">N\u00e3o classificado como biocida<\/strong>Portanto:<\/p>\n<ul data-start=\"1031\" data-end=\"1130\">\n<li class=\"\" data-start=\"1031\" data-end=\"1066\">\n<p class=\"\" data-start=\"1033\" data-end=\"1066\"><strong data-start=\"1033\" data-end=\"1065\">N\u00e3o \u00e9 necess\u00e1ria rotulagem especial<\/strong>.<\/p>\n<\/li>\n<li class=\"\" data-start=\"1069\" data-end=\"1130\">\n<p class=\"\" data-start=\"1071\" data-end=\"1130\"><strong data-start=\"1071\" data-end=\"1129\">N\u00e3o se enquadra no BPR (Regulamento de Produtos Biocidas)<\/strong>.<\/p>\n<\/li>\n<\/ul>\n<\/li>\n<li class=\"\" data-start=\"1131\" data-end=\"1161\">\n<p class=\"\" data-start=\"1133\" data-end=\"1161\"><strong data-start=\"1133\" data-end=\"1160\">Ingredientes listados na TSCA<\/strong>.<\/p>\n<\/li>\n<li class=\"\" data-start=\"1162\" data-end=\"1268\">\n<p class=\"\" data-start=\"1164\" data-end=\"1268\">Estabilidade comprovada em <strong data-start=\"1184\" data-end=\"1207\">sistemas \u00e0 base de \u00e1gua<\/strong> (mesmo ap\u00f3s 28 dias a 40\u00b0C e duas inocula\u00e7\u00f5es microbianas).<\/p>\n<\/li>\n<li class=\"\" data-start=\"1269\" data-end=\"1311\">\n<p class=\"\" data-start=\"1271\" data-end=\"1311\">Eficaz em baixas <strong data-start=\"1288\" data-end=\"1310\">dosages (e.g. 0.4\u20130.6%, depending on the specific formulation)<\/strong>.<\/p>\n<\/li>\n<\/ul>\n<hr class=\"\" data-start=\"1382\" data-end=\"1385\" \/>\n<h3 class=\"\" data-start=\"1387\" data-end=\"1416\">\ud83e\uddea <strong data-start=\"1394\" data-end=\"1416\">Campos de aplicativos<\/strong><\/h3>\n<ul data-start=\"1417\" data-end=\"1536\">\n<li class=\"\" data-start=\"1417\" data-end=\"1440\">\n<p class=\"\" data-start=\"1419\" data-end=\"1440\"><strong data-start=\"1419\" data-end=\"1440\">Tintas e revestimentos<\/strong><\/p>\n<\/li>\n<li class=\"\" data-start=\"1441\" data-end=\"1456\">\n<p class=\"\" data-start=\"1443\" data-end=\"1456\"><strong data-start=\"1443\" data-end=\"1456\">Adesivos<\/strong><\/p>\n<\/li>\n<li class=\"\" data-start=\"1457\" data-end=\"1482\">\n<p class=\"\" data-start=\"1459\" data-end=\"1482\"><strong data-start=\"1459\" data-end=\"1482\">Fluidos para usinagem de metais<\/strong><\/p>\n<\/li>\n<li class=\"\" data-start=\"1483\" data-end=\"1507\">\n<p class=\"\" data-start=\"1485\" data-end=\"1507\"><strong data-start=\"1485\" data-end=\"1507\">Produtos de limpeza dom\u00e9stica<\/strong><\/p>\n<\/li>\n<li class=\"\" data-start=\"1508\" data-end=\"1536\">\n<p class=\"\" data-start=\"1510\" data-end=\"1536\"><strong data-start=\"1510\" data-end=\"1536\">Produtos de cuidados pessoais<\/strong><\/p>\n<\/li>\n<\/ul>\n<hr class=\"\" data-start=\"1538\" data-end=\"1541\" \/>\n<h3 class=\"\" data-start=\"1543\" data-end=\"1568\">\ud83d\udca1 <strong data-start=\"1550\" data-end=\"1568\">Por que \u00e9 importante<\/strong><\/h3>\n<p class=\"\" data-start=\"1569\" data-end=\"1757\">O GPS fornece um <strong data-start=\"1587\" data-end=\"1628\">alternativa sustent\u00e1vel e n\u00e3o t\u00f3xica<\/strong> para conservantes em latas, reduzindo o impacto ambiental e a complexidade regulat\u00f3ria e, ao mesmo tempo, aumentando a seguran\u00e7a e a vida \u00fatil do produto.<\/p>\n<\/div><\/section><\/div><div  class='avia-button-wrap av-brp6c-0a57557de3435f10726862dd01581c3c-wrap avia-button-center  avia-builder-el-9  el_after_av_one_full  avia-builder-el-last'><a href='https:\/\/nasotic.com\/pt\/contact\/'  class='avia-button av-brp6c-0a57557de3435f10726862dd01581c3c av-link-btn avia-icon_select-no avia-size-small avia-position-center avia-color-theme-color'   aria-label=\"Entre em contato conosco\"><span class='avia_iconbox_title' >Entre em contato conosco<\/span><\/a><\/div><\/p>","protected":false},"excerpt":{"rendered":"","protected":false},"author":1,"featured_media":0,"parent":0,"menu_order":0,"comment_status":"closed","ping_status":"closed","template":"","meta":{"footnotes":""},"class_list":["post-116","page","type-page","status-publish","hentry"],"_links":{"self":[{"href":"https:\/\/nasotic.com\/pt\/wp-json\/wp\/v2\/pages\/116","targetHints":{"allow":["GET"]}}],"collection":[{"href":"https:\/\/nasotic.com\/pt\/wp-json\/wp\/v2\/pages"}],"about":[{"href":"https:\/\/nasotic.com\/pt\/wp-json\/wp\/v2\/types\/page"}],"author":[{"embeddable":true,"href":"https:\/\/nasotic.com\/pt\/wp-json\/wp\/v2\/users\/1"}],"replies":[{"embeddable":true,"href":"https:\/\/nasotic.com\/pt\/wp-json\/wp\/v2\/comments?post=116"}],"version-history":[{"count":11,"href":"https:\/\/nasotic.com\/pt\/wp-json\/wp\/v2\/pages\/116\/revisions"}],"predecessor-version":[{"id":385,"href":"https:\/\/nasotic.com\/pt\/wp-json\/wp\/v2\/pages\/116\/revisions\/385"}],"wp:attachment":[{"href":"https:\/\/nasotic.com\/pt\/wp-json\/wp\/v2\/media?parent=116"}],"curies":[{"name":"wp","href":"https:\/\/api.w.org\/{rel}","templated":true}]}}