{"id":347,"date":"2026-02-24T05:27:55","date_gmt":"2026-02-24T05:27:55","guid":{"rendered":"https:\/\/nasotic.com\/?page_id=347"},"modified":"2026-02-24T05:27:57","modified_gmt":"2026-02-24T05:27:57","slug":"cooling-towers-biofouling","status":"publish","type":"page","link":"https:\/\/nasotic.com\/fr\/cooling-towers-biofouling\/","title":{"rendered":"Tours de refroidissement"},"content":{"rendered":"<section  class='av_textblock_section av-mm02gjv0-e3980c7184e49fbd4f2d74bc8c7b72d6'   itemscope=\"itemscope\" itemtype=\"https:\/\/schema.org\/CreativeWork\" ><div class='avia_textblock'  itemprop=\"text\" ><h2 style=\"text-align: center;\">R\u00e9duire l'encrassement biologique des tours de refroidissement sans manipulation de produits toxiques<br \/>\n<br class=\"avia-permanent-lb\" \/><\/h2>\n<h4 style=\"text-align: center;\">Pour les tours de refroidissement commerciales et de l'industrie l\u00e9g\u00e8re.<br \/>\n<br class=\"avia-permanent-lb\" \/><\/h4>\n<h4 style=\"text-align: center;\">Nous fournissons un composant d'hygi\u00e8ne de manipulation non toxique con\u00e7u pour s'int\u00e9grer dans les programmes de traitement de l'eau existants.<\/h4>\n<h4 style=\"text-align: center;\"><\/h4>\n<p style=\"text-align: center;\" data-start=\"3160\" data-end=\"3206\"><strong>Moins de maintenance li\u00e9e \u00e0 l'encrassement et au biofouling<\/strong><\/p>\n<p style=\"text-align: center;\" data-start=\"3209\" data-end=\"3252\"><strong>Con\u00e7u pour les v\u00e9ritables fen\u00eatres de la chimie des tours<\/strong><\/p>\n<p style=\"text-align: center;\" data-start=\"3255\" data-end=\"3433\"><strong>Travailler avec les soci\u00e9t\u00e9s de services et les op\u00e9rations multi-sites<\/strong><\/p>\n<\/div><\/section>\n<div  class='hr av-vsj3-bbbe6f4c9bd91b9a4c62225ccfe9d990 hr-default  avia-builder-el-1  el_after_av_textblock  el_before_av_one_half'><span class='hr-inner'><span class=\"hr-inner-style\"><\/span><\/span><\/div>\n<div  class='flex_column av-1z95x3-245f941515606fe7dd8eb3e59b4c2763 av_one_half  avia-builder-el-2  el_after_av_hr  el_before_av_one_half  first flex_column_div'     ><style type=\"text\/css\" data-created_by=\"avia_inline_auto\" id=\"style-css-av-mm03haq1-b98c7d53ea87cdd4772025708f8674e1\">\n.avia-image-container.av-mm03haq1-b98c7d53ea87cdd4772025708f8674e1 img.avia_image{\nbox-shadow:none;\n}\n.avia-image-container.av-mm03haq1-b98c7d53ea87cdd4772025708f8674e1 .av-image-caption-overlay-center{\ncolor:#ffffff;\n}\n<\/style>\n<div  class='avia-image-container av-mm03haq1-b98c7d53ea87cdd4772025708f8674e1 av-styling- avia-align-center  avia-builder-el-3  avia-builder-el-no-sibling'   itemprop=\"image\" itemscope=\"itemscope\" itemtype=\"https:\/\/schema.org\/ImageObject\" ><div class=\"avia-image-container-inner\"><div class=\"avia-image-overlay-wrap\"><img decoding=\"async\" fetchpriority=\"high\" class='wp-image-351 avia-img-lazy-loading-not-351 avia_image' src=\"https:\/\/nasotic.com\/wp-content\/uploads\/2026\/02\/Cooling-Water-300x200.png\" alt='' title='Eau de refroidissement'  height=\"200\" width=\"300\"  itemprop=\"thumbnailUrl\" srcset=\"https:\/\/nasotic.com\/wp-content\/uploads\/2026\/02\/Cooling-Water-300x200.png 300w, https:\/\/nasotic.com\/wp-content\/uploads\/2026\/02\/Cooling-Water-1030x687.png 1030w, https:\/\/nasotic.com\/wp-content\/uploads\/2026\/02\/Cooling-Water-768x512.png 768w, https:\/\/nasotic.com\/wp-content\/uploads\/2026\/02\/Cooling-Water-18x12.png 18w, https:\/\/nasotic.com\/wp-content\/uploads\/2026\/02\/Cooling-Water-1500x1000.png 1500w, https:\/\/nasotic.com\/wp-content\/uploads\/2026\/02\/Cooling-Water-705x470.png 705w, https:\/\/nasotic.com\/wp-content\/uploads\/2026\/02\/Cooling-Water.png 1536w\" sizes=\"(max-width: 300px) 100vw, 300px\" \/><\/div><\/div><\/div><\/div>\n<div  class='flex_column av-1od0mv-0717b7498a7cdf07dd205810b3296e2d av_one_half  avia-builder-el-4  el_after_av_one_half  el_before_av_hr  flex_column_div'     ><section  class='av_textblock_section av-mm02jojh-1531037f36fa8fa7cfff026a2539d15f'   itemscope=\"itemscope\" itemtype=\"https:\/\/schema.org\/CreativeWork\" ><div class='avia_textblock'  itemprop=\"text\" ><p>L'encrassement se traduit par une instabilit\u00e9 des performances, une augmentation des op\u00e9rations de nettoyage et un risque op\u00e9rationnel. Toute solution doit survivre <strong>Les donn\u00e9es sur le pH, la duret\u00e9 et la temp\u00e9rature sont r\u00e9elles et s'int\u00e8grent dans la mani\u00e8re dont les tours sont entretenues.<\/strong><\/p>\n<\/div><\/section><\/div>\n<div  class='hr av-1jr89r-aab4ab1532103d179b9536bf466d3b5f hr-default  avia-builder-el-6  el_after_av_one_half  el_before_av_one_full'><span class='hr-inner'><span class=\"hr-inner-style\"><\/span><\/span><\/div>\n<div  class='flex_column av-1hcgtb-0257d62c2a6cbe8ccb0ed781e8afabe6 av_one_full  avia-builder-el-7  el_after_av_hr  el_before_av_one_third  first flex_column_div'     ><section  class='av_textblock_section av-mm02mgi5-5f31c12e0eb70a96e28ea33b47739b25'   itemscope=\"itemscope\" itemtype=\"https:\/\/schema.org\/CreativeWork\" ><div class='avia_textblock'  itemprop=\"text\" ><h2 style=\"text-align: center;\">Comment nous travaillons<\/h2>\n<\/div><\/section><\/div>\n<div  class='flex_column av-16lpz3-09b1a09378e901b9c99c93cb7ac3d9a1 av_one_third  avia-builder-el-9  el_after_av_one_full  el_before_av_one_third  first flex_column_div  column-top-margin'     ><p>\n<style type=\"text\/css\" data-created_by=\"avia_inline_auto\" id=\"style-css-av-mm04ff6d-6d330aaccb6249057823d99bf44dacec\">\n.avia-image-container.av-mm04ff6d-6d330aaccb6249057823d99bf44dacec img.avia_image{\nbox-shadow:none;\n}\n.avia-image-container.av-mm04ff6d-6d330aaccb6249057823d99bf44dacec .av-image-caption-overlay-center{\ncolor:#ffffff;\n}\n<\/style>\n<div  class='avia-image-container av-mm04ff6d-6d330aaccb6249057823d99bf44dacec av-styling- avia-align-left  avia-builder-el-10  el_before_av_hr  avia-builder-el-first'   itemprop=\"image\" itemscope=\"itemscope\" itemtype=\"https:\/\/schema.org\/ImageObject\" ><div class=\"avia-image-container-inner\"><div class=\"avia-image-overlay-wrap\"><img decoding=\"async\" fetchpriority=\"high\" class='wp-image-329 avia-img-lazy-loading-not-329 avia_image' src=\"https:\/\/nasotic.com\/wp-content\/uploads\/2026\/02\/list-80x80.png\" alt='' title='liste'  height=\"80\" width=\"80\"  itemprop=\"thumbnailUrl\" srcset=\"https:\/\/nasotic.com\/wp-content\/uploads\/2026\/02\/list-80x80.png 80w, https:\/\/nasotic.com\/wp-content\/uploads\/2026\/02\/list-300x300.png 300w, https:\/\/nasotic.com\/wp-content\/uploads\/2026\/02\/list-12x12.png 12w, https:\/\/nasotic.com\/wp-content\/uploads\/2026\/02\/list-36x36.png 36w, https:\/\/nasotic.com\/wp-content\/uploads\/2026\/02\/list-180x180.png 180w, https:\/\/nasotic.com\/wp-content\/uploads\/2026\/02\/list.png 512w\" sizes=\"(max-width: 80px) 100vw, 80px\" \/><\/div><\/div><\/div><br \/>\n\n<style type=\"text\/css\" data-created_by=\"avia_inline_auto\" id=\"style-css-av-mm04k7h7-ffc327f2712537658e0a32815cfe20a2\">\n#top .hr.hr-invisible.av-mm04k7h7-ffc327f2712537658e0a32815cfe20a2{\nheight:25px;\n}\n<\/style>\n<div  class='hr av-mm04k7h7-ffc327f2712537658e0a32815cfe20a2 hr-invisible  avia-builder-el-11  el_after_av_image  el_before_av_textblock'><span class='hr-inner'><span class=\"hr-inner-style\"><\/span><\/span><\/div><br \/>\n<section  class='av_textblock_section av-mm02nzgc-6b9cd4bb5c96d460bdd014edb7c35fea'   itemscope=\"itemscope\" itemtype=\"https:\/\/schema.org\/CreativeWork\" ><div class='avia_textblock'  itemprop=\"text\" ><h5><strong data-start=\"1830\" data-end=\"1841\">\u00c9tape 1 :<br \/>\n<br class=\"avia-permanent-lb\" \/><br class=\"avia-permanent-lb\" \/><\/strong><\/h5>\n<h5>Examen du syst\u00e8me (20 min)<br \/>\n<br class=\"avia-permanent-lb\" \/><\/h5>\n<p>Vous expliquez ce qui se passe et vos contraintes.<\/p>\n<\/div><\/section><\/p><\/div>\n<div  class='flex_column av-10d86n-24b50eb5f9beb8775758c5d0e0e1c6f0 av_one_third  avia-builder-el-13  el_after_av_one_third  el_before_av_one_third  flex_column_div  column-top-margin'     ><p>\n<style type=\"text\/css\" data-created_by=\"avia_inline_auto\" id=\"style-css-av-mm04gnms-656f7264964d6816f736687b77eff246\">\n.avia-image-container.av-mm04gnms-656f7264964d6816f736687b77eff246 img.avia_image{\nbox-shadow:none;\n}\n.avia-image-container.av-mm04gnms-656f7264964d6816f736687b77eff246 .av-image-caption-overlay-center{\ncolor:#ffffff;\n}\n<\/style>\n<div  class='avia-image-container av-mm04gnms-656f7264964d6816f736687b77eff246 av-styling- avia-align-left  avia-builder-el-14  el_before_av_hr  avia-builder-el-first'   itemprop=\"image\" itemscope=\"itemscope\" itemtype=\"https:\/\/schema.org\/ImageObject\" ><div class=\"avia-image-container-inner\"><div class=\"avia-image-overlay-wrap\"><img decoding=\"async\" fetchpriority=\"high\" class='wp-image-336 avia-img-lazy-loading-not-336 avia_image' src=\"https:\/\/nasotic.com\/wp-content\/uploads\/2026\/02\/decision-making-80x80.png\" alt='' title='la prise de d\u00e9cision'  height=\"80\" width=\"80\"  itemprop=\"thumbnailUrl\" srcset=\"https:\/\/nasotic.com\/wp-content\/uploads\/2026\/02\/decision-making-80x80.png 80w, https:\/\/nasotic.com\/wp-content\/uploads\/2026\/02\/decision-making-300x300.png 300w, https:\/\/nasotic.com\/wp-content\/uploads\/2026\/02\/decision-making-12x12.png 12w, https:\/\/nasotic.com\/wp-content\/uploads\/2026\/02\/decision-making-36x36.png 36w, https:\/\/nasotic.com\/wp-content\/uploads\/2026\/02\/decision-making-180x180.png 180w, https:\/\/nasotic.com\/wp-content\/uploads\/2026\/02\/decision-making.png 512w\" sizes=\"(max-width: 80px) 100vw, 80px\" \/><\/div><\/div><\/div><br \/>\n\n<style type=\"text\/css\" data-created_by=\"avia_inline_auto\" id=\"style-css-av-mm04m800-934792b407fc52ad301920cae976d32e\">\n#top .hr.hr-invisible.av-mm04m800-934792b407fc52ad301920cae976d32e{\nheight:25px;\n}\n<\/style>\n<div  class='hr av-mm04m800-934792b407fc52ad301920cae976d32e hr-invisible  avia-builder-el-15  el_after_av_image  el_before_av_textblock'><span class='hr-inner'><span class=\"hr-inner-style\"><\/span><\/span><\/div><br \/>\n<section  class='av_textblock_section av-mm02pmfw-7cff00ff5849eb4b8d5209d7f9449ac5'   itemscope=\"itemscope\" itemtype=\"https:\/\/schema.org\/CreativeWork\" ><div class='avia_textblock'  itemprop=\"text\" ><h5><strong data-start=\"1830\" data-end=\"1841\">\u00c9tape 2 :<br \/>\n<br class=\"avia-permanent-lb\" \/><br \/>\n<\/strong><\/h5>\n<h5>D\u00e9cision d'adaptation<br \/>\n<br class=\"avia-permanent-lb\" \/><\/h5>\n<p>Nous confirmons si un produit standard correspond \u00e0 vos conditions ou si une solution sur mesure est n\u00e9cessaire.<\/p>\n<\/div><\/section><\/p><\/div>\n<div  class='flex_column av-wv07b-4ca927b285ab2dc59ec47b9990b4cb38 av_one_third  avia-builder-el-17  el_after_av_one_third  el_before_av_hr  flex_column_div  column-top-margin'     ><p>\n<style type=\"text\/css\" data-created_by=\"avia_inline_auto\" id=\"style-css-av-mm04h82j-ff497e781bb46ed92efc101fbd3ee59a\">\n.avia-image-container.av-mm04h82j-ff497e781bb46ed92efc101fbd3ee59a img.avia_image{\nbox-shadow:none;\n}\n.avia-image-container.av-mm04h82j-ff497e781bb46ed92efc101fbd3ee59a .av-image-caption-overlay-center{\ncolor:#ffffff;\n}\n<\/style>\n<div  class='avia-image-container av-mm04h82j-ff497e781bb46ed92efc101fbd3ee59a av-styling- avia-align-left  avia-builder-el-18  el_before_av_hr  avia-builder-el-first'   itemprop=\"image\" itemscope=\"itemscope\" itemtype=\"https:\/\/schema.org\/ImageObject\" ><div class=\"avia-image-container-inner\"><div class=\"avia-image-overlay-wrap\"><img decoding=\"async\" fetchpriority=\"high\" class='wp-image-332 avia-img-lazy-loading-not-332 avia_image' src=\"https:\/\/nasotic.com\/wp-content\/uploads\/2026\/02\/schedule-80x80.png\" alt='' title='calendrier'  height=\"80\" width=\"80\"  itemprop=\"thumbnailUrl\" srcset=\"https:\/\/nasotic.com\/wp-content\/uploads\/2026\/02\/schedule-80x80.png 80w, https:\/\/nasotic.com\/wp-content\/uploads\/2026\/02\/schedule-300x300.png 300w, https:\/\/nasotic.com\/wp-content\/uploads\/2026\/02\/schedule-12x12.png 12w, https:\/\/nasotic.com\/wp-content\/uploads\/2026\/02\/schedule-36x36.png 36w, https:\/\/nasotic.com\/wp-content\/uploads\/2026\/02\/schedule-180x180.png 180w, https:\/\/nasotic.com\/wp-content\/uploads\/2026\/02\/schedule.png 512w\" sizes=\"(max-width: 80px) 100vw, 80px\" \/><\/div><\/div><\/div><br \/>\n\n<style type=\"text\/css\" data-created_by=\"avia_inline_auto\" id=\"style-css-av-mm04mm7u-27ca0f9d6edadbdf5dabb419cff4d166\">\n#top .hr.hr-invisible.av-mm04mm7u-27ca0f9d6edadbdf5dabb419cff4d166{\nheight:25px;\n}\n<\/style>\n<div  class='hr av-mm04mm7u-27ca0f9d6edadbdf5dabb419cff4d166 hr-invisible  avia-builder-el-19  el_after_av_image  el_before_av_textblock'><span class='hr-inner'><span class=\"hr-inner-style\"><\/span><\/span><\/div><br \/>\n<section  class='av_textblock_section av-mm02r2j3-aa928bf2c113c4e55ba03206f7088a32'   itemscope=\"itemscope\" itemtype=\"https:\/\/schema.org\/CreativeWork\" ><div class='avia_textblock'  itemprop=\"text\" ><h5><strong data-start=\"1830\" data-end=\"1841\">\u00c9tape 3 :<br \/>\n<br class=\"avia-permanent-lb\" \/><br \/>\n<\/strong><\/h5>\n<h5>Proposition d'\u00e9tape suivante<br \/>\n<br class=\"avia-permanent-lb\" \/><\/h5>\n<p>Concept pilote ou recommandation de d\u00e9ploiement. Pas d'\u00e9chantillons al\u00e9atoires.<\/p>\n<\/div><\/section><\/p><\/div>\n<div  class='hr av-p5kjr-2fa37eb58373d9254399153ca97125b1 hr-default  avia-builder-el-21  el_after_av_one_third  el_before_av_one_full'><span class='hr-inner'><span class=\"hr-inner-style\"><\/span><\/span><\/div>\n<div  class='flex_column av-j1ihb-f17471b46e0f6d5a624d8180e84bd82d av_one_full  avia-builder-el-22  el_after_av_hr  el_before_av_one_full  first flex_column_div'     ><section  class='av_textblock_section av-mm02tnkx-adb27a88982e7947023233acb9c17843'   itemscope=\"itemscope\" itemtype=\"https:\/\/schema.org\/CreativeWork\" ><div class='avia_textblock'  itemprop=\"text\" ><h3 data-start=\"2174\" data-end=\"2225\">Ce dont nous avons besoin pour recommander la prochaine \u00e9tape :<\/h3>\n<ul>\n<li>Taille approximative de la tour et conditions d'exploitation<\/li>\n<li>Gamme de pH et d\u00e9fis connus en mati\u00e8re de duret\u00e9 et de TDS<\/li>\n<li>Composants du programme actuel (oxydants oui\/non, m\u00e9thode d'alimentation)<\/li>\n<li>Ce que signifie la \u201cr\u00e9ussite\u201d sur le plan op\u00e9rationnel (moins de nettoyages, moins d'incidents, plus de stabilit\u00e9)<\/li>\n<\/ul>\n<\/div><\/section><\/div><div  class='flex_column av-g0s4n-1cf2823d8213bca3dc5da2183a1d69a6 av_one_full  avia-builder-el-24  el_after_av_one_full  el_before_av_one_full  first flex_column_div  column-top-margin'     ><section  class='av_textblock_section av-mm02umd0-b8eb3b647f4d3cac4357b710155a82f7'   itemscope=\"itemscope\" itemtype=\"https:\/\/schema.org\/CreativeWork\" ><div class='avia_textblock'  itemprop=\"text\" ><h2 style=\"text-align: center;\">Vous voulez une recommandation claire, et non un discours g\u00e9n\u00e9rique sur un produit ?<\/h2>\n<\/div><\/section><\/div><\/p>\n<div  class='flex_column av-148jj-f257726619eee89adf01f9b884f47a4b av_one_full  avia-builder-el-26  el_after_av_one_full  avia-builder-el-last  first flex_column_div  column-top-margin'     ><p><div  class='avia-button-wrap av-mm02wyiw-0d9144d34160453f2b378b28c4f8e630-wrap avia-button-center  avia-builder-el-27  el_before_av_textblock  avia-builder-el-first'><a href='https:\/\/tidycal.com\/nasotic\/check-up-meeting-cooling-water-hygiene'  class='avia-button av-mm02wyiw-0d9144d34160453f2b378b28c4f8e630 av-link-btn avia-icon_select-yes-left-icon avia-size-large avia-position-center avia-color-theme-color'   aria-label=\"R\u00e9servez un examen de 20 minutes du syst\u00e8me\"><span class='avia_button_icon avia_button_icon_left avia-svg-icon avia-font-svg_entypo-fontello' data-av_svg_icon='comment' data-av_iconset='svg_entypo-fontello'><svg version=\"1.1\" xmlns=\"http:\/\/www.w3.org\/2000\/svg\" width=\"26\" height=\"32\" viewbox=\"0 0 26 32\" preserveaspectratio=\"xMidYMid meet\" aria-labelledby='av-svg-title-1' aria-describedby='av-svg-desc-1' role=\"graphics-symbol\">\n<title id='av-svg-title-1'>Comment<\/title>\n<desc id='av-svg-desc-1'>Commentaire<\/desc>\n<path d=\"M22.4 4.8q1.344 0 2.272 0.928t0.928 2.272v11.2q0 1.28-0.928 2.24t-2.272 0.96h-6.4v4.8l-6.4-4.8h-6.4q-1.28 0-2.24-0.96t-0.96-2.24v-11.2q0-1.344 0.96-2.272t2.24-0.928h19.2z\"><\/path>\n<\/svg><\/span><span class='avia_iconbox_title' >R\u00e9servez un examen de 20 minutes du syst\u00e8me<\/span><\/a><\/div><br \/>\n<section  class='av_textblock_section av-mm02xud0-7f681d2fef22d83c4f40e1c9001927c9'   itemscope=\"itemscope\" itemtype=\"https:\/\/schema.org\/CreativeWork\" ><div class='avia_textblock'  itemprop=\"text\" ><p style=\"text-align: center;\"><strong>B2B uniquement.<\/strong><\/p>\n<\/div><\/section><\/p><\/div>","protected":false},"excerpt":{"rendered":"","protected":false},"author":1,"featured_media":0,"parent":0,"menu_order":0,"comment_status":"closed","ping_status":"closed","template":"","meta":{"footnotes":""},"class_list":["post-347","page","type-page","status-publish","hentry"],"_links":{"self":[{"href":"https:\/\/nasotic.com\/fr\/wp-json\/wp\/v2\/pages\/347","targetHints":{"allow":["GET"]}}],"collection":[{"href":"https:\/\/nasotic.com\/fr\/wp-json\/wp\/v2\/pages"}],"about":[{"href":"https:\/\/nasotic.com\/fr\/wp-json\/wp\/v2\/types\/page"}],"author":[{"embeddable":true,"href":"https:\/\/nasotic.com\/fr\/wp-json\/wp\/v2\/users\/1"}],"replies":[{"embeddable":true,"href":"https:\/\/nasotic.com\/fr\/wp-json\/wp\/v2\/comments?post=347"}],"version-history":[{"count":5,"href":"https:\/\/nasotic.com\/fr\/wp-json\/wp\/v2\/pages\/347\/revisions"}],"predecessor-version":[{"id":359,"href":"https:\/\/nasotic.com\/fr\/wp-json\/wp\/v2\/pages\/347\/revisions\/359"}],"wp:attachment":[{"href":"https:\/\/nasotic.com\/fr\/wp-json\/wp\/v2\/media?parent=347"}],"curies":[{"name":"wp","href":"https:\/\/api.w.org\/{rel}","templated":true}]}}