{"id":295,"date":"2025-10-21T03:45:55","date_gmt":"2025-10-21T03:45:55","guid":{"rendered":"https:\/\/nasotic.com\/?page_id=295"},"modified":"2025-10-21T11:40:53","modified_gmt":"2025-10-21T11:40:53","slug":"__trashed","status":"publish","type":"page","link":"https:\/\/nasotic.com\/fr\/__trashed\/","title":{"rendered":"Recyclage des peintures"},"content":{"rendered":"<section  class='av_textblock_section av-mh00utbf-b4fe3e0ef4080ba5ed6920f498446de5'   itemscope=\"itemscope\" itemtype=\"https:\/\/schema.org\/CreativeWork\" ><div class='avia_textblock'  itemprop=\"text\" ><h3 data-start=\"355\" data-end=\"410\">Innovation en mati\u00e8re de peinture responsable - Au-del\u00e0 de la performance<\/h3>\n<p data-start=\"411\" data-end=\"685\">NASOTIC s'engage \u00e0 faire progresser non seulement les additifs de sp\u00e9cialit\u00e9 \u00e0 haute performance, mais aussi l'avenir de l'industrie automobile. <strong data-start=\"516\" data-end=\"561\">une fabrication de peinture responsable et circulaire<\/strong>. Nous soutenons activement les initiatives visant \u00e0 \u00e9viter que les restes de peinture ne se retrouvent dans les d\u00e9charges et \u00e0 redonner de la valeur \u00e0 la soci\u00e9t\u00e9 et \u00e0 l'environnement.<\/p>\n<\/div><\/section>\n\n<style type=\"text\/css\" data-created_by=\"avia_inline_auto\" id=\"style-css-av-mh00w7os-0c1ed589dd3a2147dd4def7f560e306e\">\n.avia-image-container.av-mh00w7os-0c1ed589dd3a2147dd4def7f560e306e img.avia_image{\nbox-shadow:none;\n}\n.avia-image-container.av-mh00w7os-0c1ed589dd3a2147dd4def7f560e306e .av-image-caption-overlay-center{\ncolor:#ffffff;\n}\n<\/style>\n<div  class='avia-image-container av-mh00w7os-0c1ed589dd3a2147dd4def7f560e306e av-styling- avia-align-center  avia-builder-el-1  el_after_av_textblock  el_before_av_textblock'   itemprop=\"image\" itemscope=\"itemscope\" itemtype=\"https:\/\/schema.org\/ImageObject\" ><div class=\"avia-image-container-inner\"><div class=\"avia-image-overlay-wrap\"><img decoding=\"async\" fetchpriority=\"high\" class='wp-image-296 avia-img-lazy-loading-not-296 avia_image' src=\"https:\/\/nasotic.com\/wp-content\/uploads\/2025\/10\/Overview-1030x686.png\" alt='' title='Vue d&#039;ensemble'  height=\"686\" width=\"1030\"  itemprop=\"thumbnailUrl\" srcset=\"https:\/\/nasotic.com\/wp-content\/uploads\/2025\/10\/Overview-1030x686.png 1030w, https:\/\/nasotic.com\/wp-content\/uploads\/2025\/10\/Overview-300x200.png 300w, https:\/\/nasotic.com\/wp-content\/uploads\/2025\/10\/Overview-768x511.png 768w, https:\/\/nasotic.com\/wp-content\/uploads\/2025\/10\/Overview-1536x1022.png 1536w, https:\/\/nasotic.com\/wp-content\/uploads\/2025\/10\/Overview-18x12.png 18w, https:\/\/nasotic.com\/wp-content\/uploads\/2025\/10\/Overview-1500x998.png 1500w, https:\/\/nasotic.com\/wp-content\/uploads\/2025\/10\/Overview-705x469.png 705w, https:\/\/nasotic.com\/wp-content\/uploads\/2025\/10\/Overview.png 1594w\" sizes=\"(max-width: 1030px) 100vw, 1030px\" \/><\/div><\/div><\/div>\n<section  class='av_textblock_section av-mh00xmai-eef13851acdd0eb906e6a0ad04ac99c7'   itemscope=\"itemscope\" itemtype=\"https:\/\/schema.org\/CreativeWork\" ><div class='avia_textblock'  itemprop=\"text\" ><h3 data-start=\"692\" data-end=\"741\">Fier soutien de Circular Paint Solutions<\/h3>\n<p data-start=\"742\" data-end=\"1079\">Nous reconnaissons le travail d'organisations telles que <strong data-start=\"786\" data-end=\"818\">La Fondation Paint (501c3)<\/strong> qui transforment les restes de peinture en ressources pr\u00e9cieuses <strong data-start=\"885\" data-end=\"963\">mat\u00e9riaux de rev\u00eatement recycl\u00e9s, impact caritatif et r\u00e9duction mesurable des \u00e9missions de CO\u2082.<\/strong> au lieu de d\u00e9chets.<br data-start=\"981\" data-end=\"984\" \/>La NASOTIC s'associe \u00e0 ces efforts et cherche \u00e0 collaborer avec des partenaires partageant les m\u00eames id\u00e9es.<\/p>\n<hr data-start=\"1081\" data-end=\"1084\" \/>\n<h3 data-start=\"1086\" data-end=\"1143\">L'\u00e9limination devient un don. Le recyclage devient une valeur.<\/h3>\n<p data-start=\"1144\" data-end=\"1359\">L'avenir de la peinture est <strong data-start=\"1167\" data-end=\"1204\">n'est pas seulement plus propre, elle est circulaire<\/strong>.<br data-start=\"1205\" data-end=\"1208\" \/>NASOTIC croit aux technologies et aux partenariats qui transforment les d\u00e9chets en nouvelles opportunit\u00e9s \u00e9conomiques, prot\u00e9geant les ressources tout en renfor\u00e7ant les communaut\u00e9s.<\/p>\n<hr data-start=\"1361\" data-end=\"1364\" \/>\n<h3 data-start=\"1366\" data-end=\"1396\">Vous souhaitez vous associer \u00e0 nous ?<\/h3>\n<p data-start=\"1397\" data-end=\"1599\">Que vous soyez un <strong data-start=\"1415\" data-end=\"1499\">fabricant, recycleur, fondation, municipalit\u00e9 ou marque ax\u00e9e sur le d\u00e9veloppement durable<\/strong>, La NASOTIC se f\u00e9licite de la collaboration visant \u00e0 acc\u00e9l\u00e9rer la mise au point de la prochaine g\u00e9n\u00e9ration de produits. <strong data-start=\"1562\" data-end=\"1598\">technologies de peinture \u00e9co-efficaces<\/strong><\/p>\n<\/div><\/section>","protected":false},"excerpt":{"rendered":"","protected":false},"author":1,"featured_media":0,"parent":0,"menu_order":0,"comment_status":"closed","ping_status":"closed","template":"","meta":{"footnotes":""},"class_list":["post-295","page","type-page","status-publish","hentry"],"_links":{"self":[{"href":"https:\/\/nasotic.com\/fr\/wp-json\/wp\/v2\/pages\/295","targetHints":{"allow":["GET"]}}],"collection":[{"href":"https:\/\/nasotic.com\/fr\/wp-json\/wp\/v2\/pages"}],"about":[{"href":"https:\/\/nasotic.com\/fr\/wp-json\/wp\/v2\/types\/page"}],"author":[{"embeddable":true,"href":"https:\/\/nasotic.com\/fr\/wp-json\/wp\/v2\/users\/1"}],"replies":[{"embeddable":true,"href":"https:\/\/nasotic.com\/fr\/wp-json\/wp\/v2\/comments?post=295"}],"version-history":[{"count":6,"href":"https:\/\/nasotic.com\/fr\/wp-json\/wp\/v2\/pages\/295\/revisions"}],"predecessor-version":[{"id":304,"href":"https:\/\/nasotic.com\/fr\/wp-json\/wp\/v2\/pages\/295\/revisions\/304"}],"wp:attachment":[{"href":"https:\/\/nasotic.com\/fr\/wp-json\/wp\/v2\/media?parent=295"}],"curies":[{"name":"wp","href":"https:\/\/api.w.org\/{rel}","templated":true}]}}