{"id":24,"date":"2025-02-28T20:02:31","date_gmt":"2025-02-28T20:02:31","guid":{"rendered":"https:\/\/nasotic.com\/?page_id=24"},"modified":"2026-03-27T16:45:29","modified_gmt":"2026-03-27T16:45:29","slug":"home","status":"publish","type":"page","link":"https:\/\/nasotic.com\/fr\/","title":{"rendered":"Accueil"},"content":{"rendered":"<style type=\"text\/css\" data-created_by=\"avia_inline_auto\" id=\"style-css-av-m7p7ek5n-1a6df84369bffa8aa042394c3d114e17\">\n#top .av_textblock_section.av-m7p7ek5n-1a6df84369bffa8aa042394c3d114e17 .avia_textblock{\ncolor:#bcdd58;\n}\n<\/style>\n<section  class='av_textblock_section av-m7p7ek5n-1a6df84369bffa8aa042394c3d114e17'   itemscope=\"itemscope\" itemtype=\"https:\/\/schema.org\/CreativeWork\" ><div class='avia_textblock av_inherit_color'  itemprop=\"text\" ><h1 style=\"text-align: center;\">Bienvenue \u00e0 NASOTIC<\/h1>\n<\/div><\/section>\n<div  class='avia-slideshow av-14xh4-898251306a9b0db4eb560281d188d937 avia-slideshow-featured av_slideshow avia-slide-slider  avia-builder-el-1  el_after_av_textblock  el_before_av_textblock  av-slideshow-ui av-control-default av-slideshow-autoplay av-loop-endless av-loop-manual-endless av-default-height-applied avia-slideshow-1' data-slideshow-options=\"{&quot;animation&quot;:&quot;slide&quot;,&quot;autoplay&quot;:true,&quot;loop_autoplay&quot;:&quot;endless&quot;,&quot;interval&quot;:3,&quot;loop_manual&quot;:&quot;manual-endless&quot;,&quot;autoplay_stopper&quot;:false,&quot;noNavigation&quot;:false,&quot;bg_slider&quot;:false,&quot;keep_padding&quot;:false,&quot;hoverpause&quot;:false,&quot;show_slide_delay&quot;:0}\"  itemprop=\"image\" itemscope=\"itemscope\" itemtype=\"https:\/\/schema.org\/ImageObject\" ><ul class='avia-slideshow-inner' style='padding-bottom: 33.59375%;'><li  class='avia-slideshow-slide av-14xh4-898251306a9b0db4eb560281d188d937__0  slide-1 slide-odd'><div data-rel='slideshow-1' class='avia-slide-wrap'   ><div class='av-slideshow-caption av-14xh4-898251306a9b0db4eb560281d188d937__0 avia-caption'><div class=\"avia-inner-caption\"><h2 class='avia-caption-title'  itemprop=\"name\" >Capacit\u00e9s d'entreposage<\/h2><\/div><\/div><img decoding=\"async\" fetchpriority=\"high\" class=\"wp-image-32 avia-img-lazy-loading-not-32\"  src=\"https:\/\/nasotic.com\/wp-content\/uploads\/2025\/02\/chemical-warehouse-629651_1280-1280x430.jpg\" width=\"1280\" height=\"430\" title='Entrep\u00f4t' alt=''  itemprop=\"thumbnailUrl\"   \/><\/div><\/li><li  class='avia-slideshow-slide av-14xh4-898251306a9b0db4eb560281d188d937__1  slide-2 slide-even'><div data-rel='slideshow-1' class='avia-slide-wrap'   ><div class='av-slideshow-caption av-14xh4-898251306a9b0db4eb560281d188d937__1 avia-caption'><div class=\"avia-inner-caption\"><h2 class='avia-caption-title'  itemprop=\"name\" >Engag\u00e9s pour la nature<\/h2><\/div><\/div><img decoding=\"async\" fetchpriority=\"high\" class=\"wp-image-33 avia-img-lazy-loading-not-33\"  src=\"https:\/\/nasotic.com\/wp-content\/uploads\/2025\/02\/pharmacy-2066096_1280-1280x430.jpg\" width=\"1280\" height=\"430\" title='Ressources naturelles' alt=''  itemprop=\"thumbnailUrl\"   \/><\/div><\/li><li  class='avia-slideshow-slide av-14xh4-898251306a9b0db4eb560281d188d937__2  slide-3 slide-odd'><div data-rel='slideshow-1' class='avia-slide-wrap'   ><div class='av-slideshow-caption av-14xh4-898251306a9b0db4eb560281d188d937__2 avia-caption'><div class=\"avia-inner-caption\"><h2 class='avia-caption-title'  itemprop=\"name\" >Capacit\u00e9s des laboratoires<\/h2><\/div><\/div><img decoding=\"async\" fetchpriority=\"high\" class=\"wp-image-34 avia-img-lazy-loading-not-34\"  src=\"https:\/\/nasotic.com\/wp-content\/uploads\/2025\/02\/jar-1825274_1280-1280x430.jpg\" width=\"1280\" height=\"430\" title='Laboratoire' alt=''  itemprop=\"thumbnailUrl\"   \/><\/div><\/li><li  class='avia-slideshow-slide av-14xh4-898251306a9b0db4eb560281d188d937__3  slide-4 slide-even'><div data-rel='slideshow-1' class='avia-slide-wrap'   ><div class='av-slideshow-caption av-14xh4-898251306a9b0db4eb560281d188d937__3 avia-caption'><div class=\"avia-inner-caption\"><h2 class='avia-caption-title'  itemprop=\"name\" >Assistance \u00e0 la formulation<\/h2><\/div><\/div><img decoding=\"async\" fetchpriority=\"high\" class=\"wp-image-35 avia-img-lazy-loading-not-35\"  src=\"https:\/\/nasotic.com\/wp-content\/uploads\/2025\/02\/chemistry-3533039_1280-1280x430.jpg\" width=\"1280\" height=\"430\" title='Le meilleur de la formulation' alt=''  itemprop=\"thumbnailUrl\"   \/><\/div><\/li><\/ul><div class='avia-slideshow-arrows avia-slideshow-controls' ><a href='#prev' class='prev-slide  avia-svg-icon avia-font-svg_entypo-fontello' data-av_svg_icon='left-open-big' data-av_iconset='svg_entypo-fontello' tabindex='-1' title=\"Pr\u00e9c\u00e9dent\"><svg version=\"1.1\" xmlns=\"http:\/\/www.w3.org\/2000\/svg\" width=\"15\" height=\"32\" viewbox=\"0 0 15 32\" preserveaspectratio=\"xMidYMid meet\" aria-labelledby='av-svg-title-1' aria-describedby='av-svg-desc-1' role=\"graphics-symbol\" aria-hidden=\"true\">\n<title id='av-svg-title-1'>Previous<\/title>\n<desc id='av-svg-desc-1'>Pr\u00e9c\u00e9dent<\/desc>\n<path d=\"M14.464 27.84q0.832 0.832 0 1.536-0.832 0.832-1.536 0l-12.544-12.608q-0.768-0.768 0-1.6l12.544-12.608q0.704-0.832 1.536 0 0.832 0.704 0 1.536l-11.456 11.904z\"><\/path>\n<\/svg><span class='avia_hidden_link_text'>Pr\u00e9c\u00e9dent<\/span><\/a><a href='#next' class='next-slide  avia-svg-icon avia-font-svg_entypo-fontello' data-av_svg_icon='right-open-big' data-av_iconset='svg_entypo-fontello' tabindex='-1' title=\"Suivant\"><svg version=\"1.1\" xmlns=\"http:\/\/www.w3.org\/2000\/svg\" width=\"15\" height=\"32\" viewbox=\"0 0 15 32\" preserveaspectratio=\"xMidYMid meet\" aria-labelledby='av-svg-title-2' aria-describedby='av-svg-desc-2' role=\"graphics-symbol\" aria-hidden=\"true\">\n<title id='av-svg-title-2'>Next<\/title>\n<desc id='av-svg-desc-2'>Suivant<\/desc>\n<path d=\"M0.416 27.84l11.456-11.84-11.456-11.904q-0.832-0.832 0-1.536 0.832-0.832 1.536 0l12.544 12.608q0.768 0.832 0 1.6l-12.544 12.608q-0.704 0.832-1.536 0-0.832-0.704 0-1.536z\"><\/path>\n<\/svg><span class='avia_hidden_link_text'>Suivant<\/span><\/a><\/div><div class='avia-slideshow-dots avia-slideshow-controls'><a href='#1' class='goto-slide active' >1<\/a><a href='#2' class='goto-slide' >2<\/a><a href='#3' class='goto-slide' >3<\/a><a href='#4' class='goto-slide' >4<\/a><\/div><\/div>\n<section  class='av_textblock_section av-m7p7t39b-ef40a019c313440fb79fc43a4fbd8d6d'   itemscope=\"itemscope\" itemtype=\"https:\/\/schema.org\/CreativeWork\" ><div class='avia_textblock'  itemprop=\"text\" ><p data-start=\"581\" data-end=\"908\">Au <strong>NASOTIC Inc<\/strong>Nous sommes sp\u00e9cialis\u00e9s dans la fourniture de produits de haute qualit\u00e9. <strong data-start=\"638\" data-end=\"656\">produits chimiques fins<\/strong> d\u00e9riv\u00e9s de sources naturelles ou contribuent \u00e0 \u00e9conomiser les ressources, en soutenant les industries qui exigent des produits de qualit\u00e9 sup\u00e9rieure. <strong data-start=\"730\" data-end=\"755\">expertise en mati\u00e8re de formulation<\/strong> et un approvisionnement fiable. Notre mission consiste \u00e0 <strong data-start=\"795\" data-end=\"905\">combler le foss\u00e9 entre les solutions chimiques innovantes et les entreprises \u00e0 la recherche de mati\u00e8res premi\u00e8res de haute performance<\/strong>.<\/p>\n<p data-start=\"910\" data-end=\"1233\">Nous ne nous contentons pas de vendre des produits chimiques. Nous <strong data-start=\"942\" data-end=\"957\">collaborer<\/strong> avec nos clients pour <strong data-start=\"978\" data-end=\"1013\">d\u00e9velopper des formulations personnalis\u00e9es<\/strong>Nos produits s'int\u00e8grent parfaitement \u00e0 leurs processus de production. Que vous soyez dans le <strong data-start=\"1119\" data-end=\"1190\">l'industrie des peintures et des rev\u00eatements, des produits pharmaceutiques ou des produits chimiques sp\u00e9cialis\u00e9s<\/strong>NASOTIC est l\u00e0 pour soutenir votre croissance.<\/p>\n<p data-start=\"1235\" data-end=\"1434\">Avec une base strat\u00e9gique \u00e0 <strong data-start=\"1260\" data-end=\"1277\">Rock Hill, SC<\/strong>Gr\u00e2ce \u00e0 notre exp\u00e9rience et \u00e0 nos partenariats solides avec l'ensemble de l'industrie, nous nous engageons \u00e0 fournir des solutions durables et de haute qualit\u00e9 qui am\u00e9liorent vos produits et vos processus.<\/p>\n<p data-start=\"1436\" data-end=\"1488\">Cr\u00e9ons quelque chose d'extraordinaire - <strong data-start=\"1473\" data-end=\"1486\">ensemble.<\/strong><\/p>\n<p data-start=\"1490\" data-end=\"1578\">\n<\/div><\/section>\n<div  class='flex_column av-av_one_full-2d22dc0500e159f2b39fe7a147caf14c av_one_full  avia-builder-el-3  el_after_av_textblock  el_before_av_one_half  first flex_column_div  column-top-margin'     ><style type=\"text\/css\" data-created_by=\"avia_inline_auto\" id=\"style-css-av-mn94u149-816abceb23715301611f73284d43c591\">\n.avia-image-container.av-mn94u149-816abceb23715301611f73284d43c591 img.avia_image{\nbox-shadow:none;\n}\n.avia-image-container.av-mn94u149-816abceb23715301611f73284d43c591 .av-image-caption-overlay-center{\ncolor:#ffffff;\n}\n<\/style>\n<div  class='avia-image-container av-mn94u149-816abceb23715301611f73284d43c591 av-styling- av-img-linked avia-align-center  avia-builder-el-4  avia-builder-el-no-sibling'   itemprop=\"image\" itemscope=\"itemscope\" itemtype=\"https:\/\/schema.org\/ImageObject\" ><div class=\"avia-image-container-inner\"><div class=\"avia-image-overlay-wrap\"><a href=\"https:\/\/american-coatings-show.com\/\" class='avia_image'  aria-label='Annonce ACS 2026 NASOTIC'><img decoding=\"async\" fetchpriority=\"high\" class='wp-image-381 avia-img-lazy-loading-not-381 avia_image' src=\"https:\/\/nasotic.com\/wp-content\/uploads\/2026\/03\/Announcement-ACS-2026-NASOTIC.png\" alt='' title='Annonce ACS 2026 NASOTIC'  height=\"400\" width=\"744\"  itemprop=\"thumbnailUrl\" srcset=\"https:\/\/nasotic.com\/wp-content\/uploads\/2026\/03\/Announcement-ACS-2026-NASOTIC.png 744w, https:\/\/nasotic.com\/wp-content\/uploads\/2026\/03\/Announcement-ACS-2026-NASOTIC-300x161.png 300w, https:\/\/nasotic.com\/wp-content\/uploads\/2026\/03\/Announcement-ACS-2026-NASOTIC-18x10.png 18w, https:\/\/nasotic.com\/wp-content\/uploads\/2026\/03\/Announcement-ACS-2026-NASOTIC-705x379.png 705w\" sizes=\"(max-width: 744px) 100vw, 744px\" \/><\/a><\/div><\/div><\/div><\/div><div  class='flex_column av-1ap44-6d09bc73b45a0fa27af57220bfedbcaa av_one_half  avia-builder-el-5  el_after_av_one_full  el_before_av_one_half  first flex_column_div  column-top-margin'     ><div  class='avia-button-wrap av-m7whar7k-9f389fc8564972fca7fe31f5e0d15122-wrap avia-button-center  avia-builder-el-6  avia-builder-el-no-sibling'><a href='tel:+18034483423'  class='avia-button av-m7whar7k-9f389fc8564972fca7fe31f5e0d15122 av-link-btn avia-icon_select-yes-left-icon avia-size-small avia-position-center avia-color-theme-color'   aria-label=\"Appelez-nous\"><span class='avia_button_icon avia_button_icon_left avia-svg-icon avia-font-svg_entypo-fontello' data-av_svg_icon='phone' data-av_iconset='svg_entypo-fontello'><svg version=\"1.1\" xmlns=\"http:\/\/www.w3.org\/2000\/svg\" width=\"26\" height=\"32\" viewbox=\"0 0 26 32\" preserveaspectratio=\"xMidYMid meet\" aria-labelledby='av-svg-title-3' aria-describedby='av-svg-desc-3' role=\"graphics-symbol\">\n<title id='av-svg-title-3'>Phone<\/title>\n<desc id='av-svg-desc-3'>T\u00e9l\u00e9phone<\/desc>\n<path d=\"M14.752 17.92q5.184-5.184 3.776-6.592l-0.256-0.256q-0.96-0.96-1.312-1.536t-0.128-1.728 1.568-2.816q0.64-0.768 1.184-1.248t1.12-0.512 0.96-0.032 0.928 0.416 0.768 0.576 0.832 0.8 0.672 0.704q1.536 1.536-0.192 6.208t-6.528 9.408q-4.8 4.8-9.44 6.56t-6.176 0.224q-0.064-0.064-0.736-0.704t-0.8-0.8-0.576-0.768-0.416-0.992 0.064-0.96 0.48-1.12 1.216-1.184q1.344-1.088 2.24-1.504t1.728-0.064 1.12 0.576 1.248 1.184q1.408 1.408 6.656-3.84z\"><\/path>\n<\/svg><\/span><span class='avia_iconbox_title' >Appelez-nous<\/span><\/a><\/div><\/div><\/p>\n<div  class='flex_column av-s47k-744bf9598e5cb9e7dd2a25183dc6e561 av_one_half  avia-builder-el-7  el_after_av_one_half  avia-builder-el-last  flex_column_div  column-top-margin'     ><div  class='avia-button-wrap av-m90aqko2-6a8b4a73a11cc2b643519eedae6af179-wrap avia-button-center  avia-builder-el-8  avia-builder-el-no-sibling'><a href='https:\/\/nasotic.com\/fr\/contact\/'  class='avia-button av-m90aqko2-6a8b4a73a11cc2b643519eedae6af179 av-link-btn avia-icon_select-yes-left-icon avia-size-small avia-position-center avia-color-theme-color'   aria-label=\"Nous contacter\"><span class='avia_button_icon avia_button_icon_left avia-svg-icon avia-font-svg_entypo-fontello' data-av_svg_icon='mail' data-av_iconset='svg_entypo-fontello'><svg version=\"1.1\" xmlns=\"http:\/\/www.w3.org\/2000\/svg\" width=\"29\" height=\"32\" viewbox=\"0 0 29 32\" preserveaspectratio=\"xMidYMid meet\" aria-labelledby='av-svg-title-4' aria-describedby='av-svg-desc-4' role=\"graphics-symbol\">\n<title id='av-svg-title-4'>Mail<\/title>\n<desc id='av-svg-desc-4'>Courrier<\/desc>\n<path d=\"M0.96 8.448q-1.024-0.576-0.896-1.28 0.064-0.448 0.832-0.448h27.072q1.216 0 0.64 1.024-0.256 0.448-0.768 0.704-0.448 0.192-6.144 3.264t-5.824 3.136q-0.512 0.32-1.472 0.32-0.896 0-1.472-0.32-0.128-0.064-5.824-3.136t-6.144-3.264zM28.16 11.648q0.64-0.32 0.64 0.32v11.776q0 0.512-0.544 1.024t-1.056 0.512h-25.6q-0.512 0-1.056-0.512t-0.544-1.024v-11.776q0-0.64 0.64-0.32l12.288 6.4q0.576 0.32 1.472 0.32t1.472-0.32z\"><\/path>\n<\/svg><\/span><span class='avia_iconbox_title' >Nous contacter<\/span><\/a><\/div><\/div>","protected":false},"excerpt":{"rendered":"","protected":false},"author":1,"featured_media":0,"parent":0,"menu_order":0,"comment_status":"closed","ping_status":"closed","template":"","meta":{"footnotes":""},"class_list":["post-24","page","type-page","status-publish","hentry"],"_links":{"self":[{"href":"https:\/\/nasotic.com\/fr\/wp-json\/wp\/v2\/pages\/24","targetHints":{"allow":["GET"]}}],"collection":[{"href":"https:\/\/nasotic.com\/fr\/wp-json\/wp\/v2\/pages"}],"about":[{"href":"https:\/\/nasotic.com\/fr\/wp-json\/wp\/v2\/types\/page"}],"author":[{"embeddable":true,"href":"https:\/\/nasotic.com\/fr\/wp-json\/wp\/v2\/users\/1"}],"replies":[{"embeddable":true,"href":"https:\/\/nasotic.com\/fr\/wp-json\/wp\/v2\/comments?post=24"}],"version-history":[{"count":5,"href":"https:\/\/nasotic.com\/fr\/wp-json\/wp\/v2\/pages\/24\/revisions"}],"predecessor-version":[{"id":382,"href":"https:\/\/nasotic.com\/fr\/wp-json\/wp\/v2\/pages\/24\/revisions\/382"}],"wp:attachment":[{"href":"https:\/\/nasotic.com\/fr\/wp-json\/wp\/v2\/media?parent=24"}],"curies":[{"name":"wp","href":"https:\/\/api.w.org\/{rel}","templated":true}]}}