{"id":148,"date":"2025-03-06T19:05:57","date_gmt":"2025-03-06T19:05:57","guid":{"rendered":"https:\/\/nasotic.com\/?page_id=148"},"modified":"2025-03-06T19:05:58","modified_gmt":"2025-03-06T19:05:58","slug":"imprint","status":"publish","type":"page","link":"https:\/\/nasotic.com\/fr\/imprint\/","title":{"rendered":"Impression"},"content":{"rendered":"<style type=\"text\/css\" data-created_by=\"avia_inline_auto\" id=\"style-css-av-m7xpuz3x-8926139b5954f0f725346910c8a26731\">\n.avia-image-container.av-m7xpuz3x-8926139b5954f0f725346910c8a26731 img.avia_image{\nbox-shadow:none;\n}\n.avia-image-container.av-m7xpuz3x-8926139b5954f0f725346910c8a26731 .av-image-caption-overlay-center{\ncolor:#ffffff;\n}\n<\/style>\n<div  class='avia-image-container av-m7xpuz3x-8926139b5954f0f725346910c8a26731 av-styling- avia-align-center  avia-builder-el-0  el_before_av_textblock  avia-builder-el-first'   itemprop=\"image\" itemscope=\"itemscope\" itemtype=\"https:\/\/schema.org\/ImageObject\" ><div class=\"avia-image-container-inner\"><div class=\"avia-image-overlay-wrap\"><img decoding=\"async\" fetchpriority=\"high\" class='wp-image-23 avia-img-lazy-loading-not-23 avia_image' src=\"https:\/\/nasotic.com\/wp-content\/uploads\/2025\/02\/cropped-Favicon-NASOTIC-300x300.png\" alt='' title='cropped-Favicon-NASOTIC.png'  height=\"300\" width=\"300\"  itemprop=\"thumbnailUrl\" srcset=\"https:\/\/nasotic.com\/wp-content\/uploads\/2025\/02\/cropped-Favicon-NASOTIC-300x300.png 300w, https:\/\/nasotic.com\/wp-content\/uploads\/2025\/02\/cropped-Favicon-NASOTIC-80x80.png 80w, https:\/\/nasotic.com\/wp-content\/uploads\/2025\/02\/cropped-Favicon-NASOTIC-36x36.png 36w, https:\/\/nasotic.com\/wp-content\/uploads\/2025\/02\/cropped-Favicon-NASOTIC-180x180.png 180w, https:\/\/nasotic.com\/wp-content\/uploads\/2025\/02\/cropped-Favicon-NASOTIC-270x270.png 270w, https:\/\/nasotic.com\/wp-content\/uploads\/2025\/02\/cropped-Favicon-NASOTIC-192x192.png 192w, https:\/\/nasotic.com\/wp-content\/uploads\/2025\/02\/cropped-Favicon-NASOTIC-32x32.png 32w, https:\/\/nasotic.com\/wp-content\/uploads\/2025\/02\/cropped-Favicon-NASOTIC.png 512w\" sizes=\"(max-width: 300px) 100vw, 300px\" \/><\/div><\/div><\/div>\n<section  class='av_textblock_section av-m7xpui6w-a7c5b58fe9278f4e75e6c0869baea041'   itemscope=\"itemscope\" itemtype=\"https:\/\/schema.org\/CreativeWork\" ><div class='avia_textblock'  itemprop=\"text\" ><hr \/>\n<h3><strong>Impression<\/strong><\/h3>\n<p><strong>NASOTIC Inc.<\/strong><br \/>\n800 Celriver Rd.<br \/>\nRock Hill, SC 29730<br \/>\n\u00c9TATS-UNIS<\/p>\n<p><strong>Pr\u00e9sident :<\/strong><br \/>\nRalph Jan Woerheide<\/p>\n<p><strong>Informations de contact :<\/strong><br \/>\nT\u00e9l\u00e9phone : <strong>(803) 448-3423<\/strong><br \/>\nSite web : <a href=\"https:\/\/nasotic.com\/fr\/\">www.nasotic.com<\/a><\/p>\n<p><strong>Informations sur l'entreprise :<\/strong><br \/>\nForme juridique : Soci\u00e9t\u00e9<br \/>\nEnregistr\u00e9 en : Wyoming, \u00c9tats-Unis<br \/>\nNum\u00e9ro d'enregistrement de la soci\u00e9t\u00e9 : <strong>2025-001596222<\/strong><\/p>\n<p><strong>Responsable du contenu :<\/strong><br \/>\nRalph Jan Woerheide<br \/>\n800 Celriver Rd.<br \/>\nRock Hill, SC 29730<br \/>\n\u00c9TATS-UNIS<\/p>\n<h3><strong>Mentions l\u00e9gales<\/strong><\/h3>\n<h4><strong>Responsabilit\u00e9 du contenu<\/strong><\/h4>\n<p>Le contenu de ce site Web est fourni \u00e0 titre d'information g\u00e9n\u00e9rale uniquement. Bien que nous fassions tout notre possible pour en assurer l'exactitude, NASOTIC Inc. n'assume aucune responsabilit\u00e9 quant \u00e0 l'exhaustivit\u00e9, l'exactitude ou l'actualit\u00e9 des informations fournies. Nous nous r\u00e9servons le droit de modifier, de mettre \u00e0 jour ou de supprimer le contenu sans pr\u00e9avis.<\/p>\n<h4><strong>Responsabilit\u00e9 des liens<\/strong><\/h4>\n<p>Notre site web peut contenir des liens vers des sites web externes. Nous n'avons aucune influence sur le contenu de ces sites et n'assumons aucune responsabilit\u00e9 quant \u00e0 leur contenu. Le fournisseur ou l'exploitant respectif est seul responsable du contenu des pages li\u00e9es.<\/p>\n<h4><strong>Clause de non-responsabilit\u00e9 concernant les produits<\/strong><\/h4>\n<p>NASOTIC Inc. fournit des produits chimiques destin\u00e9s \u00e0 un usage industriel et professionnel. Les informations contenues dans ce site Web ne remplacent pas les conseils d'un professionnel. Les clients doivent s'assurer que les produits conviennent aux applications pr\u00e9vues et se conformer \u00e0 toutes les r\u00e9glementations et directives de s\u00e9curit\u00e9 applicables. NASOTIC Inc. n'assume aucune responsabilit\u00e9 en cas d'utilisation ou de manipulation inappropri\u00e9e des produits.<\/p>\n<h4><strong>Avis de droit d'auteur<\/strong><\/h4>\n<p>Tout le contenu, y compris les textes, les images et les graphiques, est la propri\u00e9t\u00e9 de NASOTIC Inc. sauf indication contraire. Reproduction non autoris\u00e9e,<\/p>\n<\/div><\/section>","protected":false},"excerpt":{"rendered":"","protected":false},"author":1,"featured_media":0,"parent":0,"menu_order":0,"comment_status":"closed","ping_status":"closed","template":"","meta":{"footnotes":""},"class_list":["post-148","page","type-page","status-publish","hentry"],"_links":{"self":[{"href":"https:\/\/nasotic.com\/fr\/wp-json\/wp\/v2\/pages\/148","targetHints":{"allow":["GET"]}}],"collection":[{"href":"https:\/\/nasotic.com\/fr\/wp-json\/wp\/v2\/pages"}],"about":[{"href":"https:\/\/nasotic.com\/fr\/wp-json\/wp\/v2\/types\/page"}],"author":[{"embeddable":true,"href":"https:\/\/nasotic.com\/fr\/wp-json\/wp\/v2\/users\/1"}],"replies":[{"embeddable":true,"href":"https:\/\/nasotic.com\/fr\/wp-json\/wp\/v2\/comments?post=148"}],"version-history":[{"count":0,"href":"https:\/\/nasotic.com\/fr\/wp-json\/wp\/v2\/pages\/148\/revisions"}],"wp:attachment":[{"href":"https:\/\/nasotic.com\/fr\/wp-json\/wp\/v2\/media?parent=148"}],"curies":[{"name":"wp","href":"https:\/\/api.w.org\/{rel}","templated":true}]}}