{"id":126,"date":"2025-03-05T21:54:41","date_gmt":"2025-03-05T21:54:41","guid":{"rendered":"https:\/\/nasotic.com\/?page_id=126"},"modified":"2025-04-02T19:20:15","modified_gmt":"2025-04-02T19:20:15","slug":"ps-photonox","status":"publish","type":"page","link":"https:\/\/nasotic.com\/fr\/ps-photonox\/","title":{"rendered":"PS-PHOTONOX Pigments photocatalytiques"},"content":{"rendered":"<div  class='flex_column av-hamg6-ddb9be3b176de63deaec0cded66538da av_one_half  avia-builder-el-0  el_before_av_one_half  avia-builder-el-first  first flex_column_div'     ><p>\n<style type=\"text\/css\" data-created_by=\"avia_inline_auto\" id=\"style-css-av-m7wg46ba-0c4fe4355e2fdb45ca7a7b309c253625\">\n.avia-image-container.av-m7wg46ba-0c4fe4355e2fdb45ca7a7b309c253625 img.avia_image{\nbox-shadow:none;\n}\n.avia-image-container.av-m7wg46ba-0c4fe4355e2fdb45ca7a7b309c253625 .av-image-caption-overlay-center{\ncolor:#ffffff;\n}\n<\/style>\n<div  class='avia-image-container av-m7wg46ba-0c4fe4355e2fdb45ca7a7b309c253625 av-styling- avia-align-center  avia-builder-el-1  el_before_av_textblock  avia-builder-el-first'   itemprop=\"image\" itemscope=\"itemscope\" itemtype=\"https:\/\/schema.org\/ImageObject\" ><div class=\"avia-image-container-inner\"><div class=\"avia-image-overlay-wrap\"><img decoding=\"async\" fetchpriority=\"high\" class='wp-image-127 avia-img-lazy-loading-not-127 avia_image' src=\"https:\/\/nasotic.com\/wp-content\/uploads\/2025\/03\/PS-Photonox-300x281.png\" alt='' title='PS-Photonox'  height=\"281\" width=\"300\"  itemprop=\"thumbnailUrl\" srcset=\"https:\/\/nasotic.com\/wp-content\/uploads\/2025\/03\/PS-Photonox-300x281.png 300w, https:\/\/nasotic.com\/wp-content\/uploads\/2025\/03\/PS-Photonox.png 359w\" sizes=\"(max-width: 300px) 100vw, 300px\" \/><\/div><\/div><\/div><br \/>\n<section  class='av_textblock_section av-m7wg4f78-9c840a2d0d2815caccc3ad2baf75daa6'   itemscope=\"itemscope\" itemtype=\"https:\/\/schema.org\/CreativeWork\" ><div class='avia_textblock'  itemprop=\"text\" ><p>PS Photonox pour des surfaces propres et plus encore - gr\u00e2ce aux effets photocatalytiques.<\/p>\n<\/div><\/section><\/p><\/div>\n<div  class='flex_column av-ahq3a-3915371c2b21a3f5fa9a3eea6fcf2da6 av_one_half  avia-builder-el-3  el_after_av_one_half  el_before_av_one_full  flex_column_div'     ><section  class='av_textblock_section av-m7wg4wad-47aeb55943c5fa5efc8a25de02267bd3'   itemscope=\"itemscope\" itemtype=\"https:\/\/schema.org\/CreativeWork\" ><div class='avia_textblock'  itemprop=\"text\" ><h3 class=\"\" data-start=\"112\" data-end=\"178\">\u2600\ufe0f <strong data-start=\"119\" data-end=\"178\">PS-Photonox - Pigment photocatalytique pour des surfaces propres<\/strong><\/h3>\n<p class=\"\" data-start=\"180\" data-end=\"498\"><strong data-start=\"180\" data-end=\"195\">PS-Photonox<\/strong> est un <strong data-start=\"201\" data-end=\"254\">dioxyde de titane (TiO\u2082) photocatalytiquement actif<\/strong> con\u00e7u par <strong data-start=\"269\" data-end=\"293\">Pigmentsolution GmbH<\/strong> \u00e0 d\u00e9livrer <strong data-start=\"305\" data-end=\"340\">autonettoyant et purificateur d'air<\/strong> dans une large gamme d'applications de surface. Contrairement aux pigments TiO\u2082 classiques, le PS-Photonox est con\u00e7u sp\u00e9cifiquement pour <strong data-start=\"465\" data-end=\"497\">efficacit\u00e9 catalytique maximale<\/strong>.<\/p>\n<p>Les domaines d'application sont multiples - n'h\u00e9sitez pas \u00e0 nous contacter pour en savoir plus sur ce produit !<\/p>\n<\/div><\/section><br \/>\n<div  class='avia-button-wrap av-1o57y-6ba6e4ff2b5f63f3ac535cd5639a9bc4-wrap avia-button-center  avia-builder-el-5  el_after_av_textblock  avia-builder-el-last'><a href='https:\/\/nasotic.com\/fr\/contact\/'  class='avia-button av-1o57y-6ba6e4ff2b5f63f3ac535cd5639a9bc4 av-link-btn avia-icon_select-no avia-size-small avia-position-center avia-color-theme-color'   aria-label=\"Nous contacter\"><span class='avia_iconbox_title' >Nous contacter<\/span><\/a><\/div><\/p><\/div><div  class='flex_column av-8elm6-de493d17545a65d83d42809a1e128871 av_one_full  avia-builder-el-6  el_after_av_one_half  el_before_av_button  first flex_column_div  column-top-margin'     ><section  class='av_textblock_section av-m908f873-99d6c7cb4b5ea616a29172225a7b33d7'   itemscope=\"itemscope\" itemtype=\"https:\/\/schema.org\/CreativeWork\" ><div class='avia_textblock'  itemprop=\"text\" ><h3 class=\"\" data-start=\"505\" data-end=\"547\">\u2697\ufe0f <strong data-start=\"512\" data-end=\"547\">Qu'est-ce qui fait la sp\u00e9cificit\u00e9 de PS-Photonox ?<\/strong><\/h3>\n<ul data-start=\"549\" data-end=\"1221\">\n<li class=\"\" data-start=\"549\" data-end=\"721\">\n<p class=\"\" data-start=\"551\" data-end=\"721\">\u2705 <strong data-start=\"553\" data-end=\"582\">Morphologie du TiO\u2082 ultrafin<\/strong><br data-start=\"582\" data-end=\"585\" \/>Optimisation de la taille et de la structure des particules pour <strong data-start=\"629\" data-end=\"665\">activit\u00e9 photocatalytique am\u00e9lior\u00e9e<\/strong> sous UV (et lumi\u00e8re visible, selon la formulation).<\/p>\n<\/li>\n<li class=\"\" data-start=\"723\" data-end=\"897\">\n<p class=\"\" data-start=\"725\" data-end=\"897\">\ud83e\uddea <strong data-start=\"728\" data-end=\"757\">Test\u00e9 dans des laboratoires accr\u00e9dit\u00e9s<\/strong><br data-start=\"757\" data-end=\"760\" \/>Chaque formulation est <strong data-start=\"782\" data-end=\"806\">sp\u00e9cifique \u00e0 l'application<\/strong>, \u00e9labor\u00e9e et valid\u00e9e avec l'aide de l <strong data-start=\"837\" data-end=\"875\">essais personnalis\u00e9s pour la d\u00e9gradation des NOx<\/strong> et d'autres polluants.<\/p>\n<\/li>\n<li class=\"\" data-start=\"899\" data-end=\"1077\">\n<p class=\"\" data-start=\"901\" data-end=\"1077\">\ud83d\udca8 <strong data-start=\"904\" data-end=\"932\">Capacit\u00e9 de purification de l'air<\/strong><br data-start=\"932\" data-end=\"935\" \/>D\u00e9gradation active <strong data-start=\"955\" data-end=\"980\">oxydes d'azote (NOx)<\/strong>Les produits de l'industrie de l'automobile, les COV et les autres substances nocives en suspension dans l'air, sont id\u00e9aux pour l'industrie de l'automobile et de l'automobile. <strong data-start=\"1036\" data-end=\"1076\">environnements urbains, routes, b\u00e2timents<\/strong>.<\/p>\n<\/li>\n<li class=\"\" data-start=\"1079\" data-end=\"1221\">\n<p class=\"\" data-start=\"1081\" data-end=\"1221\">\ud83e\uddfc <strong data-start=\"1084\" data-end=\"1110\">Surfaces autonettoyantes<\/strong><br data-start=\"1110\" data-end=\"1113\" \/>Conserve les surfaces <strong data-start=\"1130\" data-end=\"1152\">plus propre plus longtemps<\/strong>La technologie de l'acier inoxydable permet de r\u00e9duire les besoins d'entretien des fa\u00e7ades, du verre ou des rev\u00eatements ext\u00e9rieurs.<\/p>\n<\/li>\n<\/ul>\n<hr class=\"\" data-start=\"1223\" data-end=\"1226\" \/>\n<h3 class=\"\" data-start=\"1228\" data-end=\"1251\">\ud83d\udd0d <strong data-start=\"1235\" data-end=\"1251\">Comment \u00e7a marche<\/strong><\/h3>\n<p class=\"\" data-start=\"1253\" data-end=\"1352\">Le PS-Photonox, lorsqu'il est expos\u00e9 \u00e0 la lumi\u00e8re, agit comme un <strong data-start=\"1299\" data-end=\"1311\">catalyseur<\/strong> pour d\u00e9clencher <strong data-start=\"1323\" data-end=\"1346\">r\u00e9actions d'oxydation<\/strong> que :<\/p>\n<ul data-start=\"1353\" data-end=\"1538\">\n<li class=\"\" data-start=\"1353\" data-end=\"1403\">\n<p class=\"\" data-start=\"1355\" data-end=\"1403\">D\u00e9composition <strong data-start=\"1366\" data-end=\"1384\">mati\u00e8re organique<\/strong> et <strong data-start=\"1389\" data-end=\"1403\">polluants<\/strong><\/p>\n<\/li>\n<li class=\"\" data-start=\"1404\" data-end=\"1477\">\n<p class=\"\" data-start=\"1406\" data-end=\"1477\">Pr\u00e9venir la <strong data-start=\"1418\" data-end=\"1477\">l'accumulation de salet\u00e9s, de particules de smog et de croissance biologique<\/strong><\/p>\n<\/li>\n<li class=\"\" data-start=\"1478\" data-end=\"1538\">\n<p class=\"\" data-start=\"1480\" data-end=\"1538\">Am\u00e9liorer la qualit\u00e9 de l'air gr\u00e2ce \u00e0 <strong data-start=\"1508\" data-end=\"1527\">NO \u2192 NO\u2082 \u2192 HNO\u2083<\/strong> conversion<\/p>\n<\/li>\n<\/ul>\n<hr class=\"\" data-start=\"1540\" data-end=\"1543\" \/>\n<h3 class=\"\" data-start=\"1545\" data-end=\"1573\">\ud83e\uddf0 <strong data-start=\"1552\" data-end=\"1573\">Domaines d'application<\/strong><\/h3>\n<ul data-start=\"1575\" data-end=\"1720\">\n<li class=\"\" data-start=\"1575\" data-end=\"1622\">\n<p class=\"\" data-start=\"1577\" data-end=\"1622\"><strong data-start=\"1577\" data-end=\"1598\">Peintures et rev\u00eatements<\/strong> (int\u00e9rieur et ext\u00e9rieur)<\/p>\n<\/li>\n<li class=\"\" data-start=\"1623\" data-end=\"1638\">\n<p class=\"\" data-start=\"1625\" data-end=\"1638\"><strong data-start=\"1625\" data-end=\"1638\">Vernis<\/strong><\/p>\n<\/li>\n<li class=\"\" data-start=\"1639\" data-end=\"1667\">\n<p class=\"\" data-start=\"1641\" data-end=\"1667\"><strong data-start=\"1641\" data-end=\"1667\">Mat\u00e9riaux \u00e0 base de ciment<\/strong><\/p>\n<\/li>\n<li class=\"\" data-start=\"1668\" data-end=\"1720\">\n<p class=\"\" data-start=\"1670\" data-end=\"1720\"><strong data-start=\"1670\" data-end=\"1686\">M\u00e9dia filtrant<\/strong> (par exemple pour les unit\u00e9s de purification de l'air)<\/p>\n<\/li>\n<\/ul>\n<hr class=\"\" data-start=\"1722\" data-end=\"1725\" \/>\n<h3 class=\"\" data-start=\"1727\" data-end=\"1752\">\ud83e\uddea <strong data-start=\"1734\" data-end=\"1752\">Principaux avantages<\/strong><\/h3>\n<div class=\"overflow-x-auto contain-inline-size\">\n<table data-start=\"1754\" data-end=\"2093\">\n<thead data-start=\"1754\" data-end=\"1779\">\n<tr data-start=\"1754\" data-end=\"1779\">\n<th data-start=\"1754\" data-end=\"1764\">Fonctionnalit\u00e9<\/th>\n<th data-start=\"1764\" data-end=\"1779\">PS-Photonox<\/th>\n<\/tr>\n<\/thead>\n<tbody data-start=\"1806\" data-end=\"2093\">\n<tr data-start=\"1806\" data-end=\"1845\">\n<td><strong data-start=\"1808\" data-end=\"1837\">Conception optimis\u00e9e des particules<\/strong><\/td>\n<td>Oui<\/td>\n<\/tr>\n<tr data-start=\"1846\" data-end=\"1889\">\n<td><strong data-start=\"1848\" data-end=\"1881\">Formulations personnalis\u00e9es disponibles<\/strong><\/td>\n<td>Oui<\/td>\n<\/tr>\n<tr data-start=\"1890\" data-end=\"1932\">\n<td><strong data-start=\"1892\" data-end=\"1918\">D\u00e9gradation prouv\u00e9e des NOx<\/strong><\/td>\n<td>Valid\u00e9<\/td>\n<\/tr>\n<tr data-start=\"1933\" data-end=\"1972\">\n<td><strong data-start=\"1935\" data-end=\"1964\">Autonettoyant et anti-bu\u00e9e<\/strong><\/td>\n<td>Oui<\/td>\n<\/tr>\n<tr data-start=\"1973\" data-end=\"2028\">\n<td><strong data-start=\"1975\" data-end=\"2003\">Fonction activ\u00e9e par la lumi\u00e8re<\/strong><\/td>\n<td>D\u00e9pendante des UV\/Visible<\/td>\n<\/tr>\n<tr data-start=\"2029\" data-end=\"2093\">\n<td><strong data-start=\"2031\" data-end=\"2065\">Compatibilit\u00e9 matricielle polyvalente<\/strong><\/td>\n<td>Peinture, ciment, rev\u00eatements<\/td>\n<\/tr>\n<\/tbody>\n<\/table>\n<\/div>\n<hr class=\"\" data-start=\"2095\" data-end=\"2098\" \/>\n<h3 class=\"\" data-start=\"2100\" data-end=\"2124\">\ud83d\udd27 <strong data-start=\"2107\" data-end=\"2124\">Comment il est utilis\u00e9<\/strong><\/h3>\n<ul data-start=\"2126\" data-end=\"2349\">\n<li class=\"\" data-start=\"2126\" data-end=\"2184\">\n<p class=\"\" data-start=\"2128\" data-end=\"2184\">Incorpor\u00e9 dans les rev\u00eatements ou le ciment lors de la formulation.<\/p>\n<\/li>\n<li class=\"\" data-start=\"2185\" data-end=\"2270\">\n<p class=\"\" data-start=\"2187\" data-end=\"2270\">Le dosage et le traitement sont <strong data-start=\"2213\" data-end=\"2237\">sp\u00e9cifique \u00e0 l'application<\/strong>-discut\u00e9 directement avec les clients.<\/p>\n<\/li>\n<li class=\"\" data-start=\"2271\" data-end=\"2349\">\n<p class=\"\" data-start=\"2273\" data-end=\"2349\">La formulation finale est <strong data-start=\"2294\" data-end=\"2317\">test\u00e9 et ajust\u00e9<\/strong> pour une r\u00e9ponse catalytique optimale.<\/p>\n<\/li>\n<\/ul>\n<hr class=\"\" data-start=\"2351\" data-end=\"2354\" \/>\n<h3 class=\"\" data-start=\"2356\" data-end=\"2389\">\u2705 <strong data-start=\"2362\" data-end=\"2389\">Pourquoi choisir PS-Photonox ?<\/strong><\/h3>\n<ul data-start=\"2391\" data-end=\"2710\">\n<li class=\"\" data-start=\"2391\" data-end=\"2497\">\n<p class=\"\" data-start=\"2393\" data-end=\"2497\"><strong data-start=\"2393\" data-end=\"2430\">Technologie respectueuse de l'environnement<\/strong>-contribue \u00e0 <strong data-start=\"2446\" data-end=\"2461\">un air plus pur<\/strong> et <strong data-start=\"2466\" data-end=\"2496\">infrastructure durable<\/strong>.<\/p>\n<\/li>\n<li class=\"\" data-start=\"2498\" data-end=\"2559\">\n<p class=\"\" data-start=\"2500\" data-end=\"2559\">Id\u00e9al pour <strong data-start=\"2510\" data-end=\"2543\">certifications de b\u00e2timents \u00e9cologiques<\/strong> (LEED, BREEAM).<\/p>\n<\/li>\n<li class=\"\" data-start=\"2560\" data-end=\"2623\">\n<p class=\"\" data-start=\"2562\" data-end=\"2623\">Soutenu par <strong data-start=\"2572\" data-end=\"2587\">tests en laboratoire<\/strong> et <strong data-start=\"2592\" data-end=\"2622\">une assistance technique sur mesure<\/strong>.<\/p>\n<\/li>\n<li class=\"\" data-start=\"2624\" data-end=\"2710\">\n<p class=\"\" data-start=\"2626\" data-end=\"2710\">Confiance de la part de <strong data-start=\"2637\" data-end=\"2658\">les partenaires de l'industrie<\/strong> pour les syst\u00e8mes de surface photocatalytique de la prochaine g\u00e9n\u00e9ration.<\/p>\n<\/li>\n<\/ul>\n<\/div><\/section><\/div><\/p>\n<div  class='avia-button-wrap av-ta3y-11313bec43caf8595a1861e0de5c7d95-wrap avia-button-center  avia-builder-el-8  el_after_av_one_full  avia-builder-el-last'><a href='https:\/\/nasotic.com\/fr\/contact\/'  class='avia-button av-ta3y-11313bec43caf8595a1861e0de5c7d95 av-link-btn avia-icon_select-no avia-size-small avia-position-center avia-color-theme-color'   aria-label=\"Nous contacter\"><span class='avia_iconbox_title' >Nous contacter<\/span><\/a><\/div>","protected":false},"excerpt":{"rendered":"","protected":false},"author":1,"featured_media":0,"parent":0,"menu_order":0,"comment_status":"closed","ping_status":"closed","template":"","meta":{"footnotes":""},"class_list":["post-126","page","type-page","status-publish","hentry"],"_links":{"self":[{"href":"https:\/\/nasotic.com\/fr\/wp-json\/wp\/v2\/pages\/126","targetHints":{"allow":["GET"]}}],"collection":[{"href":"https:\/\/nasotic.com\/fr\/wp-json\/wp\/v2\/pages"}],"about":[{"href":"https:\/\/nasotic.com\/fr\/wp-json\/wp\/v2\/types\/page"}],"author":[{"embeddable":true,"href":"https:\/\/nasotic.com\/fr\/wp-json\/wp\/v2\/users\/1"}],"replies":[{"embeddable":true,"href":"https:\/\/nasotic.com\/fr\/wp-json\/wp\/v2\/comments?post=126"}],"version-history":[{"count":5,"href":"https:\/\/nasotic.com\/fr\/wp-json\/wp\/v2\/pages\/126\/revisions"}],"predecessor-version":[{"id":213,"href":"https:\/\/nasotic.com\/fr\/wp-json\/wp\/v2\/pages\/126\/revisions\/213"}],"wp:attachment":[{"href":"https:\/\/nasotic.com\/fr\/wp-json\/wp\/v2\/media?parent=126"}],"curies":[{"name":"wp","href":"https:\/\/api.w.org\/{rel}","templated":true}]}}