{"id":120,"date":"2025-03-05T21:54:25","date_gmt":"2025-03-05T21:54:25","guid":{"rendered":"https:\/\/nasotic.com\/?page_id=120"},"modified":"2025-04-02T19:18:32","modified_gmt":"2025-04-02T19:18:32","slug":"graphyshield-g","status":"publish","type":"page","link":"https:\/\/nasotic.com\/fr\/graphyshield-g\/","title":{"rendered":"Graphyshield G+ Additif anticorrosion"},"content":{"rendered":"<div  class='flex_column av-fw968-de1172d1a8110fb8f7a6ea6cad75d094 av_one_half  avia-builder-el-0  el_before_av_one_half  avia-builder-el-first  first flex_column_div'     ><p>\n<style type=\"text\/css\" data-created_by=\"avia_inline_auto\" id=\"style-css-av-m7wfz1cn-ea2f2f37e45605c3006cf595df5183a5\">\n.avia-image-container.av-m7wfz1cn-ea2f2f37e45605c3006cf595df5183a5 img.avia_image{\nbox-shadow:none;\n}\n.avia-image-container.av-m7wfz1cn-ea2f2f37e45605c3006cf595df5183a5 .av-image-caption-overlay-center{\ncolor:#ffffff;\n}\n<\/style>\n<div  class='avia-image-container av-m7wfz1cn-ea2f2f37e45605c3006cf595df5183a5 av-styling- avia-align-center  avia-builder-el-1  el_before_av_textblock  avia-builder-el-first'   itemprop=\"image\" itemscope=\"itemscope\" itemtype=\"https:\/\/schema.org\/ImageObject\" ><div class=\"avia-image-container-inner\"><div class=\"avia-image-overlay-wrap\"><img decoding=\"async\" fetchpriority=\"high\" class='wp-image-121 avia-img-lazy-loading-not-121 avia_image' src=\"https:\/\/nasotic.com\/wp-content\/uploads\/2025\/03\/Graphyshield-G-300x285.png\" alt='' title='Graphyshield-G'  height=\"285\" width=\"300\"  itemprop=\"thumbnailUrl\" srcset=\"https:\/\/nasotic.com\/wp-content\/uploads\/2025\/03\/Graphyshield-G-300x285.png 300w, https:\/\/nasotic.com\/wp-content\/uploads\/2025\/03\/Graphyshield-G-600x571.png 600w, https:\/\/nasotic.com\/wp-content\/uploads\/2025\/03\/Graphyshield-G-705x671.png 705w, https:\/\/nasotic.com\/wp-content\/uploads\/2025\/03\/Graphyshield-G.png 736w\" sizes=\"(max-width: 300px) 100vw, 300px\" \/><\/div><\/div><\/div><br \/>\n<section  class='av_textblock_section av-m7wfza7g-502aa035240aea785092c376c5e5aac3'   itemscope=\"itemscope\" itemtype=\"https:\/\/schema.org\/CreativeWork\" ><div class='avia_textblock'  itemprop=\"text\" ><p>Graphyshield G+ pour renforcer les performances anticorrosion de votre syst\u00e8me de rev\u00eatement \u00e0 base d'eau.<\/p>\n<\/div><\/section><\/p><\/div>\n<div  class='flex_column av-brzzc-7a2311237128968c60e6e029e75c6471 av_one_half  avia-builder-el-3  el_after_av_one_half  el_before_av_one_full  flex_column_div'     ><section  class='av_textblock_section av-m7wfzqna-5bee73bc27f8fa0019f4fe4d9c37e919'   itemscope=\"itemscope\" itemtype=\"https:\/\/schema.org\/CreativeWork\" ><div class='avia_textblock'  itemprop=\"text\" ><h3 class=\"\" data-start=\"142\" data-end=\"221\">\u26a1 <strong data-start=\"148\" data-end=\"221\">Graphyshield G+ - Additif anticorrosion et ignifuge de nouvelle g\u00e9n\u00e9ration<\/strong><\/h3>\n<p class=\"\" data-start=\"223\" data-end=\"571\"><strong data-start=\"223\" data-end=\"243\">Graphyshield G+<\/strong>\u00a0est un <strong data-start=\"249\" data-end=\"294\">additif semi-fini \u00e0 base de graph\u00e8ne<\/strong> d\u00e9velopp\u00e9 par <strong data-start=\"308\" data-end=\"332\">Pigmentsolution GmbH<\/strong>en collaboration avec <strong data-start=\"356\" data-end=\"372\">Directa Plus<\/strong>l'un des principaux producteurs mondiaux de graph\u00e8ne. Il est con\u00e7u pour <strong data-start=\"427\" data-end=\"460\">am\u00e9liorer les performances des rev\u00eatements<\/strong>, en particulier <strong data-start=\"473\" data-end=\"523\">applications anticorrosion et ignifuges<\/strong>-La simplicit\u00e9 et la durabilit\u00e9 sont au c\u0153ur de ce projet.<\/p>\n<p>Vous souhaitez une pr\u00e9sentation ou un \u00e9chantillon de produit ? Contactez nous d\u00e8s maintenant !<\/p>\n<\/div><\/section><br \/>\n<div  class='avia-button-wrap av-h0vd4-b12ba4726cc05639485d34fa396a7a0c-wrap avia-button-center  avia-builder-el-5  el_after_av_textblock  avia-builder-el-last'><a href='https:\/\/nasotic.com\/fr\/contact\/'  class='avia-button av-h0vd4-b12ba4726cc05639485d34fa396a7a0c av-link-btn avia-icon_select-no avia-size-small avia-position-center avia-color-theme-color'   aria-label=\"Nous contacter\"><span class='avia_iconbox_title' >Nous contacter<\/span><\/a><\/div><\/p><\/div><div  class='flex_column av-aqg4o-1fb1f8360bdbd4dfb656f6d4235cd158 av_one_full  avia-builder-el-6  el_after_av_one_half  el_before_av_button  first flex_column_div  column-top-margin'     ><section  class='av_textblock_section av-m908coxt-ef0a57060b14aad8c654f6f49bcf8d26'   itemscope=\"itemscope\" itemtype=\"https:\/\/schema.org\/CreativeWork\" ><div class='avia_textblock'  itemprop=\"text\" ><h3 data-start=\"142\" data-end=\"221\"><\/h3>\n<p class=\"\" data-start=\"223\" data-end=\"571\">\n<h3 class=\"\" data-start=\"578\" data-end=\"611\">\ud83e\uddec <strong data-start=\"585\" data-end=\"611\">Qu'est-ce qui le rend sp\u00e9cial ?<\/strong><\/h3>\n<ul data-start=\"613\" data-end=\"1101\">\n<li class=\"\" data-start=\"613\" data-end=\"780\">\n<p class=\"\" data-start=\"615\" data-end=\"780\"><strong data-start=\"615\" data-end=\"669\">\ud83d\udca1 Bas\u00e9 sur des nanoplaquettes de graph\u00e8ne vierges (GNP)<\/strong><br data-start=\"669\" data-end=\"672\" \/>Produite par le biais d'un <strong data-start=\"693\" data-end=\"749\">processus d'exfoliation physique brevet\u00e9, sans solvant<\/strong>Pas d'acides, pas de sous-produits toxiques.<\/p>\n<\/li>\n<li class=\"\" data-start=\"782\" data-end=\"952\">\n<p class=\"\" data-start=\"784\" data-end=\"952\"><strong data-start=\"784\" data-end=\"815\">\ud83d\udee1\ufe0f Effet de barri\u00e8re int\u00e9gr\u00e9<\/strong><br data-start=\"815\" data-end=\"818\" \/>Les PNB forment un <strong data-start=\"832\" data-end=\"861\">bouclier \u00e9tanche et imperm\u00e9able<\/strong> qui emp\u00eache l'eau, l'oxyg\u00e8ne, les sels et les agents corrosifs de p\u00e9n\u00e9trer dans la couche de rev\u00eatement.<\/p>\n<\/li>\n<li class=\"\" data-start=\"954\" data-end=\"1101\">\n<p class=\"\" data-start=\"956\" data-end=\"1101\"><strong data-start=\"956\" data-end=\"979\">\ud83d\udd25 Retardateur de flamme<\/strong><br data-start=\"979\" data-end=\"982\" \/>Augmente naturellement la r\u00e9sistance aux flammes et \u00e0 la chaleur. <strong data-start=\"1043\" data-end=\"1100\">les b\u00e2timents publics, les transports et les \u00e9quipements industriels<\/strong>.<\/p>\n<\/li>\n<\/ul>\n<hr class=\"\" data-start=\"1103\" data-end=\"1106\" \/>\n<h3 class=\"\" data-start=\"1108\" data-end=\"1136\">\ud83e\uddea <strong data-start=\"1115\" data-end=\"1136\">Des avantages uniques<\/strong><\/h3>\n<div class=\"overflow-x-auto contain-inline-size\">\n<table data-start=\"1138\" data-end=\"1579\">\n<thead data-start=\"1138\" data-end=\"1168\">\n<tr data-start=\"1138\" data-end=\"1168\">\n<th data-start=\"1138\" data-end=\"1148\">Fonctionnalit\u00e9<\/th>\n<th data-start=\"1148\" data-end=\"1168\">Graphyshield G+<\/th>\n<\/tr>\n<\/thead>\n<tbody data-start=\"1199\" data-end=\"1579\">\n<tr data-start=\"1199\" data-end=\"1262\">\n<td><strong data-start=\"1201\" data-end=\"1223\">Pas de meulage n\u00e9cessaire<\/strong><\/td>\n<td>Oui - sans broyage, manipulation ais\u00e9e<\/td>\n<\/tr>\n<tr data-start=\"1263\" data-end=\"1321\">\n<td><strong data-start=\"1265\" data-end=\"1295\">Compatible avec l'eau et les solvants<\/strong><\/td>\n<td>Utilisation universelle dans les deux<\/td>\n<\/tr>\n<tr data-start=\"1322\" data-end=\"1383\">\n<td><strong data-start=\"1324\" data-end=\"1343\">Dispersion \u00e9lev\u00e9e<\/strong><\/td>\n<td>R\u00e9alis\u00e9 avec un simple m\u00e9lange \u00e0 faible cisaillement<\/td>\n<\/tr>\n<tr data-start=\"1384\" data-end=\"1437\">\n<td><strong data-start=\"1386\" data-end=\"1399\">Non toxique<\/strong><\/td>\n<td>V\u00e9rifi\u00e9 par plus de 40 tests de s\u00e9curit\u00e9<\/td>\n<\/tr>\n<tr data-start=\"1438\" data-end=\"1502\">\n<td><strong data-start=\"1440\" data-end=\"1456\">Respect de l'environnement<\/strong><\/td>\n<td>Z\u00e9ro d\u00e9chet, sans HAP, processus durable<\/td>\n<\/tr>\n<tr data-start=\"1503\" data-end=\"1579\">\n<td><strong data-start=\"1505\" data-end=\"1534\">Ne pr\u00e9sente pas de risque pour les nanoparticules<\/strong><\/td>\n<td>La taille lat\u00e9rale est de l'ordre du micron, pas de la nanosph\u00e8re.<\/td>\n<\/tr>\n<\/tbody>\n<\/table>\n<\/div>\n<hr class=\"\" data-start=\"1581\" data-end=\"1584\" \/>\n<h3 class=\"\" data-start=\"1586\" data-end=\"1614\">\ud83e\uddf0 <strong data-start=\"1593\" data-end=\"1614\">Domaines d'application<\/strong><\/h3>\n<ul data-start=\"1616\" data-end=\"1843\">\n<li class=\"\" data-start=\"1616\" data-end=\"1679\">\n<p class=\"\" data-start=\"1618\" data-end=\"1679\"><strong data-start=\"1618\" data-end=\"1645\">Rev\u00eatements anticorrosion<\/strong> (construction, p\u00e9trochimie, marine)<\/p>\n<\/li>\n<li class=\"\" data-start=\"1680\" data-end=\"1742\">\n<p class=\"\" data-start=\"1682\" data-end=\"1742\"><strong data-start=\"1682\" data-end=\"1707\">Peintures ignifuges<\/strong> (infrastructures publiques, a\u00e9rospatiale)<\/p>\n<\/li>\n<li class=\"\" data-start=\"1743\" data-end=\"1779\">\n<p class=\"\" data-start=\"1745\" data-end=\"1779\"><strong data-start=\"1745\" data-end=\"1779\">Rev\u00eatements directs sur m\u00e9tal (DTM)<\/strong><\/p>\n<\/li>\n<li class=\"\" data-start=\"1780\" data-end=\"1843\">\n<p class=\"\" data-start=\"1782\" data-end=\"1843\"><strong data-start=\"1782\" data-end=\"1820\">Rev\u00eatements protecteurs et fonctionnels<\/strong> pour les environnements difficiles<\/p>\n<\/li>\n<\/ul>\n<hr class=\"\" data-start=\"1845\" data-end=\"1848\" \/>\n<h3 class=\"\" data-start=\"1850\" data-end=\"1875\">\ud83d\udcca <strong data-start=\"1857\" data-end=\"1875\">Des r\u00e9sultats probants<\/strong><\/h3>\n<ul data-start=\"1877\" data-end=\"2157\">\n<li class=\"\" data-start=\"1877\" data-end=\"1948\">\n<p class=\"\" data-start=\"1879\" data-end=\"1948\"><strong data-start=\"1879\" data-end=\"1909\">Am\u00e9lioration de la duret\u00e9 du pendule<\/strong>La r\u00e9sistance \u00e0 l'eau et aux intemp\u00e9ries QUV.<\/p>\n<\/li>\n<li class=\"\" data-start=\"1949\" data-end=\"2075\">\n<p class=\"\" data-start=\"1951\" data-end=\"2075\">Avec <strong data-start=\"1956\" data-end=\"1973\">~0,25% dosage<\/strong>Il am\u00e9liore consid\u00e9rablement la r\u00e9sistance \u00e0 la corrosion. <strong data-start=\"2033\" data-end=\"2047\">spray sal\u00e9<\/strong> et <strong data-start=\"2052\" data-end=\"2068\">condensation<\/strong> des tests.<\/p>\n<\/li>\n<li class=\"\" data-start=\"2076\" data-end=\"2157\">\n<p class=\"\" data-start=\"2078\" data-end=\"2157\">Stable dans les diff\u00e9rentes <strong data-start=\"2100\" data-end=\"2117\">syst\u00e8mes de r\u00e9sine<\/strong> (Synthalat, Liocryl, Alberdingk, etc.).<\/p>\n<\/li>\n<\/ul>\n<hr class=\"\" data-start=\"2159\" data-end=\"2162\" \/>\n<h3 class=\"\" data-start=\"2164\" data-end=\"2188\">\u2699\ufe0f <strong data-start=\"2171\" data-end=\"2188\">Comment l'utiliser<\/strong><\/h3>\n<ul data-start=\"2190\" data-end=\"2425\">\n<li class=\"\" data-start=\"2190\" data-end=\"2287\">\n<p class=\"\" data-start=\"2192\" data-end=\"2287\">Livr\u00e9 sous forme de <strong data-start=\"2207\" data-end=\"2240\">pr\u00e9paration des pigments sans poussi\u00e8re<\/strong>-Il suffit de l'incorporer \u00e0 la base (pas d'\u00e9tape de dispersion).<\/p>\n<\/li>\n<li class=\"\" data-start=\"2288\" data-end=\"2358\">\n<p class=\"\" data-start=\"2290\" data-end=\"2358\">Ajouter le <strong data-start=\"2301\" data-end=\"2332\">le stade de la base du moulin ou de l'abaissement<\/strong>selon le syst\u00e8me.<\/p>\n<\/li>\n<li class=\"\" data-start=\"2359\" data-end=\"2425\">\n<p class=\"\" data-start=\"2361\" data-end=\"2425\">Dosage typique : <strong data-start=\"2377\" data-end=\"2390\">0,25-3,0%<\/strong> en fonction des performances requises.<\/p>\n<\/li>\n<\/ul>\n<hr class=\"\" data-start=\"2427\" data-end=\"2430\" \/>\n<h3 class=\"\" data-start=\"2432\" data-end=\"2470\">\u2705 <strong data-start=\"2438\" data-end=\"2470\">Pourquoi choisir Graphyshield G+ ?<\/strong><\/h3>\n<ul data-start=\"2472\" data-end=\"2684\">\n<li class=\"\" data-start=\"2472\" data-end=\"2545\">\n<p class=\"\" data-start=\"2474\" data-end=\"2545\"><strong data-start=\"2474\" data-end=\"2493\">Mise \u00e0 niveau sans rendez-vous<\/strong> pour les fabricants de peinture - aucun changement d'\u00e9quipement n'est n\u00e9cessaire.<\/p>\n<\/li>\n<li class=\"\" data-start=\"2546\" data-end=\"2622\">\n<p class=\"\" data-start=\"2548\" data-end=\"2622\"><strong data-start=\"2548\" data-end=\"2576\">Sup\u00e9rieure \u00e0 l'environnement<\/strong> \u00e0 l'oxyde de graph\u00e8ne ou aux NTC (nanotubes de carbone).<\/p>\n<\/li>\n<li class=\"\" data-start=\"2623\" data-end=\"2684\">\n<p class=\"\" data-start=\"2625\" data-end=\"2684\"><strong data-start=\"2625\" data-end=\"2651\">Des performances constantes<\/strong> avec des modifications minimes de la formulation.<\/p>\n<\/li>\n<\/ul>\n<\/div><\/section><\/div><div  class='avia-button-wrap av-77740-df06c8e15f58e6ccea110599078a23b5-wrap avia-button-center  avia-builder-el-8  el_after_av_one_full  avia-builder-el-last'><a href='https:\/\/nasotic.com\/fr\/contact\/'  class='avia-button av-77740-df06c8e15f58e6ccea110599078a23b5 av-link-btn avia-icon_select-no avia-size-small avia-position-center avia-color-theme-color'   aria-label=\"Nous contacter\"><span class='avia_iconbox_title' >Nous contacter<\/span><\/a><\/div><\/p>","protected":false},"excerpt":{"rendered":"","protected":false},"author":1,"featured_media":0,"parent":0,"menu_order":0,"comment_status":"closed","ping_status":"closed","template":"","meta":{"footnotes":""},"class_list":["post-120","page","type-page","status-publish","hentry"],"_links":{"self":[{"href":"https:\/\/nasotic.com\/fr\/wp-json\/wp\/v2\/pages\/120","targetHints":{"allow":["GET"]}}],"collection":[{"href":"https:\/\/nasotic.com\/fr\/wp-json\/wp\/v2\/pages"}],"about":[{"href":"https:\/\/nasotic.com\/fr\/wp-json\/wp\/v2\/types\/page"}],"author":[{"embeddable":true,"href":"https:\/\/nasotic.com\/fr\/wp-json\/wp\/v2\/users\/1"}],"replies":[{"embeddable":true,"href":"https:\/\/nasotic.com\/fr\/wp-json\/wp\/v2\/comments?post=120"}],"version-history":[{"count":7,"href":"https:\/\/nasotic.com\/fr\/wp-json\/wp\/v2\/pages\/120\/revisions"}],"predecessor-version":[{"id":212,"href":"https:\/\/nasotic.com\/fr\/wp-json\/wp\/v2\/pages\/120\/revisions\/212"}],"wp:attachment":[{"href":"https:\/\/nasotic.com\/fr\/wp-json\/wp\/v2\/media?parent=120"}],"curies":[{"name":"wp","href":"https:\/\/api.w.org\/{rel}","templated":true}]}}