{"id":295,"date":"2025-10-21T03:45:55","date_gmt":"2025-10-21T03:45:55","guid":{"rendered":"https:\/\/nasotic.com\/?page_id=295"},"modified":"2025-10-21T11:40:53","modified_gmt":"2025-10-21T11:40:53","slug":"__trashed","status":"publish","type":"page","link":"https:\/\/nasotic.com\/es\/__trashed\/","title":{"rendered":"Reciclaje de pintura"},"content":{"rendered":"<section  class='av_textblock_section av-mh00utbf-b4fe3e0ef4080ba5ed6920f498446de5'   itemscope=\"itemscope\" itemtype=\"https:\/\/schema.org\/CreativeWork\" ><div class='avia_textblock'  itemprop=\"text\" ><h3 data-start=\"355\" data-end=\"410\">Innovaci\u00f3n responsable en pintura: m\u00e1s all\u00e1 del rendimiento<\/h3>\n<p data-start=\"411\" data-end=\"685\">NASOTIC se ha comprometido a hacer avanzar no s\u00f3lo los aditivos especiales de alto rendimiento, sino tambi\u00e9n el futuro de la tecnolog\u00eda. <strong data-start=\"516\" data-end=\"561\">fabricaci\u00f3n de pintura responsable y circular<\/strong>. Apoyamos activamente las iniciativas que evitan que la pintura sobrante acabe en los vertederos y devuelven valor a la sociedad y al medio ambiente.<\/p>\n<\/div><\/section>\n\n<style type=\"text\/css\" data-created_by=\"avia_inline_auto\" id=\"style-css-av-mh00w7os-0c1ed589dd3a2147dd4def7f560e306e\">\n.avia-image-container.av-mh00w7os-0c1ed589dd3a2147dd4def7f560e306e img.avia_image{\nbox-shadow:none;\n}\n.avia-image-container.av-mh00w7os-0c1ed589dd3a2147dd4def7f560e306e .av-image-caption-overlay-center{\ncolor:#ffffff;\n}\n<\/style>\n<div  class='avia-image-container av-mh00w7os-0c1ed589dd3a2147dd4def7f560e306e av-styling- avia-align-center  avia-builder-el-1  el_after_av_textblock  el_before_av_textblock'   itemprop=\"image\" itemscope=\"itemscope\" itemtype=\"https:\/\/schema.org\/ImageObject\" ><div class=\"avia-image-container-inner\"><div class=\"avia-image-overlay-wrap\"><img decoding=\"async\" fetchpriority=\"high\" class='wp-image-296 avia-img-lazy-loading-not-296 avia_image' src=\"https:\/\/nasotic.com\/wp-content\/uploads\/2025\/10\/Overview-1030x686.png\" alt='' title='Visi\u00f3n general'  height=\"686\" width=\"1030\"  itemprop=\"thumbnailUrl\" srcset=\"https:\/\/nasotic.com\/wp-content\/uploads\/2025\/10\/Overview-1030x686.png 1030w, https:\/\/nasotic.com\/wp-content\/uploads\/2025\/10\/Overview-300x200.png 300w, https:\/\/nasotic.com\/wp-content\/uploads\/2025\/10\/Overview-768x511.png 768w, https:\/\/nasotic.com\/wp-content\/uploads\/2025\/10\/Overview-1536x1022.png 1536w, https:\/\/nasotic.com\/wp-content\/uploads\/2025\/10\/Overview-18x12.png 18w, https:\/\/nasotic.com\/wp-content\/uploads\/2025\/10\/Overview-1500x998.png 1500w, https:\/\/nasotic.com\/wp-content\/uploads\/2025\/10\/Overview-705x469.png 705w, https:\/\/nasotic.com\/wp-content\/uploads\/2025\/10\/Overview.png 1594w\" sizes=\"(max-width: 1030px) 100vw, 1030px\" \/><\/div><\/div><\/div>\n<section  class='av_textblock_section av-mh00xmai-eef13851acdd0eb906e6a0ad04ac99c7'   itemscope=\"itemscope\" itemtype=\"https:\/\/schema.org\/CreativeWork\" ><div class='avia_textblock'  itemprop=\"text\" ><h3 data-start=\"692\" data-end=\"741\">Orgulloso colaborador de Circular Paint Solutions<\/h3>\n<p data-start=\"742\" data-end=\"1079\">Reconocemos la labor de organizaciones como <strong data-start=\"786\" data-end=\"818\">Fundaci\u00f3n Paint (501c3)<\/strong> que transforman la pintura sobrante en valiosos recursos creando <strong data-start=\"885\" data-end=\"963\">materiales de revestimiento reciclados, impacto ben\u00e9fico y reducci\u00f3n cuantificable de CO\u2082.<\/strong> en lugar de residuos.<br data-start=\"981\" data-end=\"984\" \/>NASOTIC se alinea con estos esfuerzos y busca el impacto de la colaboraci\u00f3n con socios afines.<\/p>\n<hr data-start=\"1081\" data-end=\"1084\" \/>\n<h3 data-start=\"1086\" data-end=\"1143\">La eliminaci\u00f3n se convierte en donaci\u00f3n. El reciclaje se convierte en valor.<\/h3>\n<p data-start=\"1144\" data-end=\"1359\">El futuro de la pintura es <strong data-start=\"1167\" data-end=\"1204\">no s\u00f3lo es m\u00e1s limpio, es circular<\/strong>.<br data-start=\"1205\" data-end=\"1208\" \/>NASOTIC cree en tecnolog\u00edas y asociaciones que conviertan los residuos en nuevas oportunidades econ\u00f3micas protegiendo los recursos y fortaleciendo al mismo tiempo las comunidades.<\/p>\n<hr data-start=\"1361\" data-end=\"1364\" \/>\n<h3 data-start=\"1366\" data-end=\"1396\">\u00bfQuiere colaborar con nosotros?<\/h3>\n<p data-start=\"1397\" data-end=\"1599\">Tanto si es un <strong data-start=\"1415\" data-end=\"1499\">fabricante, empresa de reciclaje, fundaci\u00f3n, municipio o marca impulsora de la sostenibilidad<\/strong>, NASOTIC acoge con satisfacci\u00f3n la colaboraci\u00f3n para acelerar la pr\u00f3xima generaci\u00f3n <strong data-start=\"1562\" data-end=\"1598\">tecnolog\u00edas de pintura ecoeficientes<\/strong><\/p>\n<\/div><\/section>","protected":false},"excerpt":{"rendered":"","protected":false},"author":1,"featured_media":0,"parent":0,"menu_order":0,"comment_status":"closed","ping_status":"closed","template":"","meta":{"footnotes":""},"class_list":["post-295","page","type-page","status-publish","hentry"],"_links":{"self":[{"href":"https:\/\/nasotic.com\/es\/wp-json\/wp\/v2\/pages\/295","targetHints":{"allow":["GET"]}}],"collection":[{"href":"https:\/\/nasotic.com\/es\/wp-json\/wp\/v2\/pages"}],"about":[{"href":"https:\/\/nasotic.com\/es\/wp-json\/wp\/v2\/types\/page"}],"author":[{"embeddable":true,"href":"https:\/\/nasotic.com\/es\/wp-json\/wp\/v2\/users\/1"}],"replies":[{"embeddable":true,"href":"https:\/\/nasotic.com\/es\/wp-json\/wp\/v2\/comments?post=295"}],"version-history":[{"count":6,"href":"https:\/\/nasotic.com\/es\/wp-json\/wp\/v2\/pages\/295\/revisions"}],"predecessor-version":[{"id":304,"href":"https:\/\/nasotic.com\/es\/wp-json\/wp\/v2\/pages\/295\/revisions\/304"}],"wp:attachment":[{"href":"https:\/\/nasotic.com\/es\/wp-json\/wp\/v2\/media?parent=295"}],"curies":[{"name":"wp","href":"https:\/\/api.w.org\/{rel}","templated":true}]}}