{"id":148,"date":"2025-03-06T19:05:57","date_gmt":"2025-03-06T19:05:57","guid":{"rendered":"https:\/\/nasotic.com\/?page_id=148"},"modified":"2025-03-06T19:05:58","modified_gmt":"2025-03-06T19:05:58","slug":"imprint","status":"publish","type":"page","link":"https:\/\/nasotic.com\/es\/imprint\/","title":{"rendered":"Pie de imprenta"},"content":{"rendered":"<style type=\"text\/css\" data-created_by=\"avia_inline_auto\" id=\"style-css-av-m7xpuz3x-8926139b5954f0f725346910c8a26731\">\n.avia-image-container.av-m7xpuz3x-8926139b5954f0f725346910c8a26731 img.avia_image{\nbox-shadow:none;\n}\n.avia-image-container.av-m7xpuz3x-8926139b5954f0f725346910c8a26731 .av-image-caption-overlay-center{\ncolor:#ffffff;\n}\n<\/style>\n<div  class='avia-image-container av-m7xpuz3x-8926139b5954f0f725346910c8a26731 av-styling- avia-align-center  avia-builder-el-0  el_before_av_textblock  avia-builder-el-first'   itemprop=\"image\" itemscope=\"itemscope\" itemtype=\"https:\/\/schema.org\/ImageObject\" ><div class=\"avia-image-container-inner\"><div class=\"avia-image-overlay-wrap\"><img decoding=\"async\" fetchpriority=\"high\" class='wp-image-23 avia-img-lazy-loading-not-23 avia_image' src=\"https:\/\/nasotic.com\/wp-content\/uploads\/2025\/02\/cropped-Favicon-NASOTIC-300x300.png\" alt='' title='cropped-Favicon-NASOTIC.png'  height=\"300\" width=\"300\"  itemprop=\"thumbnailUrl\" srcset=\"https:\/\/nasotic.com\/wp-content\/uploads\/2025\/02\/cropped-Favicon-NASOTIC-300x300.png 300w, https:\/\/nasotic.com\/wp-content\/uploads\/2025\/02\/cropped-Favicon-NASOTIC-80x80.png 80w, https:\/\/nasotic.com\/wp-content\/uploads\/2025\/02\/cropped-Favicon-NASOTIC-36x36.png 36w, https:\/\/nasotic.com\/wp-content\/uploads\/2025\/02\/cropped-Favicon-NASOTIC-180x180.png 180w, https:\/\/nasotic.com\/wp-content\/uploads\/2025\/02\/cropped-Favicon-NASOTIC-270x270.png 270w, https:\/\/nasotic.com\/wp-content\/uploads\/2025\/02\/cropped-Favicon-NASOTIC-192x192.png 192w, https:\/\/nasotic.com\/wp-content\/uploads\/2025\/02\/cropped-Favicon-NASOTIC-32x32.png 32w, https:\/\/nasotic.com\/wp-content\/uploads\/2025\/02\/cropped-Favicon-NASOTIC.png 512w\" sizes=\"(max-width: 300px) 100vw, 300px\" \/><\/div><\/div><\/div>\n<section  class='av_textblock_section av-m7xpui6w-a7c5b58fe9278f4e75e6c0869baea041'   itemscope=\"itemscope\" itemtype=\"https:\/\/schema.org\/CreativeWork\" ><div class='avia_textblock'  itemprop=\"text\" ><hr \/>\n<h3><strong>Pie de imprenta<\/strong><\/h3>\n<p><strong>NASOTIC Inc.<\/strong><br \/>\n800 Celriver Rd.<br \/>\nRock Hill, SC 29730<br \/>\nEE.UU.<\/p>\n<p><strong>Presidente:<\/strong><br \/>\nRalph Jan Woerheide<\/p>\n<p><strong>Informaci\u00f3n de contacto:<\/strong><br \/>\nTel\u00e9fono: <strong>(803) 448-3423<\/strong><br \/>\nP\u00e1gina web: <a href=\"https:\/\/nasotic.com\/es\/\">www.nasotic.com<\/a><\/p>\n<p><strong>Informaci\u00f3n sobre la empresa:<\/strong><br \/>\nForma jur\u00eddica: Sociedad An\u00f3nima<br \/>\nRegistrado en: Wyoming, EE.UU.<br \/>\nN\u00famero de registro de la empresa: <strong>2025-001596222<\/strong><\/p>\n<p><strong>Responsable del contenido:<\/strong><br \/>\nRalph Jan Woerheide<br \/>\n800 Celriver Rd.<br \/>\nRock Hill, SC 29730<br \/>\nEE.UU.<\/p>\n<h3><strong>Aviso legal<\/strong><\/h3>\n<h4><strong>Responsabilidad por los contenidos<\/strong><\/h4>\n<p>El contenido de este sitio web se facilita \u00fanicamente con fines de informaci\u00f3n general. Aunque hacemos todo lo posible para garantizar la exactitud, NASOTIC Inc. no asume ninguna responsabilidad por la integridad, exactitud o actualidad de la informaci\u00f3n proporcionada. Nos reservamos el derecho a modificar, actualizar o eliminar contenidos sin previo aviso.<\/p>\n<h4><strong>Responsabilidad de los enlaces<\/strong><\/h4>\n<p>Nuestro sitio web puede contener enlaces a sitios web externos. No tenemos ninguna influencia sobre el contenido de estos sitios y no asumimos ninguna responsabilidad por su contenido. El proveedor u operador respectivo es el \u00fanico responsable del contenido de las p\u00e1ginas enlazadas.<\/p>\n<h4><strong>Descargo de responsabilidad por productos defectuosos<\/strong><\/h4>\n<p>NASOTIC Inc. suministra productos qu\u00edmicos destinados a un uso industrial y profesional. La informaci\u00f3n contenida en este sitio web no sustituye el asesoramiento profesional. Los clientes deben asegurarse de la idoneidad de los productos para las aplicaciones previstas y cumplir todas las normativas y directrices de seguridad aplicables. NASOTIC Inc. no asume ninguna responsabilidad por el uso o manipulaci\u00f3n inadecuados de los productos.<\/p>\n<h4><strong>Aviso de Copyright<\/strong><\/h4>\n<p>Todo el contenido, incluidos textos, im\u00e1genes y gr\u00e1ficos, es propiedad de NASOTIC Inc. a menos que se indique lo contrario. Reproducci\u00f3n no autorizada,<\/p>\n<\/div><\/section>","protected":false},"excerpt":{"rendered":"","protected":false},"author":1,"featured_media":0,"parent":0,"menu_order":0,"comment_status":"closed","ping_status":"closed","template":"","meta":{"footnotes":""},"class_list":["post-148","page","type-page","status-publish","hentry"],"_links":{"self":[{"href":"https:\/\/nasotic.com\/es\/wp-json\/wp\/v2\/pages\/148","targetHints":{"allow":["GET"]}}],"collection":[{"href":"https:\/\/nasotic.com\/es\/wp-json\/wp\/v2\/pages"}],"about":[{"href":"https:\/\/nasotic.com\/es\/wp-json\/wp\/v2\/types\/page"}],"author":[{"embeddable":true,"href":"https:\/\/nasotic.com\/es\/wp-json\/wp\/v2\/users\/1"}],"replies":[{"embeddable":true,"href":"https:\/\/nasotic.com\/es\/wp-json\/wp\/v2\/comments?post=148"}],"version-history":[{"count":0,"href":"https:\/\/nasotic.com\/es\/wp-json\/wp\/v2\/pages\/148\/revisions"}],"wp:attachment":[{"href":"https:\/\/nasotic.com\/es\/wp-json\/wp\/v2\/media?parent=148"}],"curies":[{"name":"wp","href":"https:\/\/api.w.org\/{rel}","templated":true}]}}