{"id":123,"date":"2025-03-05T21:53:57","date_gmt":"2025-03-05T21:53:57","guid":{"rendered":"https:\/\/nasotic.com\/?page_id=123"},"modified":"2025-08-25T13:16:01","modified_gmt":"2025-08-25T13:16:01","slug":"aquasil-20","status":"publish","type":"page","link":"https:\/\/nasotic.com\/es\/aquasil-20\/","title":{"rendered":"Promotor de adherencia Aquasil 20"},"content":{"rendered":"<div  class='flex_column av-hsub7-678e1d94c11827fd74e62f35527797e2 av_one_half  avia-builder-el-0  el_before_av_one_half  avia-builder-el-first  first flex_column_div'     ><p>\n<style type=\"text\/css\" data-created_by=\"avia_inline_auto\" id=\"style-css-av-m7wg12ue-1b5a62a1a61a6cd8f55b5991d628a0f2\">\n.avia-image-container.av-m7wg12ue-1b5a62a1a61a6cd8f55b5991d628a0f2 img.avia_image{\nbox-shadow:none;\n}\n.avia-image-container.av-m7wg12ue-1b5a62a1a61a6cd8f55b5991d628a0f2 .av-image-caption-overlay-center{\ncolor:#ffffff;\n}\n<\/style>\n<div  class='avia-image-container av-m7wg12ue-1b5a62a1a61a6cd8f55b5991d628a0f2 av-styling- avia-align-center  avia-builder-el-1  el_before_av_textblock  avia-builder-el-first'   itemprop=\"image\" itemscope=\"itemscope\" itemtype=\"https:\/\/schema.org\/ImageObject\" ><div class=\"avia-image-container-inner\"><div class=\"avia-image-overlay-wrap\"><img decoding=\"async\" fetchpriority=\"high\" class='wp-image-107 avia-img-lazy-loading-not-107 avia_image' src=\"https:\/\/nasotic.com\/wp-content\/uploads\/2025\/03\/Aquasil-20-300x214.jpeg\" alt='' title='Aquasil 20'  height=\"214\" width=\"300\"  itemprop=\"thumbnailUrl\" srcset=\"https:\/\/nasotic.com\/wp-content\/uploads\/2025\/03\/Aquasil-20-300x214.jpeg 300w, https:\/\/nasotic.com\/wp-content\/uploads\/2025\/03\/Aquasil-20-600x429.jpeg 600w, https:\/\/nasotic.com\/wp-content\/uploads\/2025\/03\/Aquasil-20-1030x736.jpeg 1030w, https:\/\/nasotic.com\/wp-content\/uploads\/2025\/03\/Aquasil-20-768x549.jpeg 768w, https:\/\/nasotic.com\/wp-content\/uploads\/2025\/03\/Aquasil-20-1536x1097.jpeg 1536w, https:\/\/nasotic.com\/wp-content\/uploads\/2025\/03\/Aquasil-20-1500x1071.jpeg 1500w, https:\/\/nasotic.com\/wp-content\/uploads\/2025\/03\/Aquasil-20-260x185.jpeg 260w, https:\/\/nasotic.com\/wp-content\/uploads\/2025\/03\/Aquasil-20-705x504.jpeg 705w, https:\/\/nasotic.com\/wp-content\/uploads\/2025\/03\/Aquasil-20-450x321.jpeg 450w, https:\/\/nasotic.com\/wp-content\/uploads\/2025\/03\/Aquasil-20-1320x943.jpeg 1320w, https:\/\/nasotic.com\/wp-content\/uploads\/2025\/03\/Aquasil-20.jpeg 2016w\" sizes=\"(max-width: 300px) 100vw, 300px\" \/><\/div><\/div><\/div><br \/>\n<section  class='av_textblock_section av-m7wg1hng-19cf1687a6cd79d65930964852a7b96c'   itemscope=\"itemscope\" itemtype=\"https:\/\/schema.org\/CreativeWork\" ><div class='avia_textblock'  itemprop=\"text\" ><p>Nueva emulsi\u00f3n acuosa de silano para mejorar la adherencia de sistemas de pintura al agua, especialmente sobre vidrio y otros sustratos cr\u00edticos. Aquasil 20 es una emulsi\u00f3n de un silano organofuncional en agua, estable durante el almacenamiento y sin COV.<\/p>\n<\/div><\/section><\/p><\/div>\n<div  class='flex_column av-xugj-222eddf43bb1cec65652393746317e25 av_one_half  avia-builder-el-3  el_after_av_one_half  el_before_av_one_full  flex_column_div'     ><section  class='av_textblock_section av-m7wg1q64-a8b8efa3204b7bfc392d0a446e74566c'   itemscope=\"itemscope\" itemtype=\"https:\/\/schema.org\/CreativeWork\" ><div class='avia_textblock'  itemprop=\"text\" ><h3 class=\"\" data-start=\"99\" data-end=\"165\">\ud83c\udf0a <strong data-start=\"106\" data-end=\"165\">Aquasil 20 - Emulsi\u00f3n acuosa de silano estable a la hidr\u00f3lisis<\/strong><\/h3>\n<p class=\"\" data-start=\"167\" data-end=\"403\">A diferencia de los silanos tradicionales que <strong data-start=\"203\" data-end=\"227\">sensible a la hidr\u00f3lisis<\/strong>, <strong data-start=\"229\" data-end=\"243\">Aquasil 20<\/strong> es un <strong data-start=\"249\" data-end=\"273\">listo para usar, estable<\/strong> emulsi\u00f3n de silano que mejora <strong data-start=\"304\" data-end=\"316\">adhesi\u00f3n<\/strong> de revestimientos al agua en sustratos dif\u00edciles como <strong data-start=\"372\" data-end=\"402\">vidrio, aluminio y acero<\/strong>.<\/p>\n<p>P\u00f3ngase en contacto con nosotros para obtener m\u00e1s informaci\u00f3n sobre este innovador producto.<\/p>\n<\/div><\/section><br \/>\n<div  class='avia-button-wrap av-m90a7j5n-a2359a6a748d245db411a3363672e46e-wrap avia-button-center  avia-builder-el-5  el_after_av_textblock  el_before_av_button'><a href='https:\/\/nasotic.com\/es\/contact\/'  class='avia-button av-m90a7j5n-a2359a6a748d245db411a3363672e46e av-link-btn avia-icon_select-no avia-size-small avia-position-center avia-color-theme-color'   aria-label=\"Contacte con nosotros\"><span class='avia_iconbox_title' >Contacte con nosotros<\/span><\/a><\/div><br \/>\n<div  class='avia-button-wrap av-mer544gv-be05ab986beb70451f323844bd840fd3-wrap avia-button-center  avia-builder-el-6  el_after_av_button  avia-builder-el-last'><a href='https:\/\/nasotic.com\/es\/send-me-a-sample\/'  class='avia-button av-mer544gv-be05ab986beb70451f323844bd840fd3 av-link-btn avia-icon_select-no avia-size-small avia-position-center avia-color-theme-color'   aria-label=\"Obtenga una muestra\"><span class='avia_iconbox_title' >Obtenga una muestra<\/span><\/a><\/div><\/p><\/div><div  class='flex_column av-98cln-c4e89bb88a1b9092179c22c0ed42d893 av_one_full  avia-builder-el-7  el_after_av_one_half  el_before_av_button  first flex_column_div  column-top-margin'     ><section  class='av_textblock_section av-m9089b53-1c7e0b72c3663c196617e20ccc4a8bd9'   itemscope=\"itemscope\" itemtype=\"https:\/\/schema.org\/CreativeWork\" ><div class='avia_textblock'  itemprop=\"text\" ><p class=\"\" data-start=\"167\" data-end=\"403\">\n<h3 class=\"\" data-start=\"410\" data-end=\"433\">\ud83d\udd0d <strong data-start=\"417\" data-end=\"433\">Caracter\u00edsticas principales<\/strong><\/h3>\n<ul data-start=\"435\" data-end=\"1142\">\n<li class=\"\" data-start=\"435\" data-end=\"589\">\n<p class=\"\" data-start=\"437\" data-end=\"589\"><strong data-start=\"437\" data-end=\"466\">\ud83d\udca7 A base de agua y estable<\/strong><br data-start=\"466\" data-end=\"469\" \/>Puede a\u00f1adirse en el <strong data-start=\"491\" data-end=\"509\">fase de decepci\u00f3n<\/strong> de las formulaciones de pintura, a diferencia de los silanos convencionales que se degradan f\u00e1cilmente en el agua.<\/p>\n<\/li>\n<li class=\"\" data-start=\"591\" data-end=\"735\">\n<p class=\"\" data-start=\"593\" data-end=\"735\"><strong data-start=\"593\" data-end=\"627\">\ud83d\udcaa Excelente promotor de la adhesi\u00f3n<\/strong><br data-start=\"627\" data-end=\"630\" \/>Proporciona una fuerte adherencia en <strong data-start=\"660\" data-end=\"690\">vidrio, aluminio y metal<\/strong>-sin cebadores adicionales ni pasos complejos.<\/p>\n<\/li>\n<li class=\"\" data-start=\"737\" data-end=\"884\">\n<p class=\"\" data-start=\"739\" data-end=\"884\"><strong data-start=\"739\" data-end=\"774\">\ud83e\uddea Sistema monocomponente (1K)<\/strong><br data-start=\"774\" data-end=\"777\" \/>Sustituye a los sistemas 2K al permitir <strong data-start=\"811\" data-end=\"856\">incorporaci\u00f3n directa a la formulaci\u00f3n<\/strong>simplificando la fabricaci\u00f3n.<\/p>\n<\/li>\n<li class=\"\" data-start=\"886\" data-end=\"985\">\n<p class=\"\" data-start=\"888\" data-end=\"985\"><strong data-start=\"888\" data-end=\"910\">\ud83e\uddf7 Larga vida \u00fatil<\/strong><br data-start=\"910\" data-end=\"913\" \/>Excelente <strong data-start=\"925\" data-end=\"946\">estabilidad de almacenamiento<\/strong>incluso despu\u00e9s de una semana de haber sido premezclado.<\/p>\n<\/li>\n<li class=\"\" data-start=\"987\" data-end=\"1142\">\n<p class=\"\" data-start=\"989\" data-end=\"1142\"><strong data-start=\"989\" data-end=\"1023\">\ud83d\udd25 Gran resistencia al agua caliente<\/strong><br data-start=\"1023\" data-end=\"1026\" \/>Resiste <strong data-start=\"1039\" data-end=\"1077\">M\u00e1s de 320 minutos de vaporizaci\u00f3n con agua caliente<\/strong> sin deslaminaci\u00f3n (frente a los 120 minutos de la competencia)*.<\/p>\n<\/li>\n<\/ul>\n<hr class=\"\" data-start=\"1144\" data-end=\"1147\" \/>\n<h3 class=\"\" data-start=\"1149\" data-end=\"1179\">\ud83e\uddea <strong data-start=\"1156\" data-end=\"1179\">Resumen de resultados*<\/strong><\/h3>\n<div class=\"overflow-x-auto contain-inline-size\">\n<table data-start=\"1181\" data-end=\"1504\">\n<thead data-start=\"1181\" data-end=\"1229\">\n<tr data-start=\"1181\" data-end=\"1229\">\n<th data-start=\"1181\" data-end=\"1192\"><strong data-start=\"1183\" data-end=\"1191\">Prueba<\/strong><\/th>\n<th data-start=\"1192\" data-end=\"1214\"><strong data-start=\"1194\" data-end=\"1213\">Con Aquasil 20<\/strong><\/th>\n<th data-start=\"1214\" data-end=\"1229\"><strong data-start=\"1216\" data-end=\"1227\">Sin<\/strong><\/th>\n<\/tr>\n<\/thead>\n<tbody data-start=\"1279\" data-end=\"1504\">\n<tr data-start=\"1279\" data-end=\"1340\">\n<td>Adherencia sobre vidrio\/alu\/acero<\/td>\n<td>GT 0-1 (excelente)<\/td>\n<td>GT 1-2<\/td>\n<\/tr>\n<tr data-start=\"1341\" data-end=\"1391\">\n<td>Resistencia al vapor de agua (\u00bfdelaminaci\u00f3n?)<\/td>\n<td>Sin deslaminaci\u00f3n<\/td>\n<td>S\u00ed<\/td>\n<\/tr>\n<tr data-start=\"1392\" data-end=\"1443\">\n<td>Durabilidad tras la cocci\u00f3n al vapor<\/td>\n<td>320+ min<\/td>\n<td>~120 min<\/td>\n<\/tr>\n<tr data-start=\"1444\" data-end=\"1504\">\n<td>Jab\u00f3n, agua, exposici\u00f3n a la crema de manos<\/td>\n<td>Aprobado<\/td>\n<td>A menudo fallido<\/td>\n<\/tr>\n<\/tbody>\n<\/table>\n<\/div>\n<hr class=\"\" data-start=\"1506\" data-end=\"1509\" \/>\n<h3 class=\"\" data-start=\"1511\" data-end=\"1534\">\ud83e\uddf0 <strong data-start=\"1518\" data-end=\"1534\">Aplicaciones<\/strong><\/h3>\n<ul data-start=\"1536\" data-end=\"1657\">\n<li class=\"\" data-start=\"1536\" data-end=\"1584\">\n<p class=\"\" data-start=\"1538\" data-end=\"1584\">Revestimientos industriales y decorativos al agua<\/p>\n<\/li>\n<li class=\"\" data-start=\"1585\" data-end=\"1611\">\n<p class=\"\" data-start=\"1587\" data-end=\"1611\">Revestimientos de vidrio y metal<\/p>\n<\/li>\n<li class=\"\" data-start=\"1612\" data-end=\"1657\">\n<p class=\"\" data-start=\"1614\" data-end=\"1657\">Revestimientos de baldosas... \u00a1y mucho m\u00e1s!<\/p>\n<\/li>\n<\/ul>\n<hr class=\"\" data-start=\"1659\" data-end=\"1662\" \/>\n<h3 class=\"\" data-start=\"1664\" data-end=\"1693\">\u2705 <strong data-start=\"1670\" data-end=\"1693\">\u00bfPor qu\u00e9 utilizar Aquasil 20?<\/strong><\/h3>\n<ul data-start=\"1695\" data-end=\"1973\">\n<li class=\"\" data-start=\"1695\" data-end=\"1766\">\n<p class=\"\" data-start=\"1697\" data-end=\"1766\"><strong data-start=\"1697\" data-end=\"1723\">Simplifica la formulaci\u00f3n<\/strong><br data-start=\"1723\" data-end=\"1726\" \/>Sin prehidr\u00f3lisis, sin agentes de acoplamiento.<\/p>\n<\/li>\n<li class=\"\" data-start=\"1768\" data-end=\"1874\">\n<p class=\"\" data-start=\"1770\" data-end=\"1874\"><strong data-start=\"1770\" data-end=\"1801\">Reduce costes y complejidad<\/strong><br data-start=\"1801\" data-end=\"1804\" \/>Elimina la necesidad de sistemas de dos componentes y reduce el riesgo de fallos.<\/p>\n<\/li>\n<li class=\"\" data-start=\"1876\" data-end=\"1973\">\n<p class=\"\" data-start=\"1878\" data-end=\"1973\"><strong data-start=\"1878\" data-end=\"1910\">Aumenta el rendimiento de forma natural<\/strong><br data-start=\"1910\" data-end=\"1913\" \/>Adherencia m\u00e1s fuerte y duradera con menos complicaciones qu\u00edmicas.<\/p>\n<p>*estos datos fueron generados en una prueba y no representan una garant\u00eda para todas las aplicaciones. Cons\u00faltenos para realizar pruebas con su material.<\/li>\n<\/ul>\n<\/div><\/section><\/div><\/p>\n<div  class='avia-button-wrap av-7goxn-e5d30b36ddba6c15760f2d3b0b8b368c-wrap avia-button-center  avia-builder-el-9  el_after_av_one_full  el_before_av_one_half'><a href='https:\/\/nasotic.com\/es\/contact\/'  class='avia-button av-7goxn-e5d30b36ddba6c15760f2d3b0b8b368c av-link-btn avia-icon_select-no avia-size-small avia-position-center avia-color-theme-color'   aria-label=\"Contacte con nosotros\"><span class='avia_iconbox_title' >Contacte con nosotros<\/span><\/a><\/div>\n<div  class='flex_column av-av_one_half-2d22dc0500e159f2b39fe7a147caf14c av_one_half  avia-builder-el-10  el_after_av_button  avia-builder-el-last  first flex_column_div'     ><\/div>","protected":false},"excerpt":{"rendered":"","protected":false},"author":1,"featured_media":0,"parent":0,"menu_order":0,"comment_status":"closed","ping_status":"closed","template":"","meta":{"footnotes":""},"class_list":["post-123","page","type-page","status-publish","hentry"],"_links":{"self":[{"href":"https:\/\/nasotic.com\/es\/wp-json\/wp\/v2\/pages\/123","targetHints":{"allow":["GET"]}}],"collection":[{"href":"https:\/\/nasotic.com\/es\/wp-json\/wp\/v2\/pages"}],"about":[{"href":"https:\/\/nasotic.com\/es\/wp-json\/wp\/v2\/types\/page"}],"author":[{"embeddable":true,"href":"https:\/\/nasotic.com\/es\/wp-json\/wp\/v2\/users\/1"}],"replies":[{"embeddable":true,"href":"https:\/\/nasotic.com\/es\/wp-json\/wp\/v2\/comments?post=123"}],"version-history":[{"count":13,"href":"https:\/\/nasotic.com\/es\/wp-json\/wp\/v2\/pages\/123\/revisions"}],"predecessor-version":[{"id":291,"href":"https:\/\/nasotic.com\/es\/wp-json\/wp\/v2\/pages\/123\/revisions\/291"}],"wp:attachment":[{"href":"https:\/\/nasotic.com\/es\/wp-json\/wp\/v2\/media?parent=123"}],"curies":[{"name":"wp","href":"https:\/\/api.w.org\/{rel}","templated":true}]}}