{"id":120,"date":"2025-03-05T21:54:25","date_gmt":"2025-03-05T21:54:25","guid":{"rendered":"https:\/\/nasotic.com\/?page_id=120"},"modified":"2025-04-02T19:18:32","modified_gmt":"2025-04-02T19:18:32","slug":"graphyshield-g","status":"publish","type":"page","link":"https:\/\/nasotic.com\/es\/graphyshield-g\/","title":{"rendered":"Graphyshield G+ Aditivo anticorrosi\u00f3n"},"content":{"rendered":"<div  class='flex_column av-fw968-de1172d1a8110fb8f7a6ea6cad75d094 av_one_half  avia-builder-el-0  el_before_av_one_half  avia-builder-el-first  first flex_column_div'     ><p>\n<style type=\"text\/css\" data-created_by=\"avia_inline_auto\" id=\"style-css-av-m7wfz1cn-ea2f2f37e45605c3006cf595df5183a5\">\n.avia-image-container.av-m7wfz1cn-ea2f2f37e45605c3006cf595df5183a5 img.avia_image{\nbox-shadow:none;\n}\n.avia-image-container.av-m7wfz1cn-ea2f2f37e45605c3006cf595df5183a5 .av-image-caption-overlay-center{\ncolor:#ffffff;\n}\n<\/style>\n<div  class='avia-image-container av-m7wfz1cn-ea2f2f37e45605c3006cf595df5183a5 av-styling- avia-align-center  avia-builder-el-1  el_before_av_textblock  avia-builder-el-first'   itemprop=\"image\" itemscope=\"itemscope\" itemtype=\"https:\/\/schema.org\/ImageObject\" ><div class=\"avia-image-container-inner\"><div class=\"avia-image-overlay-wrap\"><img decoding=\"async\" fetchpriority=\"high\" class='wp-image-121 avia-img-lazy-loading-not-121 avia_image' src=\"https:\/\/nasotic.com\/wp-content\/uploads\/2025\/03\/Graphyshield-G-300x285.png\" alt='' title='Graphyshield-G'  height=\"285\" width=\"300\"  itemprop=\"thumbnailUrl\" srcset=\"https:\/\/nasotic.com\/wp-content\/uploads\/2025\/03\/Graphyshield-G-300x285.png 300w, https:\/\/nasotic.com\/wp-content\/uploads\/2025\/03\/Graphyshield-G-600x571.png 600w, https:\/\/nasotic.com\/wp-content\/uploads\/2025\/03\/Graphyshield-G-705x671.png 705w, https:\/\/nasotic.com\/wp-content\/uploads\/2025\/03\/Graphyshield-G.png 736w\" sizes=\"(max-width: 300px) 100vw, 300px\" \/><\/div><\/div><\/div><br \/>\n<section  class='av_textblock_section av-m7wfza7g-502aa035240aea785092c376c5e5aac3'   itemscope=\"itemscope\" itemtype=\"https:\/\/schema.org\/CreativeWork\" ><div class='avia_textblock'  itemprop=\"text\" ><p>Graphyshield G+ para aumentar las prestaciones anticorrosi\u00f3n de su sistema de revestimiento al agua.<\/p>\n<\/div><\/section><\/p><\/div>\n<div  class='flex_column av-brzzc-7a2311237128968c60e6e029e75c6471 av_one_half  avia-builder-el-3  el_after_av_one_half  el_before_av_one_full  flex_column_div'     ><section  class='av_textblock_section av-m7wfzqna-5bee73bc27f8fa0019f4fe4d9c37e919'   itemscope=\"itemscope\" itemtype=\"https:\/\/schema.org\/CreativeWork\" ><div class='avia_textblock'  itemprop=\"text\" ><h3 class=\"\" data-start=\"142\" data-end=\"221\">\u26a1 <strong data-start=\"148\" data-end=\"221\">Graphyshield G+ - Aditivo anticorrosi\u00f3n e ign\u00edfugo de \u00faltima generaci\u00f3n<\/strong><\/h3>\n<p class=\"\" data-start=\"223\" data-end=\"571\"><strong data-start=\"223\" data-end=\"243\">Escudo gr\u00e1fico G<\/strong>\u00a0es un <strong data-start=\"249\" data-end=\"294\">aditivo semiacabado mejorado con grafeno<\/strong> desarrollado por <strong data-start=\"308\" data-end=\"332\">Pigmentsolution GmbH<\/strong>en colaboraci\u00f3n con <strong data-start=\"356\" data-end=\"372\">Directa Plus<\/strong>l\u00edder mundial en la producci\u00f3n de grafeno. Est\u00e1 dise\u00f1ado para <strong data-start=\"427\" data-end=\"460\">aumentar el rendimiento de los revestimientos<\/strong>especialmente <strong data-start=\"473\" data-end=\"523\">aplicaciones anticorrosi\u00f3n e ign\u00edfugas<\/strong>-con la sencillez y la sostenibilidad como ejes.<\/p>\n<p>\u00bfDesea una presentaci\u00f3n o una muestra de producto? P\u00f3ngase en contacto con nosotros<\/p>\n<\/div><\/section><br \/>\n<div  class='avia-button-wrap av-h0vd4-b12ba4726cc05639485d34fa396a7a0c-wrap avia-button-center  avia-builder-el-5  el_after_av_textblock  avia-builder-el-last'><a href='https:\/\/nasotic.com\/es\/contact\/'  class='avia-button av-h0vd4-b12ba4726cc05639485d34fa396a7a0c av-link-btn avia-icon_select-no avia-size-small avia-position-center avia-color-theme-color'   aria-label=\"Contacte con nosotros\"><span class='avia_iconbox_title' >Contacte con nosotros<\/span><\/a><\/div><\/p><\/div><div  class='flex_column av-aqg4o-1fb1f8360bdbd4dfb656f6d4235cd158 av_one_full  avia-builder-el-6  el_after_av_one_half  el_before_av_button  first flex_column_div  column-top-margin'     ><section  class='av_textblock_section av-m908coxt-ef0a57060b14aad8c654f6f49bcf8d26'   itemscope=\"itemscope\" itemtype=\"https:\/\/schema.org\/CreativeWork\" ><div class='avia_textblock'  itemprop=\"text\" ><h3 data-start=\"142\" data-end=\"221\"><\/h3>\n<p class=\"\" data-start=\"223\" data-end=\"571\">\n<h3 class=\"\" data-start=\"578\" data-end=\"611\">\ud83e\uddec <strong data-start=\"585\" data-end=\"611\">\u00bfQu\u00e9 lo hace especial?<\/strong><\/h3>\n<ul data-start=\"613\" data-end=\"1101\">\n<li class=\"\" data-start=\"613\" data-end=\"780\">\n<p class=\"\" data-start=\"615\" data-end=\"780\"><strong data-start=\"615\" data-end=\"669\">\ud83d\udca1 Basado en nanoplaquetas de grafeno (GNP) pr\u00edstinas.<\/strong><br data-start=\"669\" data-end=\"672\" \/>Producido a trav\u00e9s de un <strong data-start=\"693\" data-end=\"749\">proceso patentado de exfoliaci\u00f3n f\u00edsica sin disolventes<\/strong>-sin \u00e1cidos, sin subproductos t\u00f3xicos.<\/p>\n<\/li>\n<li class=\"\" data-start=\"782\" data-end=\"952\">\n<p class=\"\" data-start=\"784\" data-end=\"952\"><strong data-start=\"784\" data-end=\"815\">\ud83d\udee1\ufe0f Efecto barrera incorporado<\/strong><br data-start=\"815\" data-end=\"818\" \/>Los PNB forman un <strong data-start=\"832\" data-end=\"861\">escudo herm\u00e9tico e impermeable<\/strong> que impide que el agua, el ox\u00edgeno, las sales y los agentes corrosivos penetren en la capa de revestimiento.<\/p>\n<\/li>\n<li class=\"\" data-start=\"954\" data-end=\"1101\">\n<p class=\"\" data-start=\"956\" data-end=\"1101\"><strong data-start=\"956\" data-end=\"979\">\ud83d\udd25 Ignifugaci\u00f3n<\/strong><br data-start=\"979\" data-end=\"982\" \/>Aumenta de forma natural la resistencia a las llamas y al calor. <strong data-start=\"1043\" data-end=\"1100\">edificios p\u00fablicos, transporte y equipamiento industrial<\/strong>.<\/p>\n<\/li>\n<\/ul>\n<hr class=\"\" data-start=\"1103\" data-end=\"1106\" \/>\n<h3 class=\"\" data-start=\"1108\" data-end=\"1136\">\ud83e\uddea <strong data-start=\"1115\" data-end=\"1136\">Ventajas \u00fanicas<\/strong><\/h3>\n<div class=\"overflow-x-auto contain-inline-size\">\n<table data-start=\"1138\" data-end=\"1579\">\n<thead data-start=\"1138\" data-end=\"1168\">\n<tr data-start=\"1138\" data-end=\"1168\">\n<th data-start=\"1138\" data-end=\"1148\">Caracter\u00edstica<\/th>\n<th data-start=\"1148\" data-end=\"1168\">Escudo gr\u00e1fico G<\/th>\n<\/tr>\n<\/thead>\n<tbody data-start=\"1199\" data-end=\"1579\">\n<tr data-start=\"1199\" data-end=\"1262\">\n<td><strong data-start=\"1201\" data-end=\"1223\">No es necesario afilar<\/strong><\/td>\n<td>S\u00ed - sin molienda, f\u00e1cil manejo<\/td>\n<\/tr>\n<tr data-start=\"1263\" data-end=\"1321\">\n<td><strong data-start=\"1265\" data-end=\"1295\">Compatible con agua y disolventes<\/strong><\/td>\n<td>Uso universal tanto en<\/td>\n<\/tr>\n<tr data-start=\"1322\" data-end=\"1383\">\n<td><strong data-start=\"1324\" data-end=\"1343\">Alta dispersi\u00f3n<\/strong><\/td>\n<td>Se consigue s\u00f3lo con una mezcla de bajo cizallamiento<\/td>\n<\/tr>\n<tr data-start=\"1384\" data-end=\"1437\">\n<td><strong data-start=\"1386\" data-end=\"1399\">No t\u00f3xico<\/strong><\/td>\n<td>Verificado mediante m\u00e1s de 40 pruebas de seguridad<\/td>\n<\/tr>\n<tr data-start=\"1438\" data-end=\"1502\">\n<td><strong data-start=\"1440\" data-end=\"1456\">Ecol\u00f3gico<\/strong><\/td>\n<td>Cero residuos, sin HAP, proceso sostenible<\/td>\n<\/tr>\n<tr data-start=\"1503\" data-end=\"1579\">\n<td><strong data-start=\"1505\" data-end=\"1534\">Sin riesgo de nanopart\u00edculas<\/strong><\/td>\n<td>El tama\u00f1o lateral es de micras, no de nanoesferas<\/td>\n<\/tr>\n<\/tbody>\n<\/table>\n<\/div>\n<hr class=\"\" data-start=\"1581\" data-end=\"1584\" \/>\n<h3 class=\"\" data-start=\"1586\" data-end=\"1614\">\ud83e\uddf0 <strong data-start=\"1593\" data-end=\"1614\">\u00c1mbitos de aplicaci\u00f3n<\/strong><\/h3>\n<ul data-start=\"1616\" data-end=\"1843\">\n<li class=\"\" data-start=\"1616\" data-end=\"1679\">\n<p class=\"\" data-start=\"1618\" data-end=\"1679\"><strong data-start=\"1618\" data-end=\"1645\">Revestimientos anticorrosi\u00f3n<\/strong> (construcci\u00f3n, petroqu\u00edmica, marina)<\/p>\n<\/li>\n<li class=\"\" data-start=\"1680\" data-end=\"1742\">\n<p class=\"\" data-start=\"1682\" data-end=\"1742\"><strong data-start=\"1682\" data-end=\"1707\">Pinturas ign\u00edfugas<\/strong> (infraestructuras p\u00fablicas, aeroespacial)<\/p>\n<\/li>\n<li class=\"\" data-start=\"1743\" data-end=\"1779\">\n<p class=\"\" data-start=\"1745\" data-end=\"1779\"><strong data-start=\"1745\" data-end=\"1779\">Revestimientos directos sobre metal (DTM)<\/strong><\/p>\n<\/li>\n<li class=\"\" data-start=\"1780\" data-end=\"1843\">\n<p class=\"\" data-start=\"1782\" data-end=\"1843\"><strong data-start=\"1782\" data-end=\"1820\">Recubrimientos protectores y funcionales<\/strong> para entornos dif\u00edciles<\/p>\n<\/li>\n<\/ul>\n<hr class=\"\" data-start=\"1845\" data-end=\"1848\" \/>\n<h3 class=\"\" data-start=\"1850\" data-end=\"1875\">\ud83d\udcca <strong data-start=\"1857\" data-end=\"1875\">Resultados probados<\/strong><\/h3>\n<ul data-start=\"1877\" data-end=\"2157\">\n<li class=\"\" data-start=\"1877\" data-end=\"1948\">\n<p class=\"\" data-start=\"1879\" data-end=\"1948\"><strong data-start=\"1879\" data-end=\"1909\">Mejora de la dureza del p\u00e9ndulo<\/strong>resistencia al agua y a la intemperie QUV.<\/p>\n<\/li>\n<li class=\"\" data-start=\"1949\" data-end=\"2075\">\n<p class=\"\" data-start=\"1951\" data-end=\"2075\">Con <strong data-start=\"1956\" data-end=\"1973\">Dosificaci\u00f3n ~0,25%<\/strong>mejora dr\u00e1sticamente la resistencia a la corrosi\u00f3n. <strong data-start=\"2033\" data-end=\"2047\">niebla salina<\/strong> y <strong data-start=\"2052\" data-end=\"2068\">condensaci\u00f3n<\/strong> pruebas.<\/p>\n<\/li>\n<li class=\"\" data-start=\"2076\" data-end=\"2157\">\n<p class=\"\" data-start=\"2078\" data-end=\"2157\">Estable en varios <strong data-start=\"2100\" data-end=\"2117\">sistemas de resina<\/strong> (Synthalat, Liocryl, Alberdingk, etc.).<\/p>\n<\/li>\n<\/ul>\n<hr class=\"\" data-start=\"2159\" data-end=\"2162\" \/>\n<h3 class=\"\" data-start=\"2164\" data-end=\"2188\">\u2699\ufe0f <strong data-start=\"2171\" data-end=\"2188\">C\u00f3mo utilizarlo<\/strong><\/h3>\n<ul data-start=\"2190\" data-end=\"2425\">\n<li class=\"\" data-start=\"2190\" data-end=\"2287\">\n<p class=\"\" data-start=\"2192\" data-end=\"2287\">Entregado como <strong data-start=\"2207\" data-end=\"2240\">preparaci\u00f3n de pigmentos sin polvo<\/strong>-simplemente remu\u00e9valo en su base (sin paso de dispersi\u00f3n).<\/p>\n<\/li>\n<li class=\"\" data-start=\"2288\" data-end=\"2358\">\n<p class=\"\" data-start=\"2290\" data-end=\"2358\">A\u00f1adir en el <strong data-start=\"2301\" data-end=\"2332\">molino de base o de bajada<\/strong>seg\u00fan el sistema.<\/p>\n<\/li>\n<li class=\"\" data-start=\"2359\" data-end=\"2425\">\n<p class=\"\" data-start=\"2361\" data-end=\"2425\">Dosis t\u00edpica: <strong data-start=\"2377\" data-end=\"2390\">0,25-3,0%<\/strong> en funci\u00f3n del rendimiento requerido.<\/p>\n<\/li>\n<\/ul>\n<hr class=\"\" data-start=\"2427\" data-end=\"2430\" \/>\n<h3 class=\"\" data-start=\"2432\" data-end=\"2470\">\u2705 <strong data-start=\"2438\" data-end=\"2470\">\u00bfPor qu\u00e9 elegir Graphyshield G+?<\/strong><\/h3>\n<ul data-start=\"2472\" data-end=\"2684\">\n<li class=\"\" data-start=\"2472\" data-end=\"2545\">\n<p class=\"\" data-start=\"2474\" data-end=\"2545\"><strong data-start=\"2474\" data-end=\"2493\">Actualizaci\u00f3n directa<\/strong> para los fabricantes de pintura: no es necesario cambiar los equipos.<\/p>\n<\/li>\n<li class=\"\" data-start=\"2546\" data-end=\"2622\">\n<p class=\"\" data-start=\"2548\" data-end=\"2622\"><strong data-start=\"2548\" data-end=\"2576\">Superioridad medioambiental<\/strong> a \u00f3xido de grafeno o CNT (nanotubos de carbono).<\/p>\n<\/li>\n<li class=\"\" data-start=\"2623\" data-end=\"2684\">\n<p class=\"\" data-start=\"2625\" data-end=\"2684\"><strong data-start=\"2625\" data-end=\"2651\">Rendimiento constante<\/strong> con m\u00ednimos retoques en la formulaci\u00f3n.<\/p>\n<\/li>\n<\/ul>\n<\/div><\/section><\/div><div  class='avia-button-wrap av-77740-df06c8e15f58e6ccea110599078a23b5-wrap avia-button-center  avia-builder-el-8  el_after_av_one_full  avia-builder-el-last'><a href='https:\/\/nasotic.com\/es\/contact\/'  class='avia-button av-77740-df06c8e15f58e6ccea110599078a23b5 av-link-btn avia-icon_select-no avia-size-small avia-position-center avia-color-theme-color'   aria-label=\"Contacte con nosotros\"><span class='avia_iconbox_title' >Contacte con nosotros<\/span><\/a><\/div><\/p>","protected":false},"excerpt":{"rendered":"","protected":false},"author":1,"featured_media":0,"parent":0,"menu_order":0,"comment_status":"closed","ping_status":"closed","template":"","meta":{"footnotes":""},"class_list":["post-120","page","type-page","status-publish","hentry"],"_links":{"self":[{"href":"https:\/\/nasotic.com\/es\/wp-json\/wp\/v2\/pages\/120","targetHints":{"allow":["GET"]}}],"collection":[{"href":"https:\/\/nasotic.com\/es\/wp-json\/wp\/v2\/pages"}],"about":[{"href":"https:\/\/nasotic.com\/es\/wp-json\/wp\/v2\/types\/page"}],"author":[{"embeddable":true,"href":"https:\/\/nasotic.com\/es\/wp-json\/wp\/v2\/users\/1"}],"replies":[{"embeddable":true,"href":"https:\/\/nasotic.com\/es\/wp-json\/wp\/v2\/comments?post=120"}],"version-history":[{"count":7,"href":"https:\/\/nasotic.com\/es\/wp-json\/wp\/v2\/pages\/120\/revisions"}],"predecessor-version":[{"id":212,"href":"https:\/\/nasotic.com\/es\/wp-json\/wp\/v2\/pages\/120\/revisions\/212"}],"wp:attachment":[{"href":"https:\/\/nasotic.com\/es\/wp-json\/wp\/v2\/media?parent=120"}],"curies":[{"name":"wp","href":"https:\/\/api.w.org\/{rel}","templated":true}]}}